{"id":120,"date":"2020-12-18T13:02:27","date_gmt":"2020-12-18T16:02:27","guid":{"rendered":"http:\/\/acessopontotech.com.br\/index.php\/product\/import-placeholder-for-636\/"},"modified":"2020-12-18T13:02:43","modified_gmt":"2020-12-18T16:02:43","slug":"controle-de-acesso-painel-card","status":"publish","type":"product","link":"https:\/\/acessopontotech.com.br\/index.php\/product\/controle-de-acesso-painel-card\/","title":{"rendered":"CONTROLE DE ACESSO &#8211; PAINEL CARD +"},"content":{"rendered":"<h2><span style=\"font-size: 23.04px;\">Caracter\u00edsticas<\/span><\/h2>\n<div class=\"std\">\n<div id=\"area-prod\">\n<div class=\"bread-trans\"><img decoding=\"async\" src=\"http:\/\/henry.com.br\/pt\/imagens\/area-fin02.jpg\" alt=\"\" border=\"0\" \/><span style=\"color: #555555; font-size: 14.4px;\">Desenvolvido com tecnologia 7x.<\/span><\/div>\n<\/div>\n<div id=\"lista-caract-prod\">\n<p>Estrutura em a\u00e7o com pintura ep\u00f3xi e tratamento anticorrosivo.<br \/>\nPossui estrutura compacta e resistente com design moderno e leds frontais para confirma\u00e7\u00e3o de registro e indica\u00e7\u00e3o de acesso negado.<br \/>\nInterface intuitiva e de f\u00e1cil utiliza\u00e7\u00e3o.<br \/>\nCont\u00e9m encaixes r\u00e1pidos e simples, facilitando sua instala\u00e7\u00e3o.<br \/>\nPor padr\u00e3o possui um leitor de proximidade interno, podendo vir com um segundo leitor externo.<br \/>\nSuporta v\u00e1rias op\u00e7\u00f5es para o controle de acesso facilitando a sua utiliza\u00e7\u00e3o em locais com acesso restrito.<br \/>\nOs dados s\u00e3o gravados em um cartucho USB, com mem\u00f3ria n\u00e3o vol\u00e1til e duas op\u00e7\u00f5es de capacidade de armazenamento.<br \/>\nA mem\u00f3ria interna pode ser formatada, podendo-se definir o espa\u00e7o que cada recurso ir\u00e1 ocupar, moldando-se completamente a necessidade do cliente.<br \/>\nMem\u00f3ria expans\u00edvel que pode armazenar at\u00e9 65.000 registros.<br \/>\nPossui os recursos de Lista de acesso, Fun\u00e7\u00f5es, Feriados, Mensagens espec\u00edficas, Hor\u00e1rios de acionamento de Sirene, Tabelas de hor\u00e1rios e escalas.<br \/>\nA lista de acesso pode ser configurada para gerenciamento de matr\u00edculas espec\u00edficas, usando crit\u00e9rios como hor\u00e1rios de acesso, per\u00edodos de bloqueio e escalas.<br \/>\nDisposi\u00e7\u00e3o para liga\u00e7\u00e3o de at\u00e9 3 acionamentos distintos.<br \/>\nConfigura\u00e7\u00e3o de hor\u00e1rios para acionamento de sirene, indicando o in\u00edcio e o t\u00e9rmino de turnos, entre outras indica\u00e7\u00f5es.<br \/>\nAtualiza\u00e7\u00e3o do firmware (programa residente na placa do equipamento) em campo via software.<br \/>\nTrabalha com v\u00e1rios tipos de comunica\u00e7\u00e3o, tornando-se um equipamento mold\u00e1vel \u00e0 necessidade do cliente e adapt\u00e1vel ao ambiente.<br \/>\nPode trabalhar com comunica\u00e7\u00e3o direta com um computador (Online), StandAlone (Offline) ou intercambiar entre os dois modos caso seja necess\u00e1rio.<br \/>\nRecurso de Anti-PassBack para funcionamento Online e Offline.<br \/>\nPossui calend\u00e1rio perp\u00e9tuo, com op\u00e7\u00e3o de configura\u00e7\u00e3o do hor\u00e1rio de ver\u00e3o.<br \/>\nCont\u00e9m menu interno de configura\u00e7\u00f5es, com op\u00e7\u00e3o de senha de acesso de 5 d\u00edgitos.<br \/>\nO equipamento tem a pr\u00e9-disposi\u00e7\u00e3o para a instala\u00e7\u00e3o de 2 leitoras, podendo ser expandido conforme a aplica\u00e7\u00e3o.<br \/>\nConfigura\u00e7\u00e3o de aviso sonoro ao utilizar o teclado.<br \/>\nAviso no display de quando a mem\u00f3ria de registros est\u00e1 50% e 100% ocupada.<br \/>\nSoftware de configura\u00e7\u00e3o fornecido gratuitamente (Henry Configura\u00e7\u00f5es 7x).<\/p>\n<\/div>\n<div id=\"area-prod\">\n<div class=\"area-prod02\">\n<h2 class=\"bread\">Especifica\u00e7\u00f5es T\u00e9cnicas<\/h2>\n<\/div>\n<p class=\"bread-trans\"><strong>Operacional<img decoding=\"async\" src=\"http:\/\/henry.com.br\/pt\/imagens\/area-fin02.jpg\" alt=\"\" border=\"0\" \/><\/strong><\/p>\n<p class=\"bread-trans\"><span class=\"style3\" style=\"font-size: 14.4px;\">Armazenamento de dados:<\/span><span class=\"Apple-converted-space\" style=\"font-size: 14.4px;\">\u00a0<\/span><span style=\"font-size: 14.4px;\">Cartucho USB de 2M ou 8M, essa op\u00e7\u00e3o de armazenamento possui grande robustez contra perda de dados e mant\u00e9m as informa\u00e7\u00f5es mesmo no caso do desligamento total do equipamento.\u00a0 O tempo de reten\u00e7\u00e3o dos dados maior que 200 anos.<\/span><\/p>\n<\/div>\n<div id=\"lista-caract-prod\">\n<p align=\"justify\"><span class=\"style6\"><strong>Quantidade de registros:<\/strong><\/span><span class=\"Apple-converted-space\">\u00a0<\/span>Capacidade para 13.000 registros(1)(2), expans\u00edvel para at\u00e9 50.000 registros(1)(3).<br \/>\n<span class=\"style3\">Gerenciamento de mem\u00f3ria:<span class=\"Apple-converted-space\">\u00a0<\/span><\/span>Permite formata\u00e7\u00e3o da mem\u00f3ria para aumentar ou diminuir o n\u00famero de fun\u00e7\u00f5es, feriados, hor\u00e1rios de sirene, lista de acesso, tabelas de hor\u00e1rio dos usu\u00e1rios e mensagens espec\u00edficas (armazena at\u00e9 1500 mensagens(1)(5)). A quantidade de cada recurso \u00e9 configurada via software.<br \/>\n<span class=\"style3\">Recupera\u00e7\u00e3o de registros:<span class=\"Apple-converted-space\">\u00a0<\/span><\/span>Os registros podem ser recuperados mesmo ap\u00f3s uma coleta.<br \/>\n<span class=\"style3\">Modos de comunica\u00e7\u00e3o:<\/span><span class=\"Apple-converted-space\">\u00a0<\/span>Trabalha com 4 modos diferentes de comunica\u00e7\u00e3o, podendo ser Online (tempo real), Offline, OnOff e OnOff + Controle de Acesso.<br \/>\n<span class=\"style3\">Tipos de Comunica\u00e7\u00e3o:<\/span><span class=\"Apple-converted-space\">\u00a0<\/span>Serial RS232 e RS485 nativos na placa. Com op\u00e7\u00e3o de utilizar comunica\u00e7\u00e3o atrav\u00e9s de TCP\/IP nativo ou Modem externo, GSM (celular), Wi-Fi (rede sem fio) ou USB.<br \/>\n<strong><span class=\"style6\">Velocidade de comunica\u00e7\u00e3o (Serial RS232 e Serial RS485):<\/span>\u00a0<\/strong><span class=\"Apple-converted-space\">\u00a0<\/span>9.600bps, 19.200bps, 57.600bps e 115.200bps (4 velocidades distintas).<br \/>\n<span class=\"style3\">Teclado:<\/span><span class=\"Apple-converted-space\">\u00a0<\/span>16 teclas sendo 10 num\u00e9ricas e 6 teclas adicionais de fun\u00e7\u00e3o.<br \/>\n<span class=\"style3\">Display:<\/span><span class=\"Apple-converted-space\">\u00a0<\/span>Cristal l\u00edquido (LCD) 16 caracteres x 2 linhas com backlight (ilumina\u00e7\u00e3o do display) azul.<br \/>\n<span class=\"style3\">Calend\u00e1rio perp\u00e9tuo:<\/span><span class=\"Apple-converted-space\">\u00a0<\/span>Gerencia a passagem dos dias da semana, meses e anos de modo que a data no equipamento seja sempre v\u00e1lida. O equipamento possui uma bateria de NiCd com capacidade de manter a data e hora correta por 12 meses no caso de desligamento total do mesmo.<br \/>\n<span class=\"style3\">Atualiza\u00e7\u00e3o:<\/span><span class=\"Apple-converted-space\">\u00a0<\/span>Possui a capacidade de atualiza\u00e7\u00e3o do firmware (programa residente na placa) via software, sem a necessidade de remo\u00e7\u00e3o do equipamento do local nem a troca de componentes do equipamento.<br \/>\n<span class=\"style3\">Acionamentos:<\/span><span class=\"Apple-converted-space\">\u00a0<\/span>Possui controle para at\u00e9 tr\u00eas acionamentos distintos, com as op\u00e7\u00f5es de controle de sirene, acionamento somente para entrada, somente para sa\u00edda, entrada e sa\u00edda, pictograma bidirecional e acionamento conforme configura\u00e7\u00e3o de lista de acesso.<br \/>\n<span class=\"style3\">Sinaliza\u00e7\u00e3o visual:<\/span><span class=\"Apple-converted-space\">\u00a0<\/span>Possui dois leds frontais para indica\u00e7\u00e3o vis\u00edvel da confirma\u00e7\u00e3o do registro de acesso e para indica\u00e7\u00e3o do acesso negado.<br \/>\n<span class=\"style3\">Quantidade de d\u00edgitos da matr\u00edcula:<\/span><span class=\"Apple-converted-space\">\u00a0<\/span>O equipamento pode trabalhar com matr\u00edculas de 3 a 20 d\u00edgitos com op\u00e7\u00e3o de detec\u00e7\u00e3o autom\u00e1tica do n\u00famero de d\u00edgitos. Por padr\u00e3o opera com matr\u00edculas de 8 d\u00edgitos, quantidade de d\u00edgitos da leitora de proximidade com sa\u00edda Wiegand 26.<br \/>\n<span class=\"style6\"><strong>Leitor Proximidade:<span class=\"Apple-converted-space\">\u00a0<\/span><\/strong><\/span>Suporta a leitora Henry al\u00e9m de se compat\u00edvel com modelos de outros fabricantes.<br \/>\n<span class=\"style3\">Leitor de c\u00f3digos de barras (opcional):<\/span><span class=\"Apple-converted-space\">\u00a0<\/span>L\u00ea o padr\u00e3o 2de5 intercalado e n\u00e3o intercalado e o padr\u00e3o 3de9.<br \/>\n<span class=\"style3\">Leitor de c\u00f3digos de barras Scanner e Pistola (opcional):<\/span><span class=\"Apple-converted-space\">\u00a0<\/span>Em Wand Emulation para o padr\u00e3o 2de5 intercalado e n\u00e3o intercalado e o padr\u00e3o 3de9.<br \/>\n<span class=\"style3\">Leitor Magn\u00e9tico (opcional):<\/span><span class=\"Apple-converted-space\">\u00a0<\/span>Captura at\u00e9 20 d\u00edgitos no padr\u00e3o ABA-TRACK 2.<br \/>\n<span class=\"style3\">Leitor Mifare (Smart Card Contactless) (opcional):<span class=\"Apple-converted-space\">\u00a0<\/span><\/span>Suporta o padr\u00e3o MIFARE Standard 1K e Plus 4K.<br \/>\n<span class=\"style3\">R\u00e1dio Freq\u00fc\u00eancia (opcional):<span class=\"Apple-converted-space\">\u00a0<\/span><\/span>Tag ativo Henry.<br \/>\n<span class=\"style3\">Sistema interno de monitoramento do circuito:<\/span><span class=\"Apple-converted-space\">\u00a0<\/span>Possui um sistema interno de monitoramento dos n\u00edveis de tens\u00e3o do circuito, sendo ainda supervisionado por Watchdog.<br \/>\n<span class=\"style3\">Anti-PassBack:<\/span>\u00a0 Faz o controle Online e Offline de uma marca\u00e7\u00e3o duplicada (controle de reentrada) e do sentido de passagem do registro.<br \/>\n<span class=\"style6\"><strong>Fun\u00e7\u00f5es:<\/strong>\u00a0<\/span><span class=\"Apple-converted-space\">\u00a0<\/span>Programa\u00e7\u00e3o de at\u00e9 100 fun\u00e7\u00f5es diferentes para controle de acesso e ponto, pode-se utilizar com indicativo do motivo da marca\u00e7\u00e3o do registro.<span class=\"Apple-converted-space\">\u00a0<\/span><br \/>\n<span class=\"style6\"><strong>Fun\u00e7\u00f5es Espec\u00edficas:<\/strong><\/span><span class=\"Apple-converted-space\">\u00a0<\/span>Esse recurso permite a utiliza\u00e7\u00e3o das fun\u00e7\u00f5es para exibi\u00e7\u00e3o de mensagens para matr\u00edculas especificas, sua grande vantagem \u00e9 que para o usu\u00e1rio visualizar a mensagem n\u00e3o \u00e9 necess\u00e1ria a gera\u00e7\u00e3o do registro.<br \/>\n<span class=\"style6\"><strong>Travar fun\u00e7\u00f5es:<span class=\"Apple-converted-space\">\u00a0<\/span><\/strong><\/span>Configura\u00e7\u00e3o de uma fun\u00e7\u00e3o como padr\u00e3o, para que todos os registros realizados no equipamento sejam gravados com a fun\u00e7\u00e3o selecionada, os registros realizados com outras fun\u00e7\u00f5es n\u00e3o ser\u00e3o gravados com a fun\u00e7\u00e3o configurada como padr\u00e3o.<br \/>\n<span class=\"style6\"><strong>Lista de acesso:<\/strong><\/span><span class=\"Apple-converted-space\">\u00a0<\/span>\u00c9 poss\u00edvel programar uma lista de acesso de at\u00e9 10.700 matr\u00edculas(1), permitindo\u2013se configurar nessa lista os usu\u00e1rios que dever\u00e3o ter acesso negado ou liberado no equipamento e a configura\u00e7\u00e3o de tabelas de hor\u00e1rios, escalas e per\u00edodos de bloqueio individuais para os usu\u00e1rios.<br \/>\n<span class=\"style6\"><strong>Lista de Hor\u00e1rios:<\/strong><\/span><span class=\"Apple-converted-space\">\u00a0<\/span>Trabalha com at\u00e9 30.000 hor\u00e1rios diferentes(4).<br \/>\n<span class=\"style6\"><strong>Hor\u00e1rios de sirene:<\/strong><\/span><span class=\"Apple-converted-space\">\u00a0<\/span>Programa\u00e7\u00e3o de at\u00e9 16.000 hor\u00e1rios diferentes.<br \/>\n<span class=\"style6\"><strong>Hor\u00e1rio de ver\u00e3o:<span class=\"Apple-converted-space\">\u00a0<\/span><\/strong><\/span>Program\u00e1vel e que evita a necessidade de fazer ajustes manuais nos dias do in\u00edcio e final do hor\u00e1rio de ver\u00e3o.<br \/>\n<span class=\"style6\"><strong>Mensagens espec\u00edficas:<span class=\"Apple-converted-space\">\u00a0<\/span><\/strong><\/span>As mensagens s\u00e3o totalmente configur\u00e1veis, suportando v\u00e1rias mensagens espec\u00edficas diferentes para os usu\u00e1rios (a quantidade de mensagens varia conforme o gerenciamento feito na mem\u00f3ria).<br \/>\n<span class=\"style6\"><strong>Mensagens padr\u00e3o:<\/strong><\/span><span class=\"Apple-converted-space\">\u00a0<\/span>\u00c9 poss\u00edvel configurar as mensagens que ser\u00e3o exibidas quando os usu\u00e1rios gerarem registros de entrada ou sa\u00edda e quando o equipamento estiver em stand by.<br \/>\n<span class=\"style6\"><strong>Sinaliza\u00e7\u00e3o de mem\u00f3ria:<span class=\"Apple-converted-space\">\u00a0<\/span><\/strong><\/span>Sinaliza o espa\u00e7o utilizado, com 50% e 100% de mem\u00f3ria de registros lotada.<br \/>\n<strong>Menu Interno:<\/strong><span class=\"Apple-converted-space\">\u00a0<\/span>Cont\u00e9m um menu pr\u00f3prio que facilita a configura\u00e7\u00e3o local do equipamento. Pode ser configurada uma senha com 5 d\u00edgitos para o acesso ao menu de configura\u00e7\u00f5es do equipamento.<br \/>\n<span class=\"style6\"><strong>Revista individual:<\/strong><\/span><span class=\"Apple-converted-space\">\u00a0<\/span>O equipamento emite uma mensagem no display e um sinal sonoro para indicar a necessidade de revista do usu\u00e1rio, podendo ser configurada a percentagem de sorteio.<br \/>\n<span class=\"style6\"><strong>Funcionamento em online:<\/strong><\/span><span class=\"Apple-converted-space\">\u00a0<\/span>Quando o equipamento estiver operando em modo online, \u00e9 permitido realizar o cadastro de in\u00fameras escalas, tabelas de hor\u00e1rio e matr\u00edculas para lista de acesso, pois sua quantidade depende da capacidade do servidor onde o software (Henry Configura\u00e7\u00f5es 7x) est\u00e1 operando.<br \/>\n<span class=\"style6\"><strong>Coleta de dados:<\/strong><\/span><span class=\"Apple-converted-space\">\u00a0<\/span>Os registros dos acessos realizados pelos usu\u00e1rios podem ser coletados de 3 formas diferentes, manualmente, automaticamente, assim que os registros s\u00e3o detectados ou coleta agendada (para que esse modo de coleta funcione, o servidor onde o Henry Configura\u00e7\u00f5es 7x se encontra deve estar operando e conectado ao equipamento).<br \/>\n<span class=\"style6\"><strong>Integra\u00e7\u00e3o com softwares de ponto:<\/strong><\/span><span class=\"Apple-converted-space\">\u00a0<\/span>Ap\u00f3s a coleta, o software Henry Configura\u00e7\u00f5es 7x gera um arquivo de texto que pode ser totalmente configurado e posteriormente exportado para qualquer software de gerenciamento de acesso dos usu\u00e1rios.<br \/>\n<span class=\"style6\"><strong>Integra\u00e7\u00e3o do equipamento com outros softwares :<\/strong><\/span><span class=\"Apple-converted-space\">\u00a0<\/span>O equipamento pode ser integrado a qualquer software desenvolvido sobre o SDK para integradores fornecido pela Henry.<\/p>\n<p><strong>(1)<\/strong><span class=\"Apple-converted-space\">\u00a0<\/span>Valores calculados para matr\u00edculas de 8 d\u00edgitos.<br \/>\n<strong>(2)<\/strong><span class=\"Apple-converted-space\">\u00a0<\/span>Cartucho USB de 2M.<br \/>\n<strong>(3)<\/strong><span class=\"Apple-converted-space\">\u00a0<\/span>Cartucho USB de 8M.<br \/>\n<strong>(4)<\/strong><span class=\"Apple-converted-space\">\u00a0<\/span>Combina\u00e7\u00e3o entre os hor\u00e1rios.<br \/>\n<strong>(5)<\/strong><span class=\"Apple-converted-space\">\u00a0<\/span>Valores calculados com mensagens contendo apenas uma matr\u00edcula.<\/p>\n<p align=\"justify\"><strong>El\u00e9trica<\/strong><\/p>\n<p align=\"justify\"><span class=\"style6\"><strong>Fonte Chaveada:<\/strong><\/span><span class=\"Apple-converted-space\">\u00a0<\/span>90 a 265 VAC.<br \/>\n<span class=\"style6\"><strong>Tens\u00e3o de Opera\u00e7\u00e3o:<\/strong><\/span><span class=\"Apple-converted-space\">\u00a0<\/span>12 Volts.<br \/>\n<span class=\"style6\"><strong>Pot\u00eancia m\u00e9dia:<\/strong><\/span><span class=\"Apple-converted-space\">\u00a0<\/span>3,1 W.<br \/>\n<span class=\"style6\"><strong>Consumo m\u00e9dio de corrente:<span class=\"Apple-converted-space\">\u00a0<\/span><\/strong><\/span>260 mA.<br \/>\nN\u00e3o cont\u00e9m No-Break Interno.<\/p>\n<p class=\"int style4\" align=\"justify\"><strong>Ambiente<\/strong><\/p>\n<p align=\"justify\"><span class=\"style3\">Temperatura de Opera\u00e7\u00e3o:<\/span><span class=\"Apple-converted-space\">\u00a0<\/span>&#8211; 15\u00baC a 55\u00baC (sem condensa\u00e7\u00e3o).<br \/>\n<span class=\"style3\">Temperatura para Estocagem:<\/span><span class=\"Apple-converted-space\">\u00a0<\/span>&#8211; 20\u00baC a 60\u00baC.<br \/>\n<span class=\"style3\">Faixa de umidade para funcionamento:<\/span><span class=\"Apple-converted-space\">\u00a0<\/span>0% a 95%.<br \/>\n<span class=\"style3\">N\u00edvel aceit\u00e1vel de luz para funcionamento:<\/span><span class=\"Apple-converted-space\">\u00a0<\/span>3000 lux.<\/p>\n<p align=\"justify\"><strong>Mec\u00e2nica<\/strong><\/p>\n<p align=\"justify\"><span class=\"style3\">Altura:<\/span>17cm.<span class=\"Apple-converted-space\">\u00a0<\/span><br \/>\n<span class=\"style3\">Profundidade:<\/span><span class=\"Apple-converted-space\">\u00a0<\/span>7,3cm.<br \/>\n<span class=\"style3\">Largura da base:<\/span><span class=\"Apple-converted-space\">\u00a0<\/span>16cm.<br \/>\n<span class=\"style3\">Peso:<\/span><span class=\"Apple-converted-space\">\u00a0<\/span>1,9 Kg.<\/p>\n<\/div>\n<\/div>\n","protected":false},"excerpt":{"rendered":"<p><strong><span class=\"Apple-style-span\"><span class=\"style2\">Controle de acesso Card +<\/span><\/span><\/strong><\/p>\n<p>Controle seu estacionamento, ou local com grande fluxo de pessoas, perfeita para acionamento de cancelas e barreiras de entradas e sa\u00eddas.<\/p>\n<p>Controle de Acesso com reconhecimento de cart\u00f5es de proximidade, comunica\u00e7\u00e3o Serial RS232, op\u00e7\u00e3o para TCP\/IP. Possui controle para at\u00e9 tr\u00eas acionamentos distintos, com as op\u00e7\u00f5es de controle de sirene, acionamento somente para entrada, somente para sa\u00edda, entrada e sa\u00edda, pictograma bidirecional e acionamento conforme configura\u00e7\u00e3o de lista de acesso<\/p>\n","protected":false},"featured_media":160,"template":"","meta":{"_joinchat":[]},"product_cat":[20,19],"product_tag":[],"class_list":{"0":"post-120","1":"product","2":"type-product","3":"status-publish","4":"has-post-thumbnail","6":"product_cat-acessorios-controle-de-acesso","7":"product_cat-controle-de-acesso","9":"first","10":"instock","11":"shipping-taxable","12":"purchasable","13":"product-type-simple"},"_links":{"self":[{"href":"https:\/\/acessopontotech.com.br\/index.php\/wp-json\/wp\/v2\/product\/120","targetHints":{"allow":["GET"]}}],"collection":[{"href":"https:\/\/acessopontotech.com.br\/index.php\/wp-json\/wp\/v2\/product"}],"about":[{"href":"https:\/\/acessopontotech.com.br\/index.php\/wp-json\/wp\/v2\/types\/product"}],"version-history":[{"count":0,"href":"https:\/\/acessopontotech.com.br\/index.php\/wp-json\/wp\/v2\/product\/120\/revisions"}],"wp:featuredmedia":[{"embeddable":true,"href":"https:\/\/acessopontotech.com.br\/index.php\/wp-json\/wp\/v2\/media\/160"}],"wp:attachment":[{"href":"https:\/\/acessopontotech.com.br\/index.php\/wp-json\/wp\/v2\/media?parent=120"}],"wp:term":[{"taxonomy":"product_cat","embeddable":true,"href":"https:\/\/acessopontotech.com.br\/index.php\/wp-json\/wp\/v2\/product_cat?post=120"},{"taxonomy":"product_tag","embeddable":true,"href":"https:\/\/acessopontotech.com.br\/index.php\/wp-json\/wp\/v2\/product_tag?post=120"}],"curies":[{"name":"wp","href":"https:\/\/api.w.org\/{rel}","templated":true}]}}