{"id":122,"date":"2020-12-18T13:02:27","date_gmt":"2020-12-18T16:02:27","guid":{"rendered":"http:\/\/acessopontotech.com.br\/index.php\/product\/import-placeholder-for-697\/"},"modified":"2020-12-18T13:02:43","modified_gmt":"2020-12-18T16:02:43","slug":"fecho-i-henry-eletromagnetico","status":"publish","type":"product","link":"https:\/\/acessopontotech.com.br\/index.php\/product\/fecho-i-henry-eletromagnetico\/","title":{"rendered":"FECHO I &#8211; HENRY &#8211; ELETROMAGN\u00c9TICO"},"content":{"rendered":"<p>A seguran\u00e7a s\u00f3 existe, quando voc\u00ea esta seguro.<br \/>\nPensando nisso a Henry desenvolveu o inovador fecho eletromagn\u00e9tico, Fecho i.<br \/>\nAlta resist\u00eancia, baixo consumo por possuir alta efici\u00eancia de magnetiza\u00e7\u00e3o, material de primeira qualidade e um design sofisticado que combina bem com qualquer tipo de ambiente, sendo compat\u00edvel em portas e port\u00f5es (madeira, metal, vidro ou porta a prova de fogo).<\/p>\n<p>Controle o acesso e mantenha seu ambiente seguro seja dentro de uma empresa, condom\u00ednio, consult\u00f3rio ou resid\u00eancia. Muita seguran\u00e7a em um pequeno equipamento.<\/p>\n<p><strong>Caracter\u00edsticas<\/strong><\/p>\n<ul>\n<li>Estrutura em Alum\u00ednio. Material leve, esteticamente e visualmente agrad\u00e1vel, combina com qualquer tipo de ambiente e fachada, sendo sofisticado ou comercial. \u00c9 Resistente, dur\u00e1vel e prolonga a vida \u00fatil do equipamento;<\/li>\n<li>Compatibilidade de instala\u00e7\u00e3o em portas e port\u00f5es (madeira, metal, vidro ou porta \u00e0 prova de fogo);<\/li>\n<li>No caso de portas de metal ou vidro dever\u00e1 ser utilizado juntamente com o Fecho I um suporte espec\u00edfico, composto por a\u00e7o carbono pintado em ep\u00f3xi.<\/li>\n<li>Realiza bloqueio de portas, sendo combin\u00e1vel com qualquer equipamento de controle de acesso Henry;<\/li>\n<li>Os componentes internos s\u00e3o protegidos por resina s\u00f3lida, n\u00e3o sendo passivo de apresentar desgaste, falha ou manuten\u00e7\u00e3o com o uso di\u00e1rio;<\/li>\n<li>O contra fecho cont\u00e9m sistema exclusivo (Open door);<\/li>\n<li>Open door: Auxilia na abertura da porta quando a mesma \u00e9 desmagnetizada, diminuindo o esfor\u00e7o ao abri-la.<\/li>\n<li>O Fecho I j\u00e1 vem completo para instala\u00e7\u00e3o;<\/li>\n<li>Por ser de alum\u00ednio, o produto \u00e9 imune a intemp\u00e9ries (vento forte, chuva torrencial);<\/li>\n<li>Maior resist\u00eancia;<\/li>\n<li>Trabalham energizadas 24h por dia;<\/li>\n<li>Produto 100% silencioso;<\/li>\n<li>Fecho \u00e0 prova de fogo;<\/li>\n<li>Peso 1.0 Kg;<\/li>\n<li>O Fecho I segue em conformidade com os padr\u00f5es da Uni\u00e3o Europeia, possuindo o selo Conformit\u00e9 Europ\u00e9enne (CE);<\/li>\n<li>Produto econ\u00f4mico devido ao baixo consumo el\u00e9trico.<\/li>\n<\/ul>\n<p><strong>El\u00e9trica<\/strong><\/p>\n<p><strong>For\u00e7a de Tra\u00e7\u00e3o:<\/strong>\u00a0180 KGF;<br \/>\n<strong>Tens\u00e3o de Opera\u00e7\u00e3o:\u00a0<\/strong>12 Vdc;<br \/>\n<strong>Consumo m\u00e9dio de corrente:<\/strong>\u00a0300mA.<\/p>\n<p><strong>Ambiente<\/strong><\/p>\n<p><strong>Temperatura de opera\u00e7\u00e3o:<\/strong>\u00a0&#8211; 15 \u00b0C a 55 \u00baC (sem condensa\u00e7\u00e3o);<br \/>\n<strong>Temperatura para estocagem:<\/strong>\u00a0&#8211; 20 \u00b0C a 60 \u00b0C;<br \/>\n<strong>Faixa de umidade para funcionamento:<\/strong>\u00a00% a 95%;<\/p>\n","protected":false},"excerpt":{"rendered":"<p><small class=\"text-muted\">A seguran\u00e7a s\u00f3 existe, quando voc\u00ea esta seguro. Pensando nisso a Henry desenvolveu o inovador fecho eletromagn\u00e9tico, Fecho i. Alta resist\u00eancia, baixo consumo por possuir alta efici\u00eancia de magnetiza\u00e7\u00e3o, material de primeira qualidade e um design sofisticado que combina bem com qualquer tipo de ambiente, sendo compat\u00edvel em portas e port\u00f5es (madeira, metal, vidro ou porta a prova de fogo)<\/small><\/p>\n","protected":false},"featured_media":162,"template":"","meta":{"_joinchat":[]},"product_cat":[20,19],"product_tag":[],"class_list":{"0":"post-122","1":"product","2":"type-product","3":"status-publish","4":"has-post-thumbnail","6":"product_cat-acessorios-controle-de-acesso","7":"product_cat-controle-de-acesso","9":"first","10":"instock","11":"shipping-taxable","12":"purchasable","13":"product-type-simple"},"_links":{"self":[{"href":"https:\/\/acessopontotech.com.br\/index.php\/wp-json\/wp\/v2\/product\/122","targetHints":{"allow":["GET"]}}],"collection":[{"href":"https:\/\/acessopontotech.com.br\/index.php\/wp-json\/wp\/v2\/product"}],"about":[{"href":"https:\/\/acessopontotech.com.br\/index.php\/wp-json\/wp\/v2\/types\/product"}],"version-history":[{"count":0,"href":"https:\/\/acessopontotech.com.br\/index.php\/wp-json\/wp\/v2\/product\/122\/revisions"}],"wp:featuredmedia":[{"embeddable":true,"href":"https:\/\/acessopontotech.com.br\/index.php\/wp-json\/wp\/v2\/media\/162"}],"wp:attachment":[{"href":"https:\/\/acessopontotech.com.br\/index.php\/wp-json\/wp\/v2\/media?parent=122"}],"wp:term":[{"taxonomy":"product_cat","embeddable":true,"href":"https:\/\/acessopontotech.com.br\/index.php\/wp-json\/wp\/v2\/product_cat?post=122"},{"taxonomy":"product_tag","embeddable":true,"href":"https:\/\/acessopontotech.com.br\/index.php\/wp-json\/wp\/v2\/product_tag?post=122"}],"curies":[{"name":"wp","href":"https:\/\/api.w.org\/{rel}","templated":true}]}}