{"id":123,"date":"2020-12-18T13:02:27","date_gmt":"2020-12-18T16:02:27","guid":{"rendered":"http:\/\/acessopontotech.com.br\/index.php\/product\/import-placeholder-for-699\/"},"modified":"2020-12-18T13:02:44","modified_gmt":"2020-12-18T16:02:44","slug":"relogio-de-ponto-controle-de-acesso-proximidade-com-10-crachas","status":"publish","type":"product","link":"https:\/\/acessopontotech.com.br\/index.php\/product\/relogio-de-ponto-controle-de-acesso-proximidade-com-10-crachas\/","title":{"rendered":"REL\u00d3GIO DE PONTO &#8211; CONTROLE DE ACESSO PROXIMIDADE &#8211; COM 10 CRACH\u00c1S"},"content":{"rendered":"<div id=\"lista-caract-prod\">\n<p><strong>Operacional<\/strong><\/p>\n<\/div>\n<div id=\"lista-caract-prod\"><span class=\"style5\">Tipos de comunica\u00e7\u00e3o:<\/span>\u00a0Utiliza a comunica\u00e7\u00e3o via cartucho USB ou Serial RS232.<br \/>\n<span class=\"style5\">Capacidade do cartucho USB (mem\u00f3ria port\u00e1til):<\/span>\u00a03 capacidades dispon\u00edveis: 1M (5.950 registros), 2M (11.900 registros) e 8M (47.600 registros).<br \/>\n<span class=\"style5\">Display:<\/span>\u00a0Cristal l\u00edquido 16 caracteres x 2 linhas com Backlight (ilumina\u00e7\u00e3o do display) opcional.<br \/>\n<span class=\"style5\">Teclado:<\/span>\u00a016 teclas, sendo 12 em padr\u00e3o telef\u00f4nico e 4 teclas adicionais de fun\u00e7\u00e3o.<br \/>\n<span class=\"style5\">Leitor de c\u00f3digos de barras:<\/span>\u00a0L\u00ea os padr\u00f5es 2 de 5 intercalado e 3 de 9.<br \/>\n<span class=\"style5\">Leitor de c\u00f3d. de barras Pistola e Scanner (opcional):<\/span>\u00a0Wand Emulation nos padr\u00f5es 2 de 5 intercalado e 3 de 9.<br \/>\n<span class=\"style5\">Leitor magn\u00e9tico (opcional):<\/span>\u00a0Captura at\u00e9 14 d\u00edgitos no padr\u00e3o ABA-TRACK 2.<br \/>\n<span class=\"style5\">Leitor de proximidade (opcional):<\/span>\u00a0Suporta a leitora Henry.<br \/>\n<span class=\"style5\">Leitor Smart Card Contactless (opcional):<\/span>\u00a0Suporta o padr\u00e3o MIFARE Standard 1 K.<br \/>\n<span class=\"style5\">R\u00e1dio Freq\u00fc\u00eancia (opcional):<\/span>\u00a0Tag ativo Henry.<br \/>\n<span class=\"style5\">N\u00famero de d\u00edgitos do cart\u00e3o:<\/span>\u00a0A leitora pode ser configurada para ler cart\u00f5es com uma quantidade especifica de d\u00edgitos, entre 4 at\u00e9 14 d\u00edgitos com a op\u00e7\u00e3o de configura\u00e7\u00e3o da leitora para detec\u00e7\u00e3o autom\u00e1tica da quantidade de d\u00edgitos do crach\u00e1.<br \/>\n<span class=\"style5\">Configura\u00e7\u00e3o do n\u00famero de d\u00edgitos:<\/span>\u00a0Pode ser feita manualmente pelo menu do equipamento.<br \/>\n<span class=\"style5\">Opera\u00e7\u00e3o do teclado:\u00a0<\/span>O teclado do equipamento pode ser utilizado para gerar o registro do acesso sem a necessidade do crach\u00e1, podendo ser desativado via configura\u00e7\u00e3o no menu.<br \/>\n<span class=\"style5\">Prote\u00e7\u00e3o com senha:<\/span>\u00a0O menu para ajustes do equipamento \u00e9 protegido com uma senha de 6 d\u00edgitos definida pelo usu\u00e1rio ao iniciar o equipamento, caso o equipamento seja completamente desligado ser\u00e1 necess\u00e1ria a configura\u00e7\u00e3o da senha novamente<br \/>\n<span class=\"style5\">Hor\u00e1rios de opera\u00e7\u00e3o:\u00a0<\/span>Permite a programa\u00e7\u00e3o de at\u00e9 50 hor\u00e1rios de opera\u00e7\u00e3o diferentes, a programa\u00e7\u00e3o pode ser feita manualmente atrav\u00e9s do teclado pelo menu do equipamento ou via software utilizando a comunica\u00e7\u00e3o Serial RS232.<br \/>\n<span class=\"style5\">Hor\u00e1rios de sirene:<\/span>\u00a0Permite a programa\u00e7\u00e3o de at\u00e9 50 hor\u00e1rios diferentes de sirene, a programa\u00e7\u00e3o pode ser feita manualmente atrav\u00e9s do teclado pelo menu do equipamento ou via software utilizando a comunica\u00e7\u00e3o Serial RS232.<br \/>\n<span class=\"style5\">Hor\u00e1rio de ver\u00e3o:<\/span>\u00a0Configura\u00e7\u00e3o da data e hora de inicio e final do hor\u00e1rio de ver\u00e3o para funcionamento autom\u00e1tico do equipamento, podendo ser feita manualmente pelo menu do equipamento ou via software pela comunica\u00e7\u00e3o Serial RS232.<br \/>\n<span class=\"style5\">Coleta de dados:<\/span>\u00a0Pode ser feita atrav\u00e9s da porta USB de um computador comum,\u00a0 descarregando as batidas do cartucho para um arquivo de texto no computador ou a coleta \u00e9 feita atrav\u00e9s da comunica\u00e7\u00e3o Serial RS232.<br \/>\n<span class=\"style5\">Integra\u00e7\u00e3o do equipamento com outros softwares:\u00a0<\/span>O equipamento pode ser integrado em qualquer software desenvolvido sobre o SDK para integradores fornecido pela Henry.<\/p>\n<p><strong>El\u00e9trica\u00a0<\/strong><\/p>\n<p><span class=\"style5\">Fonte de alimenta\u00e7\u00e3o:<\/span>\u00a0127\/220 V AC ~ com chave comutadora de tens\u00e3o.<br \/>\n<span class=\"style5\">Pot\u00eancia m\u00e9dia:<\/span>\u00a0480 mW.<br \/>\n<span class=\"style5\">Consumo m\u00e9dio de corrente:<\/span>\u00a040 mA.<br \/>\n<span class=\"style5\">Bateria Interna:<\/span>\u00a06 V para alimenta\u00e7\u00e3o em caso de falta de energia (no &#8211; break interno), com aviso no display para ocorr\u00eancia da falta de energia.<br \/>\n<span class=\"style5\">Tempo m\u00e9dio de funcionamento sem energia:<\/span>\u00a048 horas.<br \/>\n<span class=\"style5\">Tempo de reten\u00e7\u00e3o dos dados sem alimenta\u00e7\u00e3o:\u00a0<\/span>Superior a 200 anos, pois os registros ficam armazenados o cartucho.<\/p>\n<p><strong>Ambiente\u00a0<\/strong><\/p>\n<p><span class=\"style5\">Temperatura de Opera\u00e7\u00e3o:<\/span>\u00a0&#8211; 15\u00baC a 55\u00baC (sem condensa\u00e7\u00e3o).<br \/>\n<span class=\"style5\">Temperatura para Estocagem:<\/span>\u00a0&#8211; 20\u00baC a 60\u00baC.<br \/>\n<span class=\"style5\">Faixa de umidade para funcionamento:<\/span>\u00a00% a 95%.<br \/>\n<span class=\"style5\">N\u00edvel aceit\u00e1vel de luz para funcionamento:\u00a0<\/span>3000 lux.<\/p>\n<p><strong>Mec\u00e2nica\u00a0<\/strong><\/p>\n<p><span class=\"style5\">Altura:<\/span>\u00a025 cm.<br \/>\n<span class=\"style5\">Profundidade:<\/span>\u00a09,5 cm.<br \/>\n<span class=\"style5\">Largura da base:<\/span>\u00a017,3 cm.<br \/>\n<span class=\"style5\">Peso:<\/span>\u00a01,980 Kg.<\/p>\n<\/div>\n","protected":false},"excerpt":{"rendered":"<p>Mem\u00f3ria port\u00e1til com 3 capacidades distintas (cartuchos de 1M, 2M ou 8M).<br \/>\nEnorme praticidade no acesso.<br \/>\nConfigura\u00e7\u00e3o facilitada feita inteiramente no aparelho atrav\u00e9s do teclado e senha para ajustes ou via software (quando utilizada a comunica\u00e7\u00e3o Serial RS232).<br \/>\nSoftware para coleta de registros e configura\u00e7\u00e3o do equipamento fornecido gratuitamente.<br \/>\nTempo de reten\u00e7\u00e3o dos dados no cartucho USB superior a 200 anos.<br \/>\nSuporta v\u00e1rios tipos de leitoras.<br \/>\nSinaliza\u00e7\u00e3o no display quando o cartucho USB est\u00e1 cheio.<br \/>\nConfigura\u00e7\u00e3o do hor\u00e1rio de ver\u00e3o para funcionamento autom\u00e1tico do equipamento.<br \/>\nFuncionamento com at\u00e9 50 tabelas de opera\u00e7\u00e3o diferentes, definindo os dias da semana e os hor\u00e1rios que o equipamento dever\u00e1 ficar\u00a0 bloqueado ou liberado para acesso.<br \/>\nConfigura\u00e7\u00e3o de 50 hor\u00e1rios diferentes para acionamento de sirene.<br \/>\nA coleta de registros n\u00e3o remove os registros do cartucho, os registros s\u00e3o removidos somente mediante aprova\u00e7\u00e3o do usu\u00e1rio.<br \/>\nO software cria um arquivo de backup (mph) para cada coleta realizada, permitindo uma posterior recupera\u00e7\u00e3o de registros coletados.<br \/>\nPossui entrada para liga\u00e7\u00e3o de sirene externa.<br \/>\nNo-break interno para funcionamento sem energia el\u00e9trica.<br \/>\nGabinete em ABS injetado.<\/p>\n","protected":false},"featured_media":163,"template":"","meta":{"_joinchat":[]},"product_cat":[20,19],"product_tag":[],"class_list":{"0":"post-123","1":"product","2":"type-product","3":"status-publish","4":"has-post-thumbnail","6":"product_cat-acessorios-controle-de-acesso","7":"product_cat-controle-de-acesso","9":"first","10":"instock","11":"featured","12":"shipping-taxable","13":"purchasable","14":"product-type-simple"},"_links":{"self":[{"href":"https:\/\/acessopontotech.com.br\/index.php\/wp-json\/wp\/v2\/product\/123","targetHints":{"allow":["GET"]}}],"collection":[{"href":"https:\/\/acessopontotech.com.br\/index.php\/wp-json\/wp\/v2\/product"}],"about":[{"href":"https:\/\/acessopontotech.com.br\/index.php\/wp-json\/wp\/v2\/types\/product"}],"version-history":[{"count":0,"href":"https:\/\/acessopontotech.com.br\/index.php\/wp-json\/wp\/v2\/product\/123\/revisions"}],"wp:featuredmedia":[{"embeddable":true,"href":"https:\/\/acessopontotech.com.br\/index.php\/wp-json\/wp\/v2\/media\/163"}],"wp:attachment":[{"href":"https:\/\/acessopontotech.com.br\/index.php\/wp-json\/wp\/v2\/media?parent=123"}],"wp:term":[{"taxonomy":"product_cat","embeddable":true,"href":"https:\/\/acessopontotech.com.br\/index.php\/wp-json\/wp\/v2\/product_cat?post=123"},{"taxonomy":"product_tag","embeddable":true,"href":"https:\/\/acessopontotech.com.br\/index.php\/wp-json\/wp\/v2\/product_tag?post=123"}],"curies":[{"name":"wp","href":"https:\/\/api.w.org\/{rel}","templated":true}]}}