{"id":125,"date":"2020-12-18T13:02:27","date_gmt":"2020-12-18T16:02:27","guid":{"rendered":"http:\/\/acessopontotech.com.br\/index.php\/product\/import-placeholder-for-706\/"},"modified":"2020-12-18T13:02:57","modified_gmt":"2020-12-18T16:02:57","slug":"cancela-brasso-ca-200-k1-3-metros","status":"publish","type":"product","link":"https:\/\/acessopontotech.com.br\/index.php\/product\/cancela-brasso-ca-200-k1-3-metros\/","title":{"rendered":"CANCELA &#8211; BRASSO &#8211; CA 200 &#8211; K1 &#8211; 3 METROS"},"content":{"rendered":"<p>Equipamento super robusto, onde todos os pontos m\u00f3veis giram sobre rolamentos esf\u00e9ricos blindados de maneira a n\u00e3o oferecer qualquer esfor\u00e7o para abrir ou fechar.<\/p>\n<p>Eixos de engrenagem em a\u00e7o 1045.<\/p>\n<p>Barreira tubular retangular de 75mm de largura ficando bem vis\u00edvel para o motorista, al\u00e9m do adesivo refletivo de alta qualidade. O perfil tubular cont\u00e9m prote\u00e7\u00e3o de borracha macia e seu perfil \u00e9 de fabrica\u00e7\u00e3o especial<\/p>\n<p>Barreira reta ou articulada conforme necessidade, com pisca el\u00e9trico para visualizar melhor a haste e o montante, principalmente durante a noite.<\/p>\n","protected":false},"excerpt":{"rendered":"<p>Visando atender sempre da melhor forma as necessidades de nossos clientes, em A\u00e7o Inox, com o mesmo padr\u00e3o de qualidade e excel\u00eancia, j\u00e1 conquistados pela nossa empresa no mercado. N\u00e3o se trata de maquiagem comumente encontrada no mercado, onde o corpo \u00e9 feito de cantoneiras de ferro comum, envolvidas por uma fina chapa de inox. A estrutura enferruja.<br \/>\nNo nosso caso a estrutura \u00e9 feita diretamente em chapa grossa de a\u00e7o inox<\/p>\n","protected":false},"featured_media":184,"template":"","meta":{"_joinchat":[]},"product_cat":[23,22],"product_tag":[],"class_list":{"0":"post-125","1":"product","2":"type-product","3":"status-publish","4":"has-post-thumbnail","6":"product_cat-cancela","7":"product_cat-controle-de-estacionamento-e-garagem","9":"first","10":"instock","11":"shipping-taxable","12":"purchasable","13":"product-type-simple"},"_links":{"self":[{"href":"https:\/\/acessopontotech.com.br\/index.php\/wp-json\/wp\/v2\/product\/125","targetHints":{"allow":["GET"]}}],"collection":[{"href":"https:\/\/acessopontotech.com.br\/index.php\/wp-json\/wp\/v2\/product"}],"about":[{"href":"https:\/\/acessopontotech.com.br\/index.php\/wp-json\/wp\/v2\/types\/product"}],"version-history":[{"count":0,"href":"https:\/\/acessopontotech.com.br\/index.php\/wp-json\/wp\/v2\/product\/125\/revisions"}],"wp:featuredmedia":[{"embeddable":true,"href":"https:\/\/acessopontotech.com.br\/index.php\/wp-json\/wp\/v2\/media\/184"}],"wp:attachment":[{"href":"https:\/\/acessopontotech.com.br\/index.php\/wp-json\/wp\/v2\/media?parent=125"}],"wp:term":[{"taxonomy":"product_cat","embeddable":true,"href":"https:\/\/acessopontotech.com.br\/index.php\/wp-json\/wp\/v2\/product_cat?post=125"},{"taxonomy":"product_tag","embeddable":true,"href":"https:\/\/acessopontotech.com.br\/index.php\/wp-json\/wp\/v2\/product_tag?post=125"}],"curies":[{"name":"wp","href":"https:\/\/api.w.org\/{rel}","templated":true}]}}