{"id":128,"date":"2020-12-18T13:02:27","date_gmt":"2020-12-18T16:02:27","guid":{"rendered":"http:\/\/acessopontotech.com.br\/index.php\/product\/import-placeholder-for-739\/"},"modified":"2020-12-18T13:02:58","modified_gmt":"2020-12-18T16:02:58","slug":"totem-lumen-henry-para-estacionamento-biometria","status":"publish","type":"product","link":"https:\/\/acessopontotech.com.br\/index.php\/product\/totem-lumen-henry-para-estacionamento-biometria\/","title":{"rendered":"TOTEM LUMEN &#8211; HENRY &#8211; PARA ESTACIONAMENTO &#8211; BIOMETRIA"},"content":{"rendered":"<p><strong>CARACTER\u00cdSTICAS<br \/>\n<\/strong><\/p>\n<p>\u00danico com este conceito no mercado e com pre\u00e7os atraentes.<br \/>\nIlumina\u00e7\u00e3o frontal, com chave liga\/desliga, em quatro op\u00e7\u00f5es de cores (azul, verde, vermelho e amarelo).<br \/>\nPossui sistema de interfone, proporcionando maior seguran\u00e7a flexibilidade aos usu\u00e1rios;<br \/>\nPerfeito para controle de acesso em condom\u00ednios;<br \/>\nEstrutura com design moderno, desenvolvido em a\u00e7o com pintura em ep\u00f3xi e tratamento anticorrosivo. Interface intuitiva e de f\u00e1cil utiliza\u00e7\u00e3o.<br \/>\nSistema de aux\u00edlio visual com leds que indicam a confirma\u00e7\u00e3o de registros.<br \/>\nCont\u00e9m encaixes r\u00e1pidos e simples, facilitando sua instala\u00e7\u00e3o.<br \/>\nConfigura\u00e7\u00e3o de aviso sonoro ao utilizar as teclas do teclado.<br \/>\nExclusivo sistema de hiberna\u00e7\u00e3o quando o equipamento encontra-se sem energia vinda da rede el\u00e9trica, o que oferece maior prote\u00e7\u00e3o contra descarga total da bateria evitando desgaste precoce.<br \/>\nOs dados s\u00e3o gravados em um cartucho USB. Este modo de grava\u00e7\u00e3o oferece total prote\u00e7\u00e3o contra a perda de dados, pois o cartucho USB n\u00e3o \u00e9 afetado caso o equipamento venha a sofrer alguma pane ou descarga el\u00e9trica.<br \/>\nDuas capacidades de armazenamento de digitais. Op\u00e7\u00e3o para 1900 digitais (padr\u00e3o) ou opcionais de 300, 9500 ou 15000 digitais.<br \/>\nTrabalha com m\u00f3dulo biom\u00e9trico com sensor \u00f3tico, com capacidade de armazenamento de 1900 digitais (padr\u00e3o) ou opcionais de 300, 9500 ou 15000 digitais.<br \/>\nVerifica\u00e7\u00e3o da impress\u00e3o digital em modo Online sem a necessidade de cadastro dos usu\u00e1rios no equipamento, somente no computador onde o software (Henry Configura\u00e7\u00f5es 7x) est\u00e1 operando.<br \/>\nOpera com AutoOn, fun\u00e7\u00e3o que permite realizar a verifica\u00e7\u00e3o da digital somente colocando o dedo no sensor, sem a necessidade de digitar a matricula, utilizar o crach\u00e1 ou a tecla de verifica\u00e7\u00e3o no teclado, podendo ser ativada ou desativada via software ou pelo menu de configura\u00e7\u00f5es.<br \/>\nPermite formata\u00e7\u00e3o da mem\u00f3ria que ser\u00e1 utilizada para os cadastros, podendo-se definir o espa\u00e7o para lista de acesso, tabelas de hor\u00e1rios, escalas, feriados, mensagens especificas, fun\u00e7\u00f5es e acionamentos, moldando-se completamente conforme as necessidades do cliente.<br \/>\nMem\u00f3ria expans\u00edvel que pode armazenar at\u00e9 65.000 registros.<br \/>\nDisposi\u00e7\u00e3o para a liga\u00e7\u00e3o de at\u00e9 3 reles para acionamento de sirenes, l\u00e2mpadas, cancelas, fechaduras magn\u00e9ticas entre outros acess\u00f3rios para sinaliza\u00e7\u00e3o e controle.<br \/>\nAtualiza\u00e7\u00e3o do firmware (programa residente na placa do equipamento) em campo via software.<br \/>\nPossui calend\u00e1rio perp\u00e9tuo. Este calend\u00e1rio opera mesmo se o equipamento ficar durante 1 ano sem energia, realizando o ajuste autom\u00e1tico de virada de dia, semana e m\u00eas, sem perder a data e a hora configuradas.<br \/>\nConfigura\u00e7\u00e3o do hor\u00e1rio de ver\u00e3o para mudan\u00e7a autom\u00e1tica do rel\u00f3gio.<br \/>\nCont\u00e9m menu interno de configura\u00e7\u00f5es, para ajustar o funcionamento da comunica\u00e7\u00e3o e realizar cadastro de digitais no pr\u00f3prio rel\u00f3gio.<br \/>\nTrabalha com v\u00e1rios tipos de comunica\u00e7\u00e3o, tornando-se um equipamento mold\u00e1vel a necessidade do cliente e adapt\u00e1vel ao ambiente.<br \/>\nPode trabalhar com comunica\u00e7\u00e3o direta com um computador (Online), StandAlone (Offline) ou intercambiar entre os dois modos caso seja necess\u00e1rio.<br \/>\nPermite a configura\u00e7\u00e3o de lista de acesso para gerenciamento de matr\u00edculas espec\u00edficas, usando crit\u00e9rios como hor\u00e1rios de acesso, per\u00edodos de bloqueio e escalas.<br \/>\nRecurso de Anti-PassBack para funcionamento Online e Offline, sistema que controla o acesso duplicado e o sentido de registro.<br \/>\nO equipamento trabalha com matr\u00edculas de 3 a 8 d\u00edgitos para biometria, mas pode capturar c\u00f3digos de que tenham uma quantidade especifica de d\u00edgitos, entre 3 e 20 d\u00edgitos, sendo que no m\u00e1ximo 8 d\u00edgitos ser\u00e3o v\u00e1lidos.<br \/>\nO equipamento tem a pr\u00e9-disposi\u00e7\u00e3o para a instala\u00e7\u00e3o de 2 leitoras, podendo ser expandido conforme a aplica\u00e7\u00e3o.<br \/>\nConfigura\u00e7\u00e3o de hor\u00e1rios para acionamento de sirene, indicando o in\u00edcio e o t\u00e9rmino de turnos, entre outras indica\u00e7\u00f5es.<br \/>\nNoBreak interno que mant\u00e9m o equipamento em funcionamento quando da falta de energia da rele el\u00e9trica informando no display que se encontra em uso.<br \/>\nAviso no display de quando a mem\u00f3ria est\u00e1 50 % e 100% ocupada.<br \/>\nSoftware de configura\u00e7\u00e3o fornecido gratuitamente (Henry Configura\u00e7\u00f5es 7x).<\/p>\n<p><strong>OPERACIONAL\u00a0<\/strong><\/p>\n<p><span class=\"kp\">Armazenamento de dados:<\/span>\u00a0Cartucho USB de 2M ou 8M, essa op\u00e7\u00e3o de armazenamento possui grande robustez contra perda de dados e mant\u00e9m as informa\u00e7\u00f5es mesmo no caso do desligamento total do equipamento. O tempo de reten\u00e7\u00e3o dos dados maior que 200 anos.<br \/>\n<span class=\"kp\">Quantidade de registros:<\/span>\u00a0Capacidade para 16.000 registros(1)(2), expans\u00edvel para at\u00e9 65.000 registros(1)(3).<br \/>\n<span class=\"kp\">Gerenciamento de mem\u00f3ria:<\/span>\u00a0Permite formata\u00e7\u00e3o da mem\u00f3ria para aumentar ou diminuir o n\u00famero de fun\u00e7\u00f5es, feriados, hor\u00e1rios de sirene, lista de acesso, tabelas de hor\u00e1rio dos usu\u00e1rios e mensagens espec\u00edficas (armazena at\u00e9 1600 mensagens(1)(5)). A quantidade de cada recurso \u00e9 configurada via software.<br \/>\n<span class=\"kp\">Recupera\u00e7\u00e3o de registros:<\/span>\u00a0Os registros podem ser recuperados mesmo ap\u00f3s uma coleta.<br \/>\n<span class=\"kp\">Modos de comunica\u00e7\u00e3o:<\/span>\u00a0Trabalha com 4 modos diferentes de comunica\u00e7\u00e3o, podendo ser Online (tempo real), Offline, OnOff e OnOff + Controle de Acesso.<br \/>\n<span class=\"kp\">Tipos de Comunica\u00e7\u00e3o:<\/span>\u00a0Serial RS232 e RS485, e TCP\/IP 10\/10 ou 10\/100 (opcional), nativas na placa. Com op\u00e7\u00e3o de utilizar comunica\u00e7\u00e3o atrav\u00e9s de Modem externo, GSM (celular), GPRS (celular), ou Wi-Fi (rede sem fio).<br \/>\n<span class=\"kp\">Velocidade de comunica\u00e7\u00e3o (Serial RS232 e Serial RS485):<\/span>\u00a09.600bps, 19.200bps, 57.600bps e 115.200bps (4 velocidades distintas).<br \/>\n<span class=\"kp\">Teclado:<\/span>\u00a016 teclas sendo 10 num\u00e9ricas e 6 teclas adicionais de fun\u00e7\u00e3o.<br \/>\n<span class=\"kp\">Display:<\/span>\u00a0Cristal l\u00edquido (LCD) 16 caracteres x 2 linhas com backlight (ilumina\u00e7\u00e3o do display) azul.<br \/>\n<span class=\"kp\">Calend\u00e1rio perp\u00e9tuo:<\/span>\u00a0Gerencia a passagem dos dias da semana, meses e anos de modo que a data no equipamento seja sempre v\u00e1lida.<br \/>\n<span class=\"kp\">Bateria:<\/span>\u00a0O equipamento possui uma bateria com capacidade de manter a data e hora correta por 12 meses no caso de desligamento total do mesmo.<br \/>\n<span class=\"kp\">Atualiza\u00e7\u00e3o:<\/span>\u00a0Possui a capacidade de atualiza\u00e7\u00e3o do firmware (programa residente na placa) via software, sem a necessidade de remo\u00e7\u00e3o do equipamento do local nem a troca de componentes do equipamento.<br \/>\n<span class=\"kp\">Acionamentos:<\/span>\u00a0Possui controle para at\u00e9 tr\u00eas acionamentos distintos, com as op\u00e7\u00f5es de controle de sirene, acionamento somente para entrada, somente para sa\u00edda, entrada e sa\u00edda, pictograma bidirecional e acionamento conforme configura\u00e7\u00e3o de lista de acesso.<br \/>\n<span class=\"kp\">Sinaliza\u00e7\u00e3o visual:<\/span>\u00a0Possui dois leds frontais para indica\u00e7\u00e3o vis\u00edvel da confirma\u00e7\u00e3o de registro do ponto e para indica\u00e7\u00e3o do acesso negado.<br \/>\n<span class=\"kp\">Sensor Biom\u00e9trico:<\/span>\u00a0Tipo \u00f3tico com resolu\u00e7\u00e3o de 500 DPI, mais resistente a desgaste, riscos e de alto desempenho na verifica\u00e7\u00e3o da impress\u00e3o digital.<br \/>\n<span class=\"kp\">Modo da verifica\u00e7\u00e3o das digitais:<\/span>\u00a01:1 (reconhecimento feito com a pr\u00e9via entrada da matr\u00edcula e em seguida colocando o dedo no sensor biom\u00e9trico) ou 1:N (reconhecimento feito apenas colocando o dedo no sensor biom\u00e9trico).<br \/>\n<span class=\"kp\">AutoOn:<\/span>\u00a0Verifica\u00e7\u00e3o da digital em modo 1:N (reconhecimento feito apenas colocando o dedo no sensor biom\u00e9trico). O AutoOn pode ser ativado ou desativado via software ou pela configura\u00e7\u00e3o via menu.<br \/>\n<span class=\"kp\">Capacidade de armazenamento de digitais:<\/span>\u00a0Por padr\u00e3o permite armazenar at\u00e9 1900 digitais, mas possui a op\u00e7\u00e3o do m\u00f3dulo de 300, 9.500 ou 15000 digitais, podendo ter at\u00e9 10 digitais para uma \u00fanica matr\u00edcula e n\u00e3o possui limite para o cadastro de digital m\u00e1ster (digital de administrador para acesso ao menu interno do equipamento e libera\u00e7\u00e3o de outras matriculas que estejam com o acesso negado).<br \/>\n<span class=\"kp\">Quantidade de d\u00edgitos do crach\u00e1:<\/span>\u00a0O equipamento pode trabalhar com crach\u00e1s de 3 at\u00e9 20 d\u00edgitos, sendo que no m\u00e1ximo 8 d\u00edgitos ser\u00e3o v\u00e1lidos (a sele\u00e7\u00e3o dos d\u00edgitos v\u00e1lidos \u00e9 feita via software) para controle e grava\u00e7\u00e3o.<br \/>\n<span class=\"kp\">Leitor de c\u00f3digos de barras:<\/span>\u00a0L\u00ea o padr\u00e3o 2 de 5 intercalado e n\u00e3o intercalado e o padr\u00e3o 3 de 9.<br \/>\n<span class=\"kp\">Leitor de c\u00f3digos de barras Scanner e Pistola (opcional):<\/span>\u00a0Wand Emulation: padr\u00f5es 2 de 5 intercalado e n\u00e3o intercalado e 3 de 9.<br \/>\n<span class=\"kp\">Leitor Magn\u00e9tico (opcional):<\/span>\u00a0Captura at\u00e9 20 d\u00edgitos no padr\u00e3o ABA-TRACK 2, sendo que por padr\u00e3o do equipamento somente 8 d\u00edgitos ser\u00e3o v\u00e1lidos (sele\u00e7\u00e3o de d\u00edgitos v\u00e1lidos configurados via software).<br \/>\n<span class=\"kp\">Leitor Proximidade (opcional):<\/span>\u00a0Suporta a leitora Henry al\u00e9m de ser compat\u00edvel com modelos de outros fabricantes com sa\u00edda Wiegand 26 ou ABA-TRACK 2.<br \/>\n<span class=\"kp\">Leitor Mifare (Smart Card Contactless) (opcional):<\/span>\u00a0Suporta os padr\u00f5es Mifare Standard 1K e Plus 4K.<br \/>\n<span class=\"kp\">R\u00e1dio Freq\u00fc\u00eancia (opcional):<\/span>\u00a0Tag ativo Henry.<br \/>\n<span class=\"kp\">Desligamento autom\u00e1tico (opcional):<\/span>\u00a0Tempo configur\u00e1vel para desligamento parcial do equipamento quando encontra-se sem energia da rede el\u00e9trica, permitindo uma dura\u00e7\u00e3o maior da bateria.<br \/>\n<span class=\"kp\">Sistema interno de monitoramento do circuito:<\/span>\u00a0Possui um sistema interno de monitoramento dos n\u00edveis de tens\u00e3o do circuito, sendo ainda supervisionado por Watchdog.<br \/>\n<span class=\"kp\">Anti-PassBack:<\/span>\u00a0Faz o controle Online e Offline de uma marca\u00e7\u00e3o duplicada e do sentido de passagem do registro.<br \/>\n<span class=\"kp\">Fun\u00e7\u00f5es:<\/span>\u00a0Programa\u00e7\u00e3o de at\u00e9 100 fun\u00e7\u00f5es diferentes para controle de acesso e ponto, pode-se utilizar com indicativo do motivo da marca\u00e7\u00e3o do registro.<br \/>\n<span class=\"kp\">Fun\u00e7\u00f5es Espec\u00edficas:<\/span>\u00a0Esse recurso permite a utiliza\u00e7\u00e3o das fun\u00e7\u00f5es para exibi\u00e7\u00e3o de mensagens para matr\u00edculas especificas, sua grande vantagem \u00e9 que para o funcion\u00e1rio visualizar a mensagem n\u00e3o \u00e9 necess\u00e1ria a gera\u00e7\u00e3o do registro do ponto.<br \/>\n<span class=\"kp\">Travar fun\u00e7\u00f5es:<\/span>\u00a0Permite configurar uma fun\u00e7\u00e3o como padr\u00e3o, para que todos os registros realizados no equipamento sejam gravados com a fun\u00e7\u00e3o selecionada, os registros realizados com outras fun\u00e7\u00f5es n\u00e3o ser\u00e3o gravados com a fun\u00e7\u00e3o configurada como padr\u00e3o.<br \/>\n<span class=\"kp\">Revista individual:<\/span>\u00a0O equipamento emite uma mensagem no display e um sinal sonoro para indicar a necessidade de revista do usu\u00e1rio, podendo ser configurada a percentagem de sorteio.<br \/>\n<span class=\"kp\">Lista de acesso:<\/span>\u00a0\u00c9 poss\u00edvel programar uma lista de acesso de at\u00e9 16.000 matr\u00edculas(1), permitindo\u2013se configurar nessa lista os funcion\u00e1rios que dever\u00e3o ter acesso negado ou liberado no equipamento e a configura\u00e7\u00e3o de tabelas de hor\u00e1rios, escalas e per\u00edodos de bloqueio individuais para os funcion\u00e1rios.<br \/>\n<span class=\"kp\">Lista de Hor\u00e1rios:<\/span>\u00a0Trabalha com at\u00e9 30.000 hor\u00e1rios diferentes(4).<br \/>\n<span class=\"kp\">Hor\u00e1rios de sirene:<\/span>\u00a0Programa\u00e7\u00e3o de at\u00e9 16.000 hor\u00e1rios diferentes.<br \/>\n<span class=\"kp\">Hor\u00e1rio de ver\u00e3o:<\/span>\u00a0Program\u00e1vel e que evita a necessidade de fazer ajustes manuais nos dias do in\u00edcio e final do hor\u00e1rio de ver\u00e3o.<br \/>\n<span class=\"kp\">Menu Interno:<\/span>\u00a0Cont\u00e9m um menu pr\u00f3prio que facilita a configura\u00e7\u00e3o local do equipamento. Pode ser configurada uma senha de 5 d\u00edgitos para o acesso ao menu de configura\u00e7\u00f5es do equipamento.<br \/>\n<span class=\"kp\">Mensagens espec\u00edficas:<\/span>\u00a0As mensagens s\u00e3o totalmente configur\u00e1veis, suportando v\u00e1rias mensagens espec\u00edficas diferentes para os usu\u00e1rios (a quantidade de mensagens varia conforme o gerenciamento feito na mem\u00f3ria).<br \/>\n<span class=\"kp\">Mensagens padr\u00e3o:<\/span>\u00a0\u00c9 poss\u00edvel configurar as mensagens que ser\u00e3o exibidas quando os usu\u00e1rios gerarem registros de entrada ou sa\u00edda e quando o equipamento estiver em stand by.<br \/>\n<span class=\"kp\">Funcionamento em online:<\/span>\u00a0Quando o equipamento estiver operando em modo online, \u00e9 permitido realizar o cadastro de in\u00fameras escalas, tabelas de hor\u00e1rio e matr\u00edculas para lista de acesso, pois sua quantidade depende da capacidade do servidor onde o software (Henry Configura\u00e7\u00f5es 7x) est\u00e1 operando.<br \/>\n<span class=\"kp\">Coleta de dados:<\/span>\u00a0Os registros de acesso realizados pelos funcion\u00e1rios podem ser coletados de 4 formas diferentes, manualmente, automaticamente, assim que os registros s\u00e3o detectados ou coleta agendada (para que esse modo de coleta funcione, o servidor onde o Henry Configura\u00e7\u00f5es 7x esta deve estar operando e conectado ao equipamento).<br \/>\n<span class=\"kp\">Integra\u00e7\u00e3o do equipamento com outros softwares:<\/span>\u00a0O equipamento pode ser integrado a qualquer software desenvolvido sobre o SDK para integradores fornecido pela Henry.<\/p>\n<p>(1) Valores calculados para matriculas de quatro d\u00edgitos.<br \/>\n(2) Cartucho USB de 2m.<br \/>\n(3) Cartucho USB de 8m.<br \/>\n(4) Varia entre 300 ou 15000 digitais<br \/>\n(5) Combina\u00e7\u00e3o entre os hor\u00e1rios.<br \/>\n(6) Valores calculados com mensagens contendo apenas uma matr\u00edcula.<\/p>\n<p><strong>EL\u00c9TRICA<\/strong><\/p>\n<p><span class=\"kp\">Fonte Chaveada:<\/span>\u00a090 a 265V AC~.<br \/>\n<span class=\"kp\">Tens\u00e3o de opera\u00e7\u00e3o:<\/span>\u00a012v .<br \/>\n<span class=\"kp\">Pot\u00eancia m\u00e9dia:<\/span>\u00a04,8 W.<br \/>\n<span class=\"kp\">Consumo m\u00e9dio de corrente:<\/span>\u00a0400 mA.<br \/>\n<span class=\"kp\">Bateria Interna:<\/span>\u00a012 V para alimenta\u00e7\u00e3o em caso de falta de energia (no-break interno), com aviso no display na ocorr\u00eancia da falta de energia.<br \/>\n<span class=\"kp\">Tempo m\u00e9dio de funcionamento NoBreak direto sem energia:<\/span>\u00a08 horas(7).<br \/>\n<span class=\"kp\">Tempo m\u00e9dio de funcionamento NoBreak utilizando a fun\u00e7\u00e3o de hiberna\u00e7\u00e3o :<\/span>\u00a01 m\u00eas (8).<\/p>\n<p>(7) Valor calculado com equipamentos utilizando a o AutoOn Biom\u00e9trico e o display com Backlight.<br \/>\n(8) Valor obtido com equipamentos utilizando AutoOn Biom\u00e9trico, display com Backlight e indica\u00e7\u00e3o luminosa, gerando 400 registros di\u00e1rios.<\/p>\n<p>&nbsp;<\/p>\n<p><strong>AMBIENTE<\/strong><\/p>\n<div id=\"ambiente\" class=\"hideprd\"><span class=\"kp\">Temperatura de Opera\u00e7\u00e3o:<\/span>\u00a0&#8211; 15\u00b0C a 55\u00b0C (sem condensa\u00e7\u00e3o).<br \/>\n<span class=\"kp\">Temperatura para Estocagem:<\/span>\u00a0&#8211; 20\u00b0C a 60\u00b0C.<br \/>\n<span class=\"kp\">Faixa de umidade para funcionamento:<\/span>\u00a00% a 95%.<br \/>\n<span class=\"kp\">N\u00edvel aceit\u00e1vel de luz para funcionamento:<\/span>\u00a03000 lux.<br \/>\n<span class=\"kp\">Ventila\u00e7\u00e3o:<\/span>\u00a0N\u00e3o exige ventila\u00e7\u00e3o.<\/div>\n","protected":false},"excerpt":{"rendered":"<div class=\"desc_txt\"><strong><span class=\"hp\">Totem Lumen<\/span>\u00a0<\/strong><br \/>\nControle de acesso criado especialmente para condom\u00ednios, com grande possibilidade de customiza\u00e7\u00e3o, sua resistente estrutura em a\u00e7o carbono garante vida \u00fatil prolongada e um design impec\u00e1vel e discreto.<\/p>\n<\/div>\n","protected":false},"featured_media":187,"template":"","meta":{"_joinchat":[]},"product_cat":[22,28],"product_tag":[],"class_list":{"0":"post-128","1":"product","2":"type-product","3":"status-publish","4":"has-post-thumbnail","6":"product_cat-controle-de-estacionamento-e-garagem","7":"product_cat-totem-controle-de-estacionamento-e-garagem","9":"first","10":"instock","11":"featured","12":"shipping-taxable","13":"purchasable","14":"product-type-simple"},"_links":{"self":[{"href":"https:\/\/acessopontotech.com.br\/index.php\/wp-json\/wp\/v2\/product\/128","targetHints":{"allow":["GET"]}}],"collection":[{"href":"https:\/\/acessopontotech.com.br\/index.php\/wp-json\/wp\/v2\/product"}],"about":[{"href":"https:\/\/acessopontotech.com.br\/index.php\/wp-json\/wp\/v2\/types\/product"}],"version-history":[{"count":0,"href":"https:\/\/acessopontotech.com.br\/index.php\/wp-json\/wp\/v2\/product\/128\/revisions"}],"wp:featuredmedia":[{"embeddable":true,"href":"https:\/\/acessopontotech.com.br\/index.php\/wp-json\/wp\/v2\/media\/187"}],"wp:attachment":[{"href":"https:\/\/acessopontotech.com.br\/index.php\/wp-json\/wp\/v2\/media?parent=128"}],"wp:term":[{"taxonomy":"product_cat","embeddable":true,"href":"https:\/\/acessopontotech.com.br\/index.php\/wp-json\/wp\/v2\/product_cat?post=128"},{"taxonomy":"product_tag","embeddable":true,"href":"https:\/\/acessopontotech.com.br\/index.php\/wp-json\/wp\/v2\/product_tag?post=128"}],"curies":[{"name":"wp","href":"https:\/\/api.w.org\/{rel}","templated":true}]}}