{"id":130,"date":"2020-12-18T13:02:28","date_gmt":"2020-12-18T16:02:28","guid":{"rendered":"http:\/\/acessopontotech.com.br\/index.php\/product\/import-placeholder-for-743\/"},"modified":"2020-12-18T13:03:02","modified_gmt":"2020-12-18T16:03:02","slug":"totem-para-condominios-e-empresas","status":"publish","type":"product","link":"https:\/\/acessopontotech.com.br\/index.php\/product\/totem-para-condominios-e-empresas\/","title":{"rendered":"TOTEM &#8211; PARA CONDOM\u00cdNIOS E EMPRESAS"},"content":{"rendered":"","protected":false},"excerpt":{"rendered":"<p>Desenvolvido para dar mais seguran\u00e7a, agilidade e controle no acesso de entrada e sa\u00edda de ve\u00edculos, o Totem Expedidor e recolhedor representa a solu\u00e7\u00e3o ideal, ambos possuem autonomia para o armazenamento de at\u00e9 600 cart\u00f5es, com um sistema de f\u00e1cil reposi\u00e7\u00e3o. Seu design moderno e simples, proporciona aos seus usu\u00e1rios a experi\u00eancia de utilizar um equipamento tecnol\u00f3gico, seguro e sofisticado.<\/p>\n","protected":false},"featured_media":189,"template":"","meta":{"_joinchat":[]},"product_cat":[22,28],"product_tag":[],"class_list":{"0":"post-130","1":"product","2":"type-product","3":"status-publish","4":"has-post-thumbnail","6":"product_cat-controle-de-estacionamento-e-garagem","7":"product_cat-totem-controle-de-estacionamento-e-garagem","9":"first","10":"instock","11":"shipping-taxable","12":"purchasable","13":"product-type-simple"},"_links":{"self":[{"href":"https:\/\/acessopontotech.com.br\/index.php\/wp-json\/wp\/v2\/product\/130","targetHints":{"allow":["GET"]}}],"collection":[{"href":"https:\/\/acessopontotech.com.br\/index.php\/wp-json\/wp\/v2\/product"}],"about":[{"href":"https:\/\/acessopontotech.com.br\/index.php\/wp-json\/wp\/v2\/types\/product"}],"version-history":[{"count":0,"href":"https:\/\/acessopontotech.com.br\/index.php\/wp-json\/wp\/v2\/product\/130\/revisions"}],"wp:featuredmedia":[{"embeddable":true,"href":"https:\/\/acessopontotech.com.br\/index.php\/wp-json\/wp\/v2\/media\/189"}],"wp:attachment":[{"href":"https:\/\/acessopontotech.com.br\/index.php\/wp-json\/wp\/v2\/media?parent=130"}],"wp:term":[{"taxonomy":"product_cat","embeddable":true,"href":"https:\/\/acessopontotech.com.br\/index.php\/wp-json\/wp\/v2\/product_cat?post=130"},{"taxonomy":"product_tag","embeddable":true,"href":"https:\/\/acessopontotech.com.br\/index.php\/wp-json\/wp\/v2\/product_tag?post=130"}],"curies":[{"name":"wp","href":"https:\/\/api.w.org\/{rel}","templated":true}]}}