{"id":132,"date":"2020-12-18T13:02:28","date_gmt":"2020-12-18T16:02:28","guid":{"rendered":"http:\/\/acessopontotech.com.br\/index.php\/product\/import-placeholder-for-748\/"},"modified":"2020-12-18T13:03:03","modified_gmt":"2020-12-18T16:03:03","slug":"cordoes-coloridos-lisos-ate-100-unidades","status":"publish","type":"product","link":"https:\/\/acessopontotech.com.br\/index.php\/product\/cordoes-coloridos-lisos-ate-100-unidades\/","title":{"rendered":"CORD\u00d5ES &#8211; COLORIDOS LISOS &#8211; AT\u00c9 100 UNIDADES"},"content":{"rendered":"","protected":false},"excerpt":{"rendered":"<p>Nossos cord\u00f5es possuem\u00a0<span class=\"style4\"><strong>12 meses<\/strong><\/span>\u00a0de garantia \u00e1 partir da data de confec\u00e7\u00e3o, trocamos o cord\u00f5es sem custo e temos um prazo de entrega de at\u00e9 7 dias* (at\u00e9 50 cord\u00f5es).<\/p>\n<p>Prestamos servi\u00e7os a todas empresas que querem dar uma nova vis\u00e3o a sua categoria, seja para identifica\u00e7\u00e3o dos funcion\u00e1rios a seus clientes ou para marca\u00e7\u00e3o de ponto eletr\u00f4nico (trabalhamos com todos os rel\u00f3gios informatizados).<\/p>\n<p>Interessado em um de nossos produtos entre em contato para maiores informa\u00e7\u00f5es ou <a href=\"http:\/\/www.soltechinfo.com\/soltech-id-indentificacao-em-geral\/comercial@soltechinfo.com\">clique aqui<\/a>\u00a0para falar com um de nossos atendentes.<\/p>\n<p>Nossa empresa produz o que a de mais moderno em rela\u00e7\u00e3o a cart\u00e3o de ponto, carteirinha estudantil, cart\u00f5es de fidelidade e identifica\u00e7\u00e3o com um material apropriado para cada ramo de atividade.<\/p>\n<p>Temos op\u00e7\u00e3o de v\u00e1rios layouts prontos ou personalizados para cada empresa assim tornado a identifica\u00e7\u00e3o da sua empresa \u00fanica.<\/p>\n","protected":false},"featured_media":191,"template":"","meta":{"_joinchat":[]},"product_cat":[21],"product_tag":[],"class_list":{"0":"post-132","1":"product","2":"type-product","3":"status-publish","4":"has-post-thumbnail","6":"product_cat-crachas-e-identificacao","8":"first","9":"instock","10":"shipping-taxable","11":"purchasable","12":"product-type-simple"},"_links":{"self":[{"href":"https:\/\/acessopontotech.com.br\/index.php\/wp-json\/wp\/v2\/product\/132","targetHints":{"allow":["GET"]}}],"collection":[{"href":"https:\/\/acessopontotech.com.br\/index.php\/wp-json\/wp\/v2\/product"}],"about":[{"href":"https:\/\/acessopontotech.com.br\/index.php\/wp-json\/wp\/v2\/types\/product"}],"version-history":[{"count":0,"href":"https:\/\/acessopontotech.com.br\/index.php\/wp-json\/wp\/v2\/product\/132\/revisions"}],"wp:featuredmedia":[{"embeddable":true,"href":"https:\/\/acessopontotech.com.br\/index.php\/wp-json\/wp\/v2\/media\/191"}],"wp:attachment":[{"href":"https:\/\/acessopontotech.com.br\/index.php\/wp-json\/wp\/v2\/media?parent=132"}],"wp:term":[{"taxonomy":"product_cat","embeddable":true,"href":"https:\/\/acessopontotech.com.br\/index.php\/wp-json\/wp\/v2\/product_cat?post=132"},{"taxonomy":"product_tag","embeddable":true,"href":"https:\/\/acessopontotech.com.br\/index.php\/wp-json\/wp\/v2\/product_tag?post=132"}],"curies":[{"name":"wp","href":"https:\/\/api.w.org\/{rel}","templated":true}]}}