{"id":135,"date":"2020-12-18T13:02:28","date_gmt":"2020-12-18T16:02:28","guid":{"rendered":"http:\/\/acessopontotech.com.br\/index.php\/product\/import-placeholder-for-809\/"},"modified":"2020-12-18T13:03:05","modified_gmt":"2020-12-18T16:03:05","slug":"crachas-para-relogio-de-ponto-ate-100-unidades","status":"publish","type":"product","link":"https:\/\/acessopontotech.com.br\/index.php\/product\/crachas-para-relogio-de-ponto-ate-100-unidades\/","title":{"rendered":"CRACH\u00c1S PARA REL\u00d3GIO DE PONTO &#8211; AT\u00c9 100 UNIDADES"},"content":{"rendered":"<p class=\"category-description\">A Soltech Id, faz com excelencia toda parte de identifica\u00e7\u00e3o atrav\u00e9s de cart\u00f5es e crach\u00e1s em pvc\u00a0feitos com a mais alta qualidade de impress\u00e3o.<\/p>\n<p class=\"category-description\">Fornecemos em qualquer quantidade, acima de 20 unidades a arte \u00e9 por nossa conta!<\/p>\n","protected":false},"excerpt":{"rendered":"<p align=\"justify\">Nossos crachas possuem\u00a0<span class=\"style4\"><strong><span style=\"color: #ff0000;\">12 meses<\/span><\/strong><\/span>\u00a0de garantia \u00e1 partir da data de confec\u00e7\u00e3o, trocamos o cart\u00e3o sem custo e temos um prazo de entrega de at\u00e9 48* horas(at\u00e9 50 cart\u00f5es).<\/p>\n<p align=\"justify\">Prestamos servi\u00e7os a todas empresas que querem dar uma nova vis\u00e3o a sua categoria, seja para identifica\u00e7\u00e3o dos funcion\u00e1rios a seus clientes ou para marca\u00e7\u00e3o de ponto eletr\u00f4nico (trabalhamos com todos os rel\u00f3gios informatizados).<\/p>\n<p align=\"justify\">Interessado em um de nossos produtos entre em contato para maiores informa\u00e7\u00f5es ou <a href=\"http:\/\/www.soltechinfo.com\/soltech-id-indentificacao-em-geral\/comercial@soltechinfo.com\">clique aqui<\/a>\u00a0para falar com um de nossos atendentes.<\/p>\n<p>Nossa empresa produz o que a de mais moderno em rela\u00e7\u00e3o a cart\u00e3o de ponto, carteirinha estudantil, cart\u00f5es de fidelidade e identifica\u00e7\u00e3o com um material apropriado para cada ramo de atividade.<\/p>\n<p align=\"justify\">Temos op\u00e7\u00e3o de v\u00e1rios leiautes prontos ou personalizados para cada empresa assim tornado a identifica\u00e7\u00e3o da sua empresa \u00fanica. Produzido com o material seed e um pl\u00e1stico especial o polaseal de 10 mil\u00edmetros torna nossos produtos os melhores do mercado com um pre\u00e7o insuper\u00e1vel.<\/p>\n","protected":false},"featured_media":194,"template":"","meta":{"_joinchat":[]},"product_cat":[18,16,21],"product_tag":[],"class_list":{"0":"post-135","1":"product","2":"type-product","3":"status-publish","4":"has-post-thumbnail","6":"product_cat-acessorios","7":"product_cat-controle-de-ponto","8":"product_cat-crachas-e-identificacao","10":"first","11":"instock","12":"shipping-taxable","13":"purchasable","14":"product-type-simple"},"_links":{"self":[{"href":"https:\/\/acessopontotech.com.br\/index.php\/wp-json\/wp\/v2\/product\/135","targetHints":{"allow":["GET"]}}],"collection":[{"href":"https:\/\/acessopontotech.com.br\/index.php\/wp-json\/wp\/v2\/product"}],"about":[{"href":"https:\/\/acessopontotech.com.br\/index.php\/wp-json\/wp\/v2\/types\/product"}],"version-history":[{"count":0,"href":"https:\/\/acessopontotech.com.br\/index.php\/wp-json\/wp\/v2\/product\/135\/revisions"}],"wp:featuredmedia":[{"embeddable":true,"href":"https:\/\/acessopontotech.com.br\/index.php\/wp-json\/wp\/v2\/media\/194"}],"wp:attachment":[{"href":"https:\/\/acessopontotech.com.br\/index.php\/wp-json\/wp\/v2\/media?parent=135"}],"wp:term":[{"taxonomy":"product_cat","embeddable":true,"href":"https:\/\/acessopontotech.com.br\/index.php\/wp-json\/wp\/v2\/product_cat?post=135"},{"taxonomy":"product_tag","embeddable":true,"href":"https:\/\/acessopontotech.com.br\/index.php\/wp-json\/wp\/v2\/product_tag?post=135"}],"curies":[{"name":"wp","href":"https:\/\/api.w.org\/{rel}","templated":true}]}}