{"id":167,"date":"2020-12-18T13:02:55","date_gmt":"2020-12-18T16:02:55","guid":{"rendered":"http:\/\/acessopontotech.com.br\/index.php\/product\/import-placeholder-for-818\/"},"modified":"2020-12-18T13:03:07","modified_gmt":"2020-12-18T16:03:07","slug":"comandas-fichas-de-consumo-bar-e-restaurantes","status":"publish","type":"product","link":"https:\/\/acessopontotech.com.br\/index.php\/product\/comandas-fichas-de-consumo-bar-e-restaurantes\/","title":{"rendered":"COMANDAS &#8211; FICHAS DE CONSUMO &#8211; BAR E RESTAURANTES"},"content":{"rendered":"<p>Nossas fichas de consumo possuem alta qualidade, podendo ser personalizadas de acordo com sua necessidade tanto frente como verso, com c\u00f3digo de barras pr\u00f3prio, pode ser utilizada em qualquer equipamento de leitura de c\u00f3digo de barras, proporcionando seguran\u00e7a no controle de bar, eventos e toda solu\u00e7\u00f5es no controle de estoque para bares, boates e restaurantes.<\/p>\n<p>Ex: Cerveja, Agua, Refri, Cigarro, Whisky, Vodka, Tira-gosto etc.<\/p>\n","protected":false},"excerpt":{"rendered":"<p>Prestamos servi\u00e7os a todas empresas que querem dar uma nova vis\u00e3o a sua categoria, seja para identifica\u00e7\u00e3o dos funcion\u00e1rios a seus clientes ou para marca\u00e7\u00e3o de ponto eletr\u00f4nico (trabalhamos com todos os rel\u00f3gios informatizados) ou controle de bares e restaurantes.<\/p>\n<p>Interessado em um de nossos produtos entre em contato para maiores informa\u00e7\u00f5es ou <a href=\"http:\/\/www.soltechinfo.com\/soltech-id-indentificacao-em-geral\/comercial@soltechinfo.com\">clique aqui<\/a>\u00a0para falar com um de nossos atendentes.<\/p>\n<p>Nossa empresa produz o que a de mais moderno em rela\u00e7\u00e3o a cart\u00e3o de ponto, carteirinha estudantil, cart\u00f5es de fidelidade e identifica\u00e7\u00e3o com um material apropriado para cada ramo de atividade.<\/p>\n<p>Temos op\u00e7\u00e3o de v\u00e1rios leiautes prontos ou personalizados para cada empresa assim tornado a identifica\u00e7\u00e3o da sua empresa \u00fanica. Produzido com o material de primeira, com qualidade fotogr\u00e1fica em pvc.\u00a0o que\u00a0torna nossos produtos os melhores do mercado com um pre\u00e7o insuper\u00e1vel.<\/p>\n","protected":false},"featured_media":197,"template":"","meta":{"_joinchat":[]},"product_cat":[20,19,21],"product_tag":[],"class_list":{"0":"post-167","1":"product","2":"type-product","3":"status-publish","4":"has-post-thumbnail","6":"product_cat-acessorios-controle-de-acesso","7":"product_cat-controle-de-acesso","8":"product_cat-crachas-e-identificacao","10":"first","11":"instock","12":"featured","13":"shipping-taxable","14":"purchasable","15":"product-type-simple"},"_links":{"self":[{"href":"https:\/\/acessopontotech.com.br\/index.php\/wp-json\/wp\/v2\/product\/167","targetHints":{"allow":["GET"]}}],"collection":[{"href":"https:\/\/acessopontotech.com.br\/index.php\/wp-json\/wp\/v2\/product"}],"about":[{"href":"https:\/\/acessopontotech.com.br\/index.php\/wp-json\/wp\/v2\/types\/product"}],"version-history":[{"count":0,"href":"https:\/\/acessopontotech.com.br\/index.php\/wp-json\/wp\/v2\/product\/167\/revisions"}],"wp:featuredmedia":[{"embeddable":true,"href":"https:\/\/acessopontotech.com.br\/index.php\/wp-json\/wp\/v2\/media\/197"}],"wp:attachment":[{"href":"https:\/\/acessopontotech.com.br\/index.php\/wp-json\/wp\/v2\/media?parent=167"}],"wp:term":[{"taxonomy":"product_cat","embeddable":true,"href":"https:\/\/acessopontotech.com.br\/index.php\/wp-json\/wp\/v2\/product_cat?post=167"},{"taxonomy":"product_tag","embeddable":true,"href":"https:\/\/acessopontotech.com.br\/index.php\/wp-json\/wp\/v2\/product_tag?post=167"}],"curies":[{"name":"wp","href":"https:\/\/api.w.org\/{rel}","templated":true}]}}