{"id":17,"date":"2020-12-18T13:00:56","date_gmt":"2020-12-18T16:00:56","guid":{"rendered":"http:\/\/acessopontotech.com.br\/index.php\/product\/import-placeholder-for-341\/"},"modified":"2020-12-18T13:01:00","modified_gmt":"2020-12-18T16:01:00","slug":"relogio-de-ponto-hexa-a-biometria-codigo-de-barras-proximidade-smart-card","status":"publish","type":"product","link":"https:\/\/acessopontotech.com.br\/index.php\/product\/relogio-de-ponto-hexa-a-biometria-codigo-de-barras-proximidade-smart-card\/","title":{"rendered":"REL\u00d3GIO DE PONTO HEXA A &#8211; BIOMETRIA C\u00d3DIGO DE BARRAS\/PROXIMIDADE\/SMART CARD"},"content":{"rendered":"<p style=\"text-align: justify;\"><span style=\"font-size: small;\"><strong>Caracter\u00edsticas<\/strong><\/span><\/p>\n<p style=\"text-align: justify;\">\u2022 Registrador eletr\u00f4nico de ponto que atende a Portaria 1.510\/09 do Minist\u00e9rio do Trabalho e Emprego (MTE), e<br \/>\nos requisitos da Portaria 595\/13 do INMETRO, que determina novos padr\u00f5es de seguran\u00e7a e qualidade para os<br \/>\nREPS.<\/p>\n<p style=\"text-align: justify;\">O modelo homologado \u00e9 :<\/p>\n<p style=\"text-align: justify;\">HEXA A &#8211; BIOMETRIA\/C\u00d3DIGO DE BARRAS\/PROXIMIDADE\/SMART CARD CONTACTLESS<\/p>\n<p>\u2022 Produzido com microcontrolador de \u00faltima gera\u00e7\u00e3o de 32 bits;<br \/>\n\u2022 Capacidade de gerenciamento de at\u00e9 15.000 colaboradores na Mem\u00f3ria de Trabalho (MT);<br \/>\n\u2022 Capacidade para armazenamento de registros em mem\u00f3ria (MRP): 9.000.000;<br \/>\n\u2022 Maior capacidade da bobina, com autonomia para mais de 11.000 tickets;<br \/>\n\u2022 Maior n\u00edvel de seguran\u00e7a, com dados fiscais assinados digitalmente;<br \/>\n\u2022 Comunica\u00e7\u00e3o protegida por criptografia, impedindo qualquer tentativa de fraude via softwares n\u00e3o<br \/>\nautorizados;<br \/>\n\u2022 Sistema interno de sensores que realizam o bloqueio autom\u00e1tico do equipamento, na tentativa viola\u00e7\u00e3o.<br \/>\n\u2022 Controle das opera\u00e7\u00f5es realizadas no equipamento, atrav\u00e9s de n\u00edveis de acesso concedidas pelo usu\u00e1rio<br \/>\nadministrador do sistema;<br \/>\n\u2022 Leitor biom\u00e9trico com sensor \u00f3tico e tecnologia antifraude, que faz a detec\u00e7\u00e3o de dedo vivo, permitindo<br \/>\nidentificar tentativas de fraude como a utiliza\u00e7\u00e3o de digitais falsas de silicone e gelatina (Opcional);<br \/>\n\u2022 Fornece interface de controle atrav\u00e9s de navegador web, sem necessidade de instala\u00e7\u00e3o de software na<br \/>\nm\u00e1quina do cliente;<br \/>\n\u2022 Os dados s\u00e3o gravados em mem\u00f3ria n\u00e3o vol\u00e1til tanto para a Mem\u00f3ria de Trabalho(MT) como para a Mem\u00f3ria<br \/>\nde Registro Permanente (MRP);<br \/>\n\u2022 Trabalha com v\u00e1rios tipos de comunica\u00e7\u00e3o, tornando-se um equipamento mold\u00e1vel \u00e0 necessidade do cliente e<br \/>\nadapt\u00e1vel ao ambiente;<br \/>\n&#8216;<br \/>\n\u2022 O equipamento trabalha com leitura autom\u00e1tica da quantidade de d\u00edgitos dos crach\u00e1s;<br \/>\n\u2022 Possui bot\u00e3o na cor vermelha identificado como RIM, que tem a fun\u00e7\u00e3o de extrair a rela\u00e7\u00e3o impressa das<br \/>\nmarca\u00e7\u00f5es de ponto realizadas nas 24 horas precedentes;<br \/>\n\u2022 Possui bot\u00e3o na cor azul que tem a fun\u00e7\u00e3o de imprimir o identificador do software e chave p\u00fablica do<br \/>\nequipamento;<br \/>\n\u2022 Possui porta fiscal USB para coleta do arquivo AFD para auditoria dos dados do equipamento pelo fiscal do<br \/>\ntrabalho, protegida por lacre;<br \/>\n\u2022 Oferece suporte para cadastro de cart\u00e3o do usu\u00e1rio para acesso ao menu no pr\u00f3prio equipamento.<br \/>\n\u2022 Opera biometria com recurso de toque \u00fanico, fun\u00e7\u00e3o que permite realizar a identifica\u00e7\u00e3o da digital apenas<br \/>\ncolocando o dedo sobre o sensor, sem a necessidade de digitar a matr\u00edcula, utilizar o crach\u00e1 ou a tecla de<br \/>\nverifica\u00e7\u00e3o dispon\u00edvel no teclado;<br \/>\n\u2022 Sistema de importa\u00e7\u00e3o e exporta\u00e7\u00e3o de dados via segunda porta USB. Atrav\u00e9s desta porta podem ser<br \/>\nrealizadas as configura\u00e7\u00f5es do equipamento, do empregador, de colaboradores, de biometrias e coleta de<br \/>\neventos;<br \/>\n\u2022 Permite realizar exporta\u00e7\u00e3o da chave p\u00fablica atrav\u00e9s da segunda porta USB, salvando-a em arquivo de texto<br \/>\nem um dispositivo USB de armazenamento;<br \/>\n\u2022 Sistema de identifica\u00e7\u00e3o de status e eventos no equipamento: pelo pr\u00f3prio equipamento, aplicativo<br \/>\nembarcado ou software gerenciador;<br \/>\n\u2022 Possui sistema de gerenciamento inteligente. Valida as informa\u00e7\u00f5es recebidas e as salva apenas se for<br \/>\nnecess\u00e1rio, otimizando a utiliza\u00e7\u00e3o da mem\u00f3ria;<br \/>\n\u2022 Possui sensor monitorador de papel que indica atrav\u00e9s de mensagem no display e aviso sonoro, o status de<br \/>\npouco papel, sem papel ou papel enroscado;<br \/>\n\u2022 Possui contador de tickets restantes (valor aproximado), de forma que o empregador saiba quantos tickets<br \/>\nainda podem ser impressos com determinada bobina de papel;<br \/>\n\u2022 Utiliza display gr\u00e1fico de alta resolu\u00e7\u00e3o;<br \/>\n\u2022 Nobreak interno que mant\u00e9m o funcionamento do equipamento mesmo na falta de energia el\u00e9trica<br \/>\n(Opcional);<\/p>\n<p style=\"text-align: justify;\"><span style=\"font-size: small;\"><strong>Operacional<\/strong><\/span><\/p>\n<p style=\"text-align: justify;\">\u2022 Tecnologias de identifica\u00e7\u00e3o: Biometria, C\u00f3digo de barras e Proximidade, Smart Card contactless e RFID;<br \/>\n\u2022 Leitor biom\u00e9trico: Tipo \u00f3ptico com resolu\u00e7\u00e3o de 500 DPI, mais resistente ao desgaste ou riscos e alto<br \/>\ndesempenho na verifica\u00e7\u00e3o da impress\u00e3o digital;<br \/>\n\u2022 Leitor biom\u00e9trico: Tipo Capacitivo com resolu\u00e7\u00e3o 508 DPI, mais resistente ao desgaste ou riscos e alto<br \/>\ndesempenho na verifica\u00e7\u00e3o da impress\u00e3o digital (Opcional);<br \/>\n\u2022 Modo da verifica\u00e7\u00e3o das digitais: 1:1 (reconhecimento feito com a pr\u00e9via informa\u00e7\u00e3o da matr\u00edcula e em<br \/>\nseguida colocando o dedo no sensor biom\u00e9trico) e 1:N (reconhecimento feito apenas colocando o dedo sobre<br \/>\no sensor biom\u00e9trico);<br \/>\n&#8216;<br \/>\n\u2022 Varia\u00e7\u00e3o de -30\u00ba e +30\u00ba para reconhecimento da biometria;<br \/>\n\u2022 Capacidades de armazenamento de digitais:1.000, 9.500(Opcional) ou 19.000 (Opcional) digitais;<br \/>\n\u2022 Capacidade de expans\u00e3o da mem\u00f3ria para at\u00e9 90 milh\u00f5es de registros ( Opcional);<br \/>\n\u2022 Leitor de proximidade: l\u00ea no padr\u00e3o 125 kHz Unique, tanto no padr\u00e3o Wiegand como AbaTrack;<br \/>\n\u2022 Leitor de c\u00f3digos de barras: Realiza leitura de crach\u00e1s de 3 a 20 d\u00edgitos, nos padr\u00f5es: 128, 2 de 5 intercalado<br \/>\ne n\u00e3o intercalado e o padr\u00e3o 3 de 9;<br \/>\n\u2022 Armazenamento em mem\u00f3ria flash para a MT e MRP, no qual a mem\u00f3ria MRP possui um sistema de<br \/>\ngerenciamento interno para garantir a integridade dos dados;<br \/>\n\u2022 Mecanismo impressor t\u00e9rmico com capacidade de impress\u00e3o de 38 caracteres por linha;<br \/>\n\u2022 Suporta bobinas de at\u00e9 400 metros de comprimento;<br \/>\n\u2022 Impressora t\u00e9rmica de alta resolu\u00e7\u00e3o e velocidade de at\u00e9 200 mm\/s, com corte total do papel;<br \/>\n\u2022 Durabilidade m\u00ednima da impress\u00e3o de 5 anos, respeitando os requisitos de conserva\u00e7\u00e3o do fabricante do<br \/>\npapel;<br \/>\n\u2022 Modos de comunica\u00e7\u00e3o: trabalha somente em modo off-line, usando os dados contidos na MT para<br \/>\nautentica\u00e7\u00e3o no equipamento;<br \/>\n\u2022 Tipos de comunica\u00e7\u00e3o: Serial RS-232, TCP\/IP 10\/100 MBits e USB nativos;<br \/>\n\u2022 M\u00f3dulos externos opcionais: Wi-Fi, GPRS, 3G (para conex\u00e3o \u00e9 necess\u00e1rio um software gerenciador);<br \/>\n\u2022 Velocidade de comunica\u00e7\u00e3o (Serial RS-232): 9.600 bps ou 115.200 bps;<br \/>\n\u2022 Possui segunda entrada USB, por onde \u00e9 poss\u00edvel realizar a coleta por filtros de registros, configurar o<br \/>\nequipamento, cadastrar empregador, colaboradores e digitais;<br \/>\n\u2022 Teclado: 18 teclas sendo 10 em padr\u00e3o telef\u00f4nico e 8 teclas adicionais de fun\u00e7\u00e3o. Teclado opcional que<br \/>\natende o padr\u00e3o da NBR 9050;<br \/>\n\u2022 Calend\u00e1rio perp\u00e9tuo: gerencia a passagem da hora, minuto, segundo, dia, m\u00eas e ano. Possui uma bateria de<br \/>\nl\u00edtio com capacidade de manter a data e hora correta 1.440 horas, ou seja, dois meses no caso de<br \/>\ndesligamento total do mesmo;<br \/>\n\u2022 Possui sistema de prote\u00e7\u00e3o interno para supervis\u00e3o do funcionamento do equipamento e dos n\u00edveis de tens\u00e3o<br \/>\n(watchdog);<br \/>\n\u2022 Coleta de dados: os registros podem ser coletados via porta USB Fiscal, segunda USB no pr\u00f3prio equipamento,<br \/>\naplicativo embarcado em um navegador de internet ou via software gerenciador;<\/p>\n<p style=\"text-align: justify;\"><span style=\"font-size: small;\"><strong>Ambiente<\/strong><\/span><\/p>\n<p style=\"text-align: justify;\">\u2022 Temperatura de opera\u00e7\u00e3o: -15\u00b0C a 55\u00b0C (sem condensa\u00e7\u00e3o);<br \/>\n\u2022 Temperatura para estocagem: -20\u00b0C a 60\u00b0C;<br \/>\n\u2022 Faixa de umidade para funcionamento: 0 a 95%;<br \/>\n\u2022 N\u00edvel aceit\u00e1vel de luz para funcionamento: 3.000 Lux.<br \/>\n&#8216;<\/p>\n<p style=\"text-align: justify;\"><span style=\"font-size: small;\"><strong>Mec\u00e2nica<\/strong><\/span><\/p>\n<p style=\"text-align: justify;\">\u2022 Peso: 1,84 kg;<br \/>\n\u2022 Altura: 24,5 cm;<br \/>\n\u2022 Profundidade: 13,6 cm;<br \/>\n\u2022 Largura da base: 28,4 cm.<br \/>\nEl\u00e9trica<br \/>\n\u2022 Fonte chaveada: 90 a 240 VAC;<br \/>\n\u2022 Tens\u00e3o de opera\u00e7\u00e3o: 24 Volts;<br \/>\n\u2022 Pot\u00eancia m\u00e9dia: 12 W;<br \/>\n\u2022 Consumo m\u00e9dio de corrente: 500 mA;<br \/>\n\u2022 Nobreak interno com autonomia de at\u00e9 8 horas de funcionamento (Opcional).<\/p>\n","protected":false},"excerpt":{"rendered":"<p>Hexa, o Rel\u00f3gio de Ponto com Design arrojado da Henry.<br \/>\nPensado para melhor atender as empresas de pequeno a grande porte, o Hexa \u00e9 um equipamento que disp\u00f5e de 5 modelos diferentes, todos cumprindo as especifica\u00e7\u00f5es da portaria 1510 do MTE (Minist\u00e9rio do Trabalho e Emprego) e tamb\u00e9m a do Inmetro. Seu web server embarcado permite fazer algumas configura\u00e7\u00f5es direto no aparelho, dispensando a necessidade de um computador para executar esta a\u00e7\u00e3o. Tamb\u00e9m oferece mais economia, pois comporta bobina de at\u00e9 400 metros de comprimento, diminuindo a quantidade de trocas, al\u00e9m de que permite o cadastramento de at\u00e9 15 mil colaboradores e registra na mem\u00f3ria at\u00e9 9.000.000 registros, o que torna o Hexa um equipamento completo.<\/p>\n","protected":false},"featured_media":47,"template":"","meta":{"_joinchat":[]},"product_cat":[16,17],"product_tag":[],"class_list":{"0":"post-17","1":"product","2":"type-product","3":"status-publish","4":"has-post-thumbnail","6":"product_cat-controle-de-ponto","7":"product_cat-relogios-de-ponto","9":"first","10":"onbackorder","11":"featured","12":"shipping-taxable","13":"purchasable","14":"product-type-simple"},"_links":{"self":[{"href":"https:\/\/acessopontotech.com.br\/index.php\/wp-json\/wp\/v2\/product\/17","targetHints":{"allow":["GET"]}}],"collection":[{"href":"https:\/\/acessopontotech.com.br\/index.php\/wp-json\/wp\/v2\/product"}],"about":[{"href":"https:\/\/acessopontotech.com.br\/index.php\/wp-json\/wp\/v2\/types\/product"}],"version-history":[{"count":0,"href":"https:\/\/acessopontotech.com.br\/index.php\/wp-json\/wp\/v2\/product\/17\/revisions"}],"wp:featuredmedia":[{"embeddable":true,"href":"https:\/\/acessopontotech.com.br\/index.php\/wp-json\/wp\/v2\/media\/47"}],"wp:attachment":[{"href":"https:\/\/acessopontotech.com.br\/index.php\/wp-json\/wp\/v2\/media?parent=17"}],"wp:term":[{"taxonomy":"product_cat","embeddable":true,"href":"https:\/\/acessopontotech.com.br\/index.php\/wp-json\/wp\/v2\/product_cat?post=17"},{"taxonomy":"product_tag","embeddable":true,"href":"https:\/\/acessopontotech.com.br\/index.php\/wp-json\/wp\/v2\/product_tag?post=17"}],"curies":[{"name":"wp","href":"https:\/\/api.w.org\/{rel}","templated":true}]}}