{"id":172,"date":"2020-12-18T13:02:56","date_gmt":"2020-12-18T16:02:56","guid":{"rendered":"http:\/\/acessopontotech.com.br\/index.php\/product\/import-placeholder-for-837\/"},"modified":"2020-12-18T13:03:14","modified_gmt":"2020-12-18T16:03:14","slug":"ribbon-impressora-de-cracha-colorido-ymkct-para-datacard-sd160","status":"publish","type":"product","link":"https:\/\/acessopontotech.com.br\/index.php\/product\/ribbon-impressora-de-cracha-colorido-ymkct-para-datacard-sd160\/","title":{"rendered":"RIBBON IMPRESSORA DE CRACH\u00c1 &#8211; COLORIDO (YMKCT) PARA DATACARD SD160"},"content":{"rendered":"<section class=\"main-section item-description \">Fita de Impress\u00e3o Colorida c\/ UV (YMCKT-F), 300 impress\u00f5es<\/p>\n<p>Ribbon Datacard cod.534100-003<\/p>\n<p>Compat\u00edvel com SD160<\/p>\n<p>O Kit de Fita UV Color da YMCKT inclui uma fita, um cart\u00e3o de limpeza de isopropanol e uma capa de limpeza adesiva, 500 impress\u00f5es de imagem por rolo. A fita \u00e9 usada para imprimir em uma variedade de cores: amarelo, magenta, ciano e preto. A fita tamb\u00e9m inclui um painel Fluorescente (Fluorescente UV). O restante acabamento fornece uma camada extra de prote\u00e7\u00e3o para o cart\u00e3o. Esta fita \u00e9 usada para imprimir cores em um lado de um cart\u00e3o.<\/p>\n<\/section>\n","protected":false},"excerpt":{"rendered":"<p>Fita de Impress\u00e3o Colorida c\/ UV (YMCKT-F), 300 impress\u00f5es Ribbon Datacard cod.534100-003 Compat\u00edvel com SD160 O Kit de Fita UV Color da YMCKT inclui uma fita, um cart\u00e3o de limpeza de isopropanol e uma capa de limpeza adesiva, 500 impress\u00f5es de imagem por rolo. A fita \u00e9 usada para imprimir em uma variedade de cores: [&hellip;]<\/p>\n","protected":false},"featured_media":208,"template":"","meta":{"_joinchat":[]},"product_cat":[21],"product_tag":[],"class_list":{"0":"post-172","1":"product","2":"type-product","3":"status-publish","4":"has-post-thumbnail","6":"product_cat-crachas-e-identificacao","8":"first","9":"instock","10":"shipping-taxable","11":"purchasable","12":"product-type-simple"},"_links":{"self":[{"href":"https:\/\/acessopontotech.com.br\/index.php\/wp-json\/wp\/v2\/product\/172","targetHints":{"allow":["GET"]}}],"collection":[{"href":"https:\/\/acessopontotech.com.br\/index.php\/wp-json\/wp\/v2\/product"}],"about":[{"href":"https:\/\/acessopontotech.com.br\/index.php\/wp-json\/wp\/v2\/types\/product"}],"version-history":[{"count":0,"href":"https:\/\/acessopontotech.com.br\/index.php\/wp-json\/wp\/v2\/product\/172\/revisions"}],"wp:featuredmedia":[{"embeddable":true,"href":"https:\/\/acessopontotech.com.br\/index.php\/wp-json\/wp\/v2\/media\/208"}],"wp:attachment":[{"href":"https:\/\/acessopontotech.com.br\/index.php\/wp-json\/wp\/v2\/media?parent=172"}],"wp:term":[{"taxonomy":"product_cat","embeddable":true,"href":"https:\/\/acessopontotech.com.br\/index.php\/wp-json\/wp\/v2\/product_cat?post=172"},{"taxonomy":"product_tag","embeddable":true,"href":"https:\/\/acessopontotech.com.br\/index.php\/wp-json\/wp\/v2\/product_tag?post=172"}],"curies":[{"name":"wp","href":"https:\/\/api.w.org\/{rel}","templated":true}]}}