{"id":173,"date":"2020-12-18T13:02:56","date_gmt":"2020-12-18T16:02:56","guid":{"rendered":"http:\/\/acessopontotech.com.br\/index.php\/product\/import-placeholder-for-844\/"},"modified":"2020-12-18T13:03:14","modified_gmt":"2020-12-18T16:03:14","slug":"ribbon-impressora-de-cracha-colorido-ymkct-para-datacard-sd260","status":"publish","type":"product","link":"https:\/\/acessopontotech.com.br\/index.php\/product\/ribbon-impressora-de-cracha-colorido-ymkct-para-datacard-sd260\/","title":{"rendered":"RIBBON IMPRESSORA DE CRACH\u00c1 &#8211; COLORIDO (YMKCT) PARA DATACARD SD260"},"content":{"rendered":"<section class=\"main-section item-description \">\n<h2 class=\"main-section__title item-description__title\">Descri\u00e7\u00e3o<\/h2>\n<div id=\"description-includes\" class=\"item-description__content \">\n<div class=\"item-description__text\">\n<p>Ribbon Datacard Colorido YMCKT c\u00f3digo 534000-003<\/p>\n<p>SP\/SD Series Card Printers<\/p>\n<p>Produto Original, Importado e Lacrado<\/p>\n<p>&#8211; Funciona nas impressoras:<\/p>\n<p>&#8211; Datacard Sd260 \/ Datacard Sd360<br \/>\n* ATEN\u00c7\u00c3O: Impressora Datacard Sd260 \/ Sd360 que estiverem com o firmware igual ou acima de (D2.15.3) , ou, que no display da impressora apare\u00e7a o c\u00f3digo (R002) esse ribbon n\u00e3o sera compat\u00edvel. Nesse caso ser\u00e1 necess\u00e1rio comprar o ribbon c\u00f3digo 534700-004-R002 (pe\u00e7a ao vendedor).<\/p>\n<p>Datacard Sp35 \/ Datacard Sp55 \/ Datacard Sp75<\/p>\n<p>&#8211; Capacidade de Impress\u00e3o:<\/p>\n<p>At\u00e9 500 impress\u00f5es em ( 5 Pain\u00e9is YMCKT )<\/p>\n<p>&#8211; Conte\u00fado da Caixa:<\/p>\n<p>1 Ribbon, 1 rolete de limpeza e 1 cart\u00e3o de limpeza.<\/p>\n<\/div>\n<\/div>\n<\/section>\n","protected":false},"excerpt":{"rendered":"<p>Descri\u00e7\u00e3o Ribbon Datacard Colorido YMCKT c\u00f3digo 534000-003 SP\/SD Series Card Printers Produto Original, Importado e Lacrado &#8211; Funciona nas impressoras: &#8211; Datacard Sd260 \/ Datacard Sd360 * ATEN\u00c7\u00c3O: Impressora Datacard Sd260 \/ Sd360 que estiverem com o firmware igual ou acima de (D2.15.3) , ou, que no display da impressora apare\u00e7a o c\u00f3digo (R002) esse [&hellip;]<\/p>\n","protected":false},"featured_media":208,"template":"","meta":{"_joinchat":[]},"product_cat":[21],"product_tag":[],"class_list":{"0":"post-173","1":"product","2":"type-product","3":"status-publish","4":"has-post-thumbnail","6":"product_cat-crachas-e-identificacao","8":"first","9":"instock","10":"shipping-taxable","11":"purchasable","12":"product-type-simple"},"_links":{"self":[{"href":"https:\/\/acessopontotech.com.br\/index.php\/wp-json\/wp\/v2\/product\/173","targetHints":{"allow":["GET"]}}],"collection":[{"href":"https:\/\/acessopontotech.com.br\/index.php\/wp-json\/wp\/v2\/product"}],"about":[{"href":"https:\/\/acessopontotech.com.br\/index.php\/wp-json\/wp\/v2\/types\/product"}],"version-history":[{"count":0,"href":"https:\/\/acessopontotech.com.br\/index.php\/wp-json\/wp\/v2\/product\/173\/revisions"}],"wp:featuredmedia":[{"embeddable":true,"href":"https:\/\/acessopontotech.com.br\/index.php\/wp-json\/wp\/v2\/media\/208"}],"wp:attachment":[{"href":"https:\/\/acessopontotech.com.br\/index.php\/wp-json\/wp\/v2\/media?parent=173"}],"wp:term":[{"taxonomy":"product_cat","embeddable":true,"href":"https:\/\/acessopontotech.com.br\/index.php\/wp-json\/wp\/v2\/product_cat?post=173"},{"taxonomy":"product_tag","embeddable":true,"href":"https:\/\/acessopontotech.com.br\/index.php\/wp-json\/wp\/v2\/product_tag?post=173"}],"curies":[{"name":"wp","href":"https:\/\/api.w.org\/{rel}","templated":true}]}}