{"id":174,"date":"2020-12-18T13:02:56","date_gmt":"2020-12-18T16:02:56","guid":{"rendered":"http:\/\/acessopontotech.com.br\/index.php\/product\/import-placeholder-for-846\/"},"modified":"2020-12-18T13:03:15","modified_gmt":"2020-12-18T16:03:15","slug":"ribbon-impressora-de-cracha-preto-para-datacard-sd160","status":"publish","type":"product","link":"https:\/\/acessopontotech.com.br\/index.php\/product\/ribbon-impressora-de-cracha-preto-para-datacard-sd160\/","title":{"rendered":"RIBBON IMPRESSORA DE CRACH\u00c1 &#8211; PRETO PARA DATACARD SD160"},"content":{"rendered":"<p>Ribbon monocrom\u00e1tico preto (K) para impressora Datacard SP e SD Series; Rendimento 1500 impress\u00f5es; Acompanha 1 Rolete de limpeza + 1 Cart\u00e3o de limpeza; P\/N: 532000-053. Fita de impress\u00e3o original para impressoras Datacard SD 260 e SD360. Compat\u00edvel com impressoras SP 35 e SP35 plus*, SP 55 e SP55 plus* e SP 75 e SP75 plus*. *Necess\u00e1rio fazer atualiza\u00e7\u00e3o do firmware.<\/p>\n","protected":false},"excerpt":{"rendered":"<p>A Datacard cria, testa e fornece fitas de impress\u00e3o colorida que ajuda seus clientes a produzir cart\u00f5es de alta qualidade e de cores ricas. J\u00e1 as fitas de impress\u00e3o monocrom\u00e1tica Datacard podem oferecer resultados excepcionais para impress\u00e3o e texto b\u00e1sico. Oferecemos uma s\u00e9rie de cores convencionais, al\u00e9m de met\u00e1licos que produzem texto n\u00edtido e detalhes delicados at\u00e9 mesmo para os padr\u00f5es mais complexos.<\/p>\n","protected":false},"featured_media":209,"template":"","meta":{"_joinchat":[]},"product_cat":[21],"product_tag":[],"class_list":{"0":"post-174","1":"product","2":"type-product","3":"status-publish","4":"has-post-thumbnail","6":"product_cat-crachas-e-identificacao","8":"first","9":"instock","10":"shipping-taxable","11":"purchasable","12":"product-type-simple"},"_links":{"self":[{"href":"https:\/\/acessopontotech.com.br\/index.php\/wp-json\/wp\/v2\/product\/174","targetHints":{"allow":["GET"]}}],"collection":[{"href":"https:\/\/acessopontotech.com.br\/index.php\/wp-json\/wp\/v2\/product"}],"about":[{"href":"https:\/\/acessopontotech.com.br\/index.php\/wp-json\/wp\/v2\/types\/product"}],"version-history":[{"count":0,"href":"https:\/\/acessopontotech.com.br\/index.php\/wp-json\/wp\/v2\/product\/174\/revisions"}],"wp:featuredmedia":[{"embeddable":true,"href":"https:\/\/acessopontotech.com.br\/index.php\/wp-json\/wp\/v2\/media\/209"}],"wp:attachment":[{"href":"https:\/\/acessopontotech.com.br\/index.php\/wp-json\/wp\/v2\/media?parent=174"}],"wp:term":[{"taxonomy":"product_cat","embeddable":true,"href":"https:\/\/acessopontotech.com.br\/index.php\/wp-json\/wp\/v2\/product_cat?post=174"},{"taxonomy":"product_tag","embeddable":true,"href":"https:\/\/acessopontotech.com.br\/index.php\/wp-json\/wp\/v2\/product_tag?post=174"}],"curies":[{"name":"wp","href":"https:\/\/api.w.org\/{rel}","templated":true}]}}