{"id":176,"date":"2020-12-18T13:02:56","date_gmt":"2020-12-18T16:02:56","guid":{"rendered":"http:\/\/acessopontotech.com.br\/index.php\/product\/import-placeholder-for-851\/"},"modified":"2020-12-18T13:03:17","modified_gmt":"2020-12-18T16:03:17","slug":"software-acesso-net-para-controle-de-acesso-e-portaria","status":"publish","type":"product","link":"https:\/\/acessopontotech.com.br\/index.php\/product\/software-acesso-net-para-controle-de-acesso-e-portaria\/","title":{"rendered":"SOFTWARE &#8211; ACESSO.NET &#8211; PARA CONTROLE DE ACESSO E PORTARIA"},"content":{"rendered":"<h2 class=\"NomeProgramaSubtitulo\">Principais Caracter\u00edsticas &#8211; Secullum Acesso.Net<\/h2>\n<ul class=\"TextoBranco ListaCarac Tam12\">\n<li class=\"ListaCaracItem\">Compat\u00edvel com as tecnologias:\n<p class=\"pComEspaco\">\u00a0\u00a0\u00a0\u00a0&#8211;\u00a0<strong>Controle de Acesso<\/strong>: Digita\u00e7\u00e3o de senha, C\u00f3digo de Barras, Proximidade, MiFare e Biometria;<\/p>\n<p class=\"pComEspaco\">\u00a0\u00a0\u00a0\u00a0&#8211;\u00a0<strong>Captura de Imagens<\/strong>: WebCam, sistemas de C\u00e2meras anal\u00f3gicas ou Ip (revisar compatibilidade com fabricante);<\/p>\n<p class=\"pComEspaco\">\u00a0\u00a0\u00a0\u00a0&#8211;\u00a0<strong>Acionadores e sensores<\/strong>: Catracas, Cancelas, Detectores de Metais, Botoeiras, Portas, etc.<\/p>\n<\/li>\n<li class=\"ListaCaracItem\">Integra com a maioria dos bancos de dados;<\/li>\n<li class=\"ListaCaracItem\"><strong>Exporta\u00e7\u00e3o de relat\u00f3rios para os formatos<\/strong>: PDF, Microsoft XPS, Html, MHT Web, Text File, Rich Text File, Word, Excel, CSV, DBF, XML, BMP, GIF, JPEG, PNG, TIF, Windows Metafile;<\/li>\n<li class=\"ListaCaracItem\">Dispon\u00edvel nas vers\u00f5es\u00a0<strong>Windows e WEB<\/strong>;<\/li>\n<li class=\"ListaCaracItem\"><strong>Projetado para aplica\u00e7\u00f5es cr\u00edticas<\/strong>;<\/li>\n<li class=\"ListaCaracItem\"><strong>M\u00f3dulo de Refeit\u00f3rio integrado<\/strong>\u00a0ao sistema;<\/li>\n<li class=\"ListaCaracItem\">Registro de\u00a0<strong>Ocorr\u00eancias<\/strong>;<\/li>\n<li class=\"ListaCaracItem\">Relat\u00f3rio de\u00a0<strong>Linha do Tempo<\/strong>;<\/li>\n<li class=\"ListaCaracItem\"><strong>Controle de eventos, executa a\u00e7\u00f5es de acordo com acontecimentos<\/strong>\u00a0(Ex: Envia e-mail caso um equipamento deixe de funcionar, ou envia um SMS caso uma porta for arrombada);<\/li>\n<li class=\"ListaCaracItem\"><strong>Monitoramento em tempo real<\/strong>\u00a0utilizando plantas baixas.<\/li>\n<\/ul>\n<p>&nbsp;<\/p>\n","protected":false},"excerpt":{"rendered":"<h1 class=\"NomePrograma\">Secullum Acesso.Net<\/h1>\n<p class=\"ResumoSistema\">O sistema Secullum Acesso.Net tem por finalidade controlar e gerenciar diversas situa\u00e7\u00f5es relacionadas a seguran\u00e7a, podendo ser aplicado em:<br \/>\n&#8211; Ind\u00fastrias e com\u00e9rcios;<br \/>\n&#8211; Empresas p\u00fablicas ou privadas;<br \/>\n&#8211; Condom\u00ednios;<br \/>\n&#8211; Escolas e universidades;<br \/>\n&#8211; Refeit\u00f3rios.<br \/>\nAtrav\u00e9s de uma interface simples, compat\u00edvel com os sistemas operacionais Windows Vista, ou interface WEB, podemos efetuar funcionalidades diversas, que compreendem cadastramentos, configura\u00e7\u00f5es de equipamentos e consulta a relat\u00f3rios.<br \/>\nDispon\u00edvel tamb\u00e9m na modalidade de mensalidade, contemplando\u00a0<a class=\"LinkLaranja Tam12\" href=\"https:\/\/secullum.com.br\/servico-backup-remoto\">Backup Remoto<\/a>,\u00a0<a class=\"LinkLaranja Tam12\" href=\"https:\/\/secullum.com.br\/servico-atualizacao-automatica\">Atualiza\u00e7\u00f5es autom\u00e1ticas\u00a0<\/a>e direito a evolu\u00e7\u00e3o do produto.<\/p>\n","protected":false},"featured_media":211,"template":"","meta":{"_joinchat":[]},"product_cat":[20,19,29],"product_tag":[],"class_list":{"0":"post-176","1":"product","2":"type-product","3":"status-publish","4":"has-post-thumbnail","6":"product_cat-acessorios-controle-de-acesso","7":"product_cat-controle-de-acesso","8":"product_cat-softwares","10":"first","11":"instock","12":"featured","13":"shipping-taxable","14":"purchasable","15":"product-type-simple"},"_links":{"self":[{"href":"https:\/\/acessopontotech.com.br\/index.php\/wp-json\/wp\/v2\/product\/176","targetHints":{"allow":["GET"]}}],"collection":[{"href":"https:\/\/acessopontotech.com.br\/index.php\/wp-json\/wp\/v2\/product"}],"about":[{"href":"https:\/\/acessopontotech.com.br\/index.php\/wp-json\/wp\/v2\/types\/product"}],"version-history":[{"count":0,"href":"https:\/\/acessopontotech.com.br\/index.php\/wp-json\/wp\/v2\/product\/176\/revisions"}],"wp:featuredmedia":[{"embeddable":true,"href":"https:\/\/acessopontotech.com.br\/index.php\/wp-json\/wp\/v2\/media\/211"}],"wp:attachment":[{"href":"https:\/\/acessopontotech.com.br\/index.php\/wp-json\/wp\/v2\/media?parent=176"}],"wp:term":[{"taxonomy":"product_cat","embeddable":true,"href":"https:\/\/acessopontotech.com.br\/index.php\/wp-json\/wp\/v2\/product_cat?post=176"},{"taxonomy":"product_tag","embeddable":true,"href":"https:\/\/acessopontotech.com.br\/index.php\/wp-json\/wp\/v2\/product_tag?post=176"}],"curies":[{"name":"wp","href":"https:\/\/api.w.org\/{rel}","templated":true}]}}