{"id":177,"date":"2020-12-18T13:02:56","date_gmt":"2020-12-18T16:02:56","guid":{"rendered":"http:\/\/acessopontotech.com.br\/index.php\/product\/import-placeholder-for-856\/"},"modified":"2020-12-18T13:03:32","modified_gmt":"2020-12-18T16:03:32","slug":"software-controle-de-acesso-escola-e-faculdades","status":"publish","type":"product","link":"https:\/\/acessopontotech.com.br\/index.php\/product\/software-controle-de-acesso-escola-e-faculdades\/","title":{"rendered":"SOFTWARE &#8211; CONTROLE DE ACESSO &#8211; ESCOLA E FACULDADES"},"content":{"rendered":"<h2 class=\"NomeProgramaSubtitulo\">Principais Caracter\u00edsticas &#8211; Secullum Escola.Net<\/h2>\n<ul class=\"TextoBranco ListaCarac Tam12\">\n<li class=\"ListaCaracItem\">Compat\u00edvel com as tecnologias:\n<p class=\"pComEspaco\">\u00a0\u00a0\u00a0\u00a0&#8211;\u00a0<strong>Controle de Acesso<\/strong>: Digita\u00e7\u00e3o de senha, C\u00f3digo de Barras, Proximidade, MiFare e Biometria;<\/p>\n<p class=\"pComEspaco\">\u00a0\u00a0\u00a0\u00a0&#8211;\u00a0<strong>Captura de Imagens<\/strong>: C\u00e2meras IP, WebCam, ou sistema de C\u00e2meras anal\u00f3gicas ou IP (revisar compatibilidade com fabricante);<\/p>\n<\/li>\n<li class=\"ListaCaracItem\">Cadastro de\u00a0<strong>alunos, professores, funcion\u00e1rios<\/strong>\u00a0e qualquer outro tipo de pessoa.<\/li>\n<li class=\"ListaCaracItem\">Op\u00e7\u00e3o para\u00a0<strong>bloqueio de inadimplentes<\/strong>.<\/li>\n<li class=\"ListaCaracItem\">Controle de\u00a0<strong>servi\u00e7os<\/strong>\u00a0ou\u00a0<strong>cursos oferecidos<\/strong>\u00a0e\u00a0<strong>gera\u00e7\u00e3o de mensalidades<\/strong>.<\/li>\n<li class=\"ListaCaracItem\">Gest\u00e3o de\u00a0<strong>contas a pagar<\/strong>.<\/li>\n<li class=\"ListaCaracItem\">Gest\u00e3o de\u00a0<strong>contas a receber<\/strong>\u00a0com op\u00e7\u00f5es para\u00a0<strong>gera\u00e7\u00e3o de recibos<\/strong>,<strong>boletos<\/strong>\u00a0e\u00a0<strong>controle de cheques<\/strong>.<\/li>\n<li class=\"ListaCaracItem\">Cadastro e\u00a0<strong>controle de Turmas<\/strong>\u00a0com limites de pessoas.<\/li>\n<li class=\"ListaCaracItem\"><strong>Envio de email\/SMS para os pais dos alunos<\/strong>, contendo informa\u00e7\u00f5es de acesso.<\/li>\n<li class=\"ListaCaracItem\"><strong>Registro de ocorr\u00eancias<\/strong>.<\/li>\n<li class=\"ListaCaracItem\"><strong>M\u00f3dulo de consumo<\/strong>\u00a0para lancherias, vendas de material did\u00e1tico e controle b\u00e1sico de estoque.<\/li>\n<\/ul>\n","protected":false},"excerpt":{"rendered":"<p>O Secullum Escola.Net tem por finalidade controlar e gerenciar o acesso de alunos, professores e outras pessoas, bem como auxiliar na gest\u00e3o administrativa, podendo ser aplicado em:<br \/>\n&#8211; Escolas;<br \/>\n&#8211; Faculdades;<br \/>\n&#8211; Cursos Profissionalizantes;<br \/>\n&#8211; Cursos Pr\u00e9-vestibulares;<br \/>\n&#8211; Cursos de Idiomas;<br \/>\n&#8211; Supletivos;<br \/>\nAtrav\u00e9s de uma interface simples, compat\u00edvel com os sistemas operacionais Windows, podemos efetuar funcionalidades diversas, que compreendem cadastramentos, configura\u00e7\u00f5es de equipamentos e consulta a relat\u00f3rios.<br \/>\nEste software est\u00e1 dispon\u00edvel apenas na modalidade de mensalidade, contemplando\u00a0<a class=\"LinkLaranja Tam12\" href=\"https:\/\/secullum.com.br\/servico-backup-remoto\">Backup Remoto<\/a>,\u00a0<a class=\"LinkLaranja Tam12\" href=\"https:\/\/secullum.com.br\/servico-atualizacao-automatica\">Atualiza\u00e7\u00f5es autom\u00e1ticas\u00a0<\/a>e direito a evolu\u00e7\u00e3o do produto.<\/p>\n","protected":false},"featured_media":237,"template":"","meta":{"_joinchat":[]},"product_cat":[20,19,29],"product_tag":[],"class_list":{"0":"post-177","1":"product","2":"type-product","3":"status-publish","4":"has-post-thumbnail","6":"product_cat-acessorios-controle-de-acesso","7":"product_cat-controle-de-acesso","8":"product_cat-softwares","10":"first","11":"instock","12":"shipping-taxable","13":"purchasable","14":"product-type-simple"},"_links":{"self":[{"href":"https:\/\/acessopontotech.com.br\/index.php\/wp-json\/wp\/v2\/product\/177","targetHints":{"allow":["GET"]}}],"collection":[{"href":"https:\/\/acessopontotech.com.br\/index.php\/wp-json\/wp\/v2\/product"}],"about":[{"href":"https:\/\/acessopontotech.com.br\/index.php\/wp-json\/wp\/v2\/types\/product"}],"version-history":[{"count":0,"href":"https:\/\/acessopontotech.com.br\/index.php\/wp-json\/wp\/v2\/product\/177\/revisions"}],"wp:featuredmedia":[{"embeddable":true,"href":"https:\/\/acessopontotech.com.br\/index.php\/wp-json\/wp\/v2\/media\/237"}],"wp:attachment":[{"href":"https:\/\/acessopontotech.com.br\/index.php\/wp-json\/wp\/v2\/media?parent=177"}],"wp:term":[{"taxonomy":"product_cat","embeddable":true,"href":"https:\/\/acessopontotech.com.br\/index.php\/wp-json\/wp\/v2\/product_cat?post=177"},{"taxonomy":"product_tag","embeddable":true,"href":"https:\/\/acessopontotech.com.br\/index.php\/wp-json\/wp\/v2\/product_tag?post=177"}],"curies":[{"name":"wp","href":"https:\/\/api.w.org\/{rel}","templated":true}]}}