{"id":179,"date":"2020-12-18T13:02:56","date_gmt":"2020-12-18T16:02:56","guid":{"rendered":"http:\/\/acessopontotech.com.br\/index.php\/product\/import-placeholder-for-863\/"},"modified":"2020-12-18T13:03:33","modified_gmt":"2020-12-18T16:03:33","slug":"software-para-controle-de-academias","status":"publish","type":"product","link":"https:\/\/acessopontotech.com.br\/index.php\/product\/software-para-controle-de-academias\/","title":{"rendered":"SOFTWARE &#8211; PARA CONTROLE DE ACADEMIAS"},"content":{"rendered":"<h2 class=\"NomeProgramaSubtitulo\">Principais Caracter\u00edsticas &#8211; Secullum Academia.Net<\/h2>\n<ul class=\"TextoBranco ListaCarac Tam12\">\n<li class=\"ListaCaracItem\">Permite\u00a0<strong>cadastro de pessoas ilimitadas<\/strong>\u00a0(verificar licen\u00e7a);<\/li>\n<li class=\"ListaCaracItem\"><strong>Avalia\u00e7\u00e3o F\u00edsica<\/strong>;<\/li>\n<li class=\"ListaCaracItem\"><strong>Cadastro e Controle de Treinamentos<\/strong>;<\/li>\n<li class=\"ListaCaracItem\"><strong>Gr\u00e1ficos de Antropom\u00e9trica<\/strong>;<\/li>\n<li class=\"ListaCaracItem\">Compat\u00edvel com as tecnologias:\n<p class=\"pComEspaco\">\u00a0\u00a0\u00a0\u00a0&#8211;\u00a0<strong>Controle de Acesso<\/strong>: Digita\u00e7\u00e3o de senha, C\u00f3digo de Barras, Proximidade, MiFare e Biometria;<\/p>\n<p class=\"pComEspaco\">\u00a0\u00a0\u00a0\u00a0&#8211;\u00a0<strong>Circuito Fechado de TV<\/strong>: C\u00e2meras IP, WebCam, ou sistema de C\u00e2meras anal\u00f3gicas ou IP (revisar compatibilidade com fabricante);<\/p>\n<\/li>\n<li class=\"ListaCaracItem\">Cadastro de\u00a0<strong>Alunos<\/strong>,\u00a0<strong>Funcion\u00e1rios<\/strong>\u00a0e quaisquer tipos de pessoas envolvidas com a academia;<\/li>\n<li class=\"ListaCaracItem\">Impress\u00e3o de\u00a0<strong>Etiquetas para Malas Diretas<\/strong>\u00a0com layout totalmente configur\u00e1vel;<\/li>\n<li class=\"ListaCaracItem\"><strong>Controle de Servi\u00e7os<\/strong>\u00a0oferecidos e gera\u00e7\u00e3o de mensalidades;<\/li>\n<li class=\"ListaCaracItem\">Gest\u00e3o de\u00a0<strong>Contas a Pagar<\/strong>;<\/li>\n<li class=\"ListaCaracItem\">Gest\u00e3o de\u00a0<strong>Contas a Receber<\/strong>\u00a0com op\u00e7\u00f5es para gera\u00e7\u00e3o de\u00a0<strong>Recibos<\/strong>,<strong>Boletos<\/strong>\u00a0e\u00a0<strong>controle de Cheques<\/strong>;<\/li>\n<li class=\"ListaCaracItem\">Relat\u00f3rios de\u00a0<strong>Fluxo de Caixa<\/strong>\u00a0previstos, realizados e gr\u00e1fico de evolu\u00e7\u00e3o peri\u00f3dico;<\/li>\n<li class=\"ListaCaracItem\">Controle de\u00a0<strong>Fichas de Anamnese<\/strong>\u00a0para acompanhamento dos alunos;<\/li>\n<li class=\"ListaCaracItem\">Cadastro e\u00a0<strong>controle de Turmas<\/strong>\u00a0com limites de pessoas;<\/li>\n<li class=\"ListaCaracItem\">Configura\u00e7\u00f5es de\u00a0<strong>avisos sobre vencimentos de mensalidades<\/strong>\u00a0nos equipamentos de acesso;<\/li>\n<li class=\"ListaCaracItem\">Tela especial simplificada para quita\u00e7\u00e3o de mensalidades e pesquisa de informa\u00e7\u00f5es de pessoas.<\/li>\n<\/ul>\n","protected":false},"excerpt":{"rendered":"<p>Controle o acesso de alunos e instrutores bloqueando inadimplentes. O sistema controla a gest\u00e3o da sua academia, bem como as avalia\u00e7\u00f5es f\u00edsicas e treinamentos.<\/p>\n<p>Dispon\u00edvel modalidade de mensalidade, contemplando\u00a0<a class=\"LinkLaranja Tam12\" href=\"https:\/\/secullum.com.br\/servico-backup-remoto\">Backup Remoto<\/a>,<a class=\"LinkLaranja Tam12\" href=\"https:\/\/secullum.com.br\/servico-atualizacao-automatica\">Atualiza\u00e7\u00f5es autom\u00e1ticas\u00a0<\/a>e direito a evolu\u00e7\u00e3o do produto.<\/p>\n","protected":false},"featured_media":241,"template":"","meta":{"_joinchat":[]},"product_cat":[20,19,29],"product_tag":[],"class_list":{"0":"post-179","1":"product","2":"type-product","3":"status-publish","4":"has-post-thumbnail","6":"product_cat-acessorios-controle-de-acesso","7":"product_cat-controle-de-acesso","8":"product_cat-softwares","10":"first","11":"instock","12":"shipping-taxable","13":"purchasable","14":"product-type-simple"},"_links":{"self":[{"href":"https:\/\/acessopontotech.com.br\/index.php\/wp-json\/wp\/v2\/product\/179","targetHints":{"allow":["GET"]}}],"collection":[{"href":"https:\/\/acessopontotech.com.br\/index.php\/wp-json\/wp\/v2\/product"}],"about":[{"href":"https:\/\/acessopontotech.com.br\/index.php\/wp-json\/wp\/v2\/types\/product"}],"version-history":[{"count":0,"href":"https:\/\/acessopontotech.com.br\/index.php\/wp-json\/wp\/v2\/product\/179\/revisions"}],"wp:featuredmedia":[{"embeddable":true,"href":"https:\/\/acessopontotech.com.br\/index.php\/wp-json\/wp\/v2\/media\/241"}],"wp:attachment":[{"href":"https:\/\/acessopontotech.com.br\/index.php\/wp-json\/wp\/v2\/media?parent=179"}],"wp:term":[{"taxonomy":"product_cat","embeddable":true,"href":"https:\/\/acessopontotech.com.br\/index.php\/wp-json\/wp\/v2\/product_cat?post=179"},{"taxonomy":"product_tag","embeddable":true,"href":"https:\/\/acessopontotech.com.br\/index.php\/wp-json\/wp\/v2\/product_tag?post=179"}],"curies":[{"name":"wp","href":"https:\/\/api.w.org\/{rel}","templated":true}]}}