{"id":180,"date":"2020-12-18T13:02:56","date_gmt":"2020-12-18T16:02:56","guid":{"rendered":"http:\/\/acessopontotech.com.br\/index.php\/product\/import-placeholder-for-866\/"},"modified":"2020-12-18T13:03:35","modified_gmt":"2020-12-18T16:03:35","slug":"software-para-controle-de-clubes","status":"publish","type":"product","link":"https:\/\/acessopontotech.com.br\/index.php\/product\/software-para-controle-de-clubes\/","title":{"rendered":"SOFTWARE &#8211; PARA CONTROLE DE CLUBES"},"content":{"rendered":"<h2 class=\"NomeProgramaSubtitulo\">Principais Caracter\u00edsticas &#8211; Secullum Clube.Net<\/h2>\n<ul class=\"TextoBranco ListaCarac Tam12\">\n<li class=\"ListaCaracItem\">Cadastro de\u00a0<strong>Titulares, Dependentes, Funcion\u00e1rios, Visitantes<\/strong>\u00a0e quaisquer tipos de pessoas envolvidas com o clube;<\/li>\n<li class=\"ListaCaracItem\">Cadastro e controle de\u00a0<strong>Turmas\u00a0<\/strong>com limites de pessoas;<\/li>\n<li class=\"ListaCaracItem\">Impress\u00e3o de\u00a0<strong>Etiquetas para Malas Diretas\u00a0<\/strong>com layout totalmente configur\u00e1vel;<\/li>\n<li class=\"ListaCaracItem\">Controle de\u00a0<strong>Ocorr\u00eancias<\/strong>\u00a0e acompanhamento da\u00a0<strong>Planta Baixa<\/strong>\u00a0do clube em tempo real;<\/li>\n<li class=\"ListaCaracItem\">Controle de\u00a0<strong>Produtos<\/strong>\u00a0e\u00a0<strong>Servi\u00e7os<\/strong>\u00a0oferecidos e gera\u00e7\u00e3o de mensalidades;<\/li>\n<li class=\"ListaCaracItem\">Gest\u00e3o de\u00a0<strong>Contas a Pagar<\/strong>;<\/li>\n<li class=\"ListaCaracItem\">Gest\u00e3o de Contas a Receber com op\u00e7\u00f5es para gera\u00e7\u00e3o de\u00a0<strong>Recibos<\/strong>,<strong>Boletos<\/strong>\u00a0e controles de\u00a0<strong>Cheques<\/strong>;<\/li>\n<li class=\"ListaCaracItem\">Relat\u00f3rios de\u00a0<strong>Fluxo de Caixa<\/strong>\u00a0previstos, realizados e gr\u00e1fico de evolu\u00e7\u00e3o peri\u00f3dico;<\/li>\n<li class=\"ListaCaracItem\">Impress\u00e3o de\u00a0<strong>Boletos<\/strong>\u00a0e integra\u00e7\u00e3o com bancos;<\/li>\n<li class=\"ListaCaracItem\">Tela especial simplificada para quita\u00e7\u00e3o de mensalidades e pesquisa de informa\u00e7\u00f5es de pessoas;<\/li>\n<\/ul>\n","protected":false},"excerpt":{"rendered":"<p>O sistema Secullum Clube.Net foi projetado para atender todos os tipos de clubes ou associa\u00e7\u00f5es. Atrav\u00e9s de uma interface amig\u00e1vel ele centraliza tarefas de controle de acesso, seguran\u00e7a e controle financeiro de maneira objetiva, tornando-se uma ferramenta ideal para o controle total do seu clube.<\/p>\n<p>Dispon\u00edvel modalidade de mensalidade, contemplando\u00a0<a class=\"LinkLaranja Tam12\" href=\"https:\/\/secullum.com.br\/servico-backup-remoto\">Backup Remoto<\/a>,<a class=\"LinkLaranja Tam12\" href=\"https:\/\/secullum.com.br\/servico-atualizacao-automatica\">Atualiza\u00e7\u00f5es autom\u00e1ticas\u00a0<\/a>e direito a evolu\u00e7\u00e3o do produto.<\/p>\n","protected":false},"featured_media":242,"template":"","meta":{"_joinchat":[]},"product_cat":[20,19,29],"product_tag":[],"class_list":{"0":"post-180","1":"product","2":"type-product","3":"status-publish","4":"has-post-thumbnail","6":"product_cat-acessorios-controle-de-acesso","7":"product_cat-controle-de-acesso","8":"product_cat-softwares","10":"first","11":"instock","12":"shipping-taxable","13":"purchasable","14":"product-type-simple"},"_links":{"self":[{"href":"https:\/\/acessopontotech.com.br\/index.php\/wp-json\/wp\/v2\/product\/180","targetHints":{"allow":["GET"]}}],"collection":[{"href":"https:\/\/acessopontotech.com.br\/index.php\/wp-json\/wp\/v2\/product"}],"about":[{"href":"https:\/\/acessopontotech.com.br\/index.php\/wp-json\/wp\/v2\/types\/product"}],"version-history":[{"count":0,"href":"https:\/\/acessopontotech.com.br\/index.php\/wp-json\/wp\/v2\/product\/180\/revisions"}],"wp:featuredmedia":[{"embeddable":true,"href":"https:\/\/acessopontotech.com.br\/index.php\/wp-json\/wp\/v2\/media\/242"}],"wp:attachment":[{"href":"https:\/\/acessopontotech.com.br\/index.php\/wp-json\/wp\/v2\/media?parent=180"}],"wp:term":[{"taxonomy":"product_cat","embeddable":true,"href":"https:\/\/acessopontotech.com.br\/index.php\/wp-json\/wp\/v2\/product_cat?post=180"},{"taxonomy":"product_tag","embeddable":true,"href":"https:\/\/acessopontotech.com.br\/index.php\/wp-json\/wp\/v2\/product_tag?post=180"}],"curies":[{"name":"wp","href":"https:\/\/api.w.org\/{rel}","templated":true}]}}