{"id":182,"date":"2020-12-18T13:02:57","date_gmt":"2020-12-18T16:02:57","guid":{"rendered":"http:\/\/acessopontotech.com.br\/index.php\/product\/import-placeholder-for-902\/"},"modified":"2020-12-18T13:03:41","modified_gmt":"2020-12-18T16:03:41","slug":"antena-tags-eas-am-58-khz","status":"publish","type":"product","link":"https:\/\/acessopontotech.com.br\/index.php\/product\/antena-tags-eas-am-58-khz\/","title":{"rendered":"ANTENA &#8211; TAGS EAS AM 58 KHZ"},"content":{"rendered":"<ul>\n<li>A Solu\u00e7\u00e3o ideal para estabelecimentos comercial que desejam a preven\u00e7\u00e3o de furtos.<\/li>\n<li>EAS AM Antena (Tecnologia AM indicada para detectar produtos l\u00edquidos e met\u00e1licos, que \u00e9 ideal para supermercados)<\/li>\n<li>* antena material: ABS<\/li>\n<li>* cor: branco<\/li>\n<li>* antena Dimens\u00e3o: 1490*440*40mm<\/li>\n<li>* antena N.W: 8.5 Kg\/p\u00e7s<\/li>\n<li>W: 11 KG<\/li>\n<li>* tamanho da embalagem: 1550*550*245mm<\/li>\n<li>* Faixa de detec\u00e7\u00e3o:<\/li>\n<li>para DR lable macio: 1.2-4 M cada antena (0.6-0.7 M de cada lado)<\/li>\n<li>para tag Duro: 2.0-2 M cada antena (1.0-1.1 M de cada lado)<\/li>\n<li>* tens\u00e3o de funcionamento: BI VOLT<\/li>\n<li>* Freq\u00fc\u00eancia de trabalho: 50-60 KHz<\/li>\n<li>* \u00e2mbito de aplica\u00e7\u00e3o: Apropriado para a loja, supermercado, loja de moda shopping, up-end loja de roupas, e assim por diante.<\/li>\n<\/ul>\n","protected":false},"excerpt":{"rendered":"<p>A Solu\u00e7\u00e3o ideal para estabelecimentos comercial que desejam a preven\u00e7\u00e3o de furtos. EAS AM Antena (Tecnologia AM indicada para detectar produtos l\u00edquidos e met\u00e1licos, que \u00e9 ideal para supermercados) * antena material: ABS * cor: branco * antena Dimens\u00e3o: 1490*440*40mm * antena N.W: 8.5 Kg\/p\u00e7s W: 11 KG * tamanho da embalagem: 1550*550*245mm * Faixa [&hellip;]<\/p>\n","protected":false},"featured_media":248,"template":"","meta":{"_joinchat":[]},"product_cat":[31,30],"product_tag":[],"class_list":{"0":"post-182","1":"product","2":"type-product","3":"status-publish","4":"has-post-thumbnail","6":"product_cat-controle-antifurtos","7":"product_cat-seguranca","9":"first","10":"instock","11":"shipping-taxable","12":"purchasable","13":"product-type-simple"},"_links":{"self":[{"href":"https:\/\/acessopontotech.com.br\/index.php\/wp-json\/wp\/v2\/product\/182","targetHints":{"allow":["GET"]}}],"collection":[{"href":"https:\/\/acessopontotech.com.br\/index.php\/wp-json\/wp\/v2\/product"}],"about":[{"href":"https:\/\/acessopontotech.com.br\/index.php\/wp-json\/wp\/v2\/types\/product"}],"version-history":[{"count":0,"href":"https:\/\/acessopontotech.com.br\/index.php\/wp-json\/wp\/v2\/product\/182\/revisions"}],"wp:featuredmedia":[{"embeddable":true,"href":"https:\/\/acessopontotech.com.br\/index.php\/wp-json\/wp\/v2\/media\/248"}],"wp:attachment":[{"href":"https:\/\/acessopontotech.com.br\/index.php\/wp-json\/wp\/v2\/media?parent=182"}],"wp:term":[{"taxonomy":"product_cat","embeddable":true,"href":"https:\/\/acessopontotech.com.br\/index.php\/wp-json\/wp\/v2\/product_cat?post=182"},{"taxonomy":"product_tag","embeddable":true,"href":"https:\/\/acessopontotech.com.br\/index.php\/wp-json\/wp\/v2\/product_tag?post=182"}],"curies":[{"name":"wp","href":"https:\/\/api.w.org\/{rel}","templated":true}]}}