{"id":183,"date":"2020-12-18T13:02:57","date_gmt":"2020-12-18T16:02:57","guid":{"rendered":"http:\/\/acessopontotech.com.br\/index.php\/product\/import-placeholder-for-907\/"},"modified":"2022-04-06T21:25:39","modified_gmt":"2022-04-07T00:25:39","slug":"antena-tags-eas-rf-82-mhz","status":"publish","type":"product","link":"https:\/\/acessopontotech.com.br\/index.php\/product\/antena-tags-eas-rf-82-mhz\/","title":{"rendered":"ANTENA &#8211; TAGS EAS RF 8,2 MHZ"},"content":{"rendered":"<section class=\"main-section item-description \">\n<p class=\"main-section__title item-description__title\"><strong>Descri\u00e7\u00e3o<\/strong><\/p>\n<div id=\"description-includes\" class=\"item-description__content \">\n<div class=\"item-description__text\">\n<p>Caracter\u00edsticas Antena<\/p>\n<p>\u2022 Solu\u00e7\u00e3o ideal para estabelecimentos comerciais que se desejem realizar a preven\u00e7\u00e3o de furtos;<\/p>\n<p>\u2022 Estrutura resistente, leve e com design agrad\u00e1vel em qualquer ambiente;<\/p>\n<p>\u2022 Sistema com alto n\u00edvel de detec\u00e7\u00e3o permitindo grandes v\u00e3os entre as antenas;<\/p>\n<p>\u2022 Compat\u00edvel com todas as etiquetas RFID 8,2 Mhz do mercado;<\/p>\n<p>\u2022 Sistema de alerta visual e sonoro na tentativa de furtos;<\/p>\n<p>\u2022 Recurso de acionamento remoto do alarme;<\/p>\n<p>\u2022 Permite personaliza\u00e7\u00e3o da estrutura com propagandas do estabelecimento;<\/p>\n<p>\u2022 Contador de fluxo integrado (opcional);<\/p>\n<p><strong>Operacional<\/strong><\/p>\n<p>\u2022 Frequ\u00eancia de opera\u00e7\u00e3o: Opera com todas as etiquetas com frequ\u00eancia de 8,2 Mhz (EAS);<\/p>\n<p>\u2022 Rel\u00e9 de acionamento: Op\u00e7\u00e3o para liga\u00e7\u00e3o de rel\u00e9 externo 12 v;<\/p>\n<p>\u2022 Detec\u00e7\u00e3o: At\u00e9 1,5 m dependendo da tag utilizada;<\/p>\n<p>\u2022 Alarme sonoro: Possui dispositvo interno para ajustar o volume ou ainda desativar a fun\u00e7\u00e3o;<\/p>\n<p>\u2022 Alimenta\u00e7\u00e3o: Acompanha 1 fonte 24 v para alimenta\u00e7\u00e3o das antenas.<\/p>\n<p><strong>El\u00e9trica<\/strong><\/p>\n<p>\u2022 Fonte chaveada: 90 a 240 VAC;<\/p>\n<p>\u2022 Tens\u00e3o da opera\u00e7\u00e3o: 24 V 2A;<\/p>\n<p>\u2022 Pot\u00eancia m\u00e9dia: 15 W;<\/p>\n<p><strong>Medidas do Produto<\/strong><\/p>\n<p>\u2022 Altura: 156 cm;<\/p>\n<p>\u2022 Profundidade: 6 cm;<\/p>\n<p>\u2022 Largura da base: 37,5&#215;9 cm.<\/p>\n<\/div>\n<\/div>\n<\/section>\n","protected":false},"excerpt":{"rendered":"<p>Descri\u00e7\u00e3o Caracter\u00edsticas Antena \u2022 Solu\u00e7\u00e3o ideal para estabelecimentos comerciais que se desejem realizar a preven\u00e7\u00e3o de furtos; \u2022 Estrutura resistente, leve e com design agrad\u00e1vel em qualquer ambiente; \u2022 Sistema com alto n\u00edvel de detec\u00e7\u00e3o permitindo grandes v\u00e3os entre as antenas; \u2022 Compat\u00edvel com todas as etiquetas RFID 8,2 Mhz do mercado; \u2022 Sistema de [&hellip;]<\/p>\n","protected":false},"featured_media":250,"template":"","meta":{"_joinchat":[]},"product_cat":[31,30],"product_tag":[],"class_list":{"0":"post-183","1":"product","2":"type-product","3":"status-publish","4":"has-post-thumbnail","6":"product_cat-controle-antifurtos","7":"product_cat-seguranca","9":"first","10":"instock","11":"shipping-taxable","12":"purchasable","13":"product-type-simple"},"_links":{"self":[{"href":"https:\/\/acessopontotech.com.br\/index.php\/wp-json\/wp\/v2\/product\/183","targetHints":{"allow":["GET"]}}],"collection":[{"href":"https:\/\/acessopontotech.com.br\/index.php\/wp-json\/wp\/v2\/product"}],"about":[{"href":"https:\/\/acessopontotech.com.br\/index.php\/wp-json\/wp\/v2\/types\/product"}],"version-history":[{"count":1,"href":"https:\/\/acessopontotech.com.br\/index.php\/wp-json\/wp\/v2\/product\/183\/revisions"}],"predecessor-version":[{"id":7117,"href":"https:\/\/acessopontotech.com.br\/index.php\/wp-json\/wp\/v2\/product\/183\/revisions\/7117"}],"wp:featuredmedia":[{"embeddable":true,"href":"https:\/\/acessopontotech.com.br\/index.php\/wp-json\/wp\/v2\/media\/250"}],"wp:attachment":[{"href":"https:\/\/acessopontotech.com.br\/index.php\/wp-json\/wp\/v2\/media?parent=183"}],"wp:term":[{"taxonomy":"product_cat","embeddable":true,"href":"https:\/\/acessopontotech.com.br\/index.php\/wp-json\/wp\/v2\/product_cat?post=183"},{"taxonomy":"product_tag","embeddable":true,"href":"https:\/\/acessopontotech.com.br\/index.php\/wp-json\/wp\/v2\/product_tag?post=183"}],"curies":[{"name":"wp","href":"https:\/\/api.w.org\/{rel}","templated":true}]}}