{"id":222,"date":"2020-12-18T13:03:26","date_gmt":"2020-12-18T16:03:26","guid":{"rendered":"http:\/\/acessopontotech.com.br\/index.php\/product\/import-placeholder-for-952\/"},"modified":"2020-12-18T13:03:58","modified_gmt":"2020-12-18T16:03:58","slug":"pino-de-tag-rigida-eas-md02","status":"publish","type":"product","link":"https:\/\/acessopontotech.com.br\/index.php\/product\/pino-de-tag-rigida-eas-md02\/","title":{"rendered":"PINO DE TAG &#8211; R\u00cdGIDA EAS &#8211; MD02"},"content":{"rendered":"","protected":false},"excerpt":{"rendered":"<p>1- Informa\u00e7\u00f5es adicionais por unidade<\/p>\n<p>Medidas em CM 0,15&#215;0,18&#215;0,08<\/p>\n<p>Peso 0,800 gramas<\/p>\n<p>Peso 0,650 cubado<\/p>\n<p>2- Informa\u00e7\u00f5es adicionais da caixa C\/10 UN<\/p>\n<p>Medidas 0,41&#215;0,20&#215;0,32<\/p>\n<p>Peso 8,700 gramas<\/p>\n<p>Peso 7,870 cubado<\/p>\n","protected":false},"featured_media":272,"template":"","meta":{"_joinchat":[]},"product_cat":[31,30],"product_tag":[],"class_list":{"0":"post-222","1":"product","2":"type-product","3":"status-publish","4":"has-post-thumbnail","6":"product_cat-controle-antifurtos","7":"product_cat-seguranca","9":"first","10":"instock","11":"shipping-taxable","12":"purchasable","13":"product-type-simple"},"_links":{"self":[{"href":"https:\/\/acessopontotech.com.br\/index.php\/wp-json\/wp\/v2\/product\/222","targetHints":{"allow":["GET"]}}],"collection":[{"href":"https:\/\/acessopontotech.com.br\/index.php\/wp-json\/wp\/v2\/product"}],"about":[{"href":"https:\/\/acessopontotech.com.br\/index.php\/wp-json\/wp\/v2\/types\/product"}],"version-history":[{"count":0,"href":"https:\/\/acessopontotech.com.br\/index.php\/wp-json\/wp\/v2\/product\/222\/revisions"}],"wp:featuredmedia":[{"embeddable":true,"href":"https:\/\/acessopontotech.com.br\/index.php\/wp-json\/wp\/v2\/media\/272"}],"wp:attachment":[{"href":"https:\/\/acessopontotech.com.br\/index.php\/wp-json\/wp\/v2\/media?parent=222"}],"wp:term":[{"taxonomy":"product_cat","embeddable":true,"href":"https:\/\/acessopontotech.com.br\/index.php\/wp-json\/wp\/v2\/product_cat?post=222"},{"taxonomy":"product_tag","embeddable":true,"href":"https:\/\/acessopontotech.com.br\/index.php\/wp-json\/wp\/v2\/product_tag?post=222"}],"curies":[{"name":"wp","href":"https:\/\/api.w.org\/{rel}","templated":true}]}}