{"id":226,"date":"2020-12-18T13:03:26","date_gmt":"2020-12-18T16:03:26","guid":{"rendered":"http:\/\/acessopontotech.com.br\/index.php\/product\/import-placeholder-for-974\/"},"modified":"2020-12-18T13:04:01","modified_gmt":"2020-12-18T16:04:01","slug":"removedor-de-tag-rigida-eas-md01","status":"publish","type":"product","link":"https:\/\/acessopontotech.com.br\/index.php\/product\/removedor-de-tag-rigida-eas-md01\/","title":{"rendered":"REMOVEDOR DE TAG RIGIDA EAS &#8211; MD01"},"content":{"rendered":"<section class=\"main-section item-description \">\n<h2 class=\"main-section__title item-description__title\">Descri\u00e7\u00e3o<\/h2>\n<div id=\"description-includes\" class=\"item-description__content \">\n<div class=\"item-description__text\">\n<p>REMOVEDOR DESACOPLADOR TAG R\u00cdGIDA port\u00e1til compat\u00edvel com a minitags<\/p>\n<p>Pot\u00eancia Magn\u00e9tica 4500 GS<\/p>\n<p>Compat\u00edvel com modelos de Tags magn\u00e9ticas semelhantes as imagens do an\u00fancio.<\/p>\n<p>Itens iclusos:<\/p>\n<p>1 Desacoplador 4500GS<\/p>\n<\/div>\n<\/div>\n<\/section>\n","protected":false},"excerpt":{"rendered":"<p>Descri\u00e7\u00e3o REMOVEDOR DESACOPLADOR TAG R\u00cdGIDA port\u00e1til compat\u00edvel com a minitags Pot\u00eancia Magn\u00e9tica 4500 GS Compat\u00edvel com modelos de Tags magn\u00e9ticas semelhantes as imagens do an\u00fancio. Itens iclusos: 1 Desacoplador 4500GS<\/p>\n","protected":false},"featured_media":276,"template":"","meta":{"_joinchat":[]},"product_cat":[31,30],"product_tag":[],"class_list":{"0":"post-226","1":"product","2":"type-product","3":"status-publish","4":"has-post-thumbnail","6":"product_cat-controle-antifurtos","7":"product_cat-seguranca","9":"first","10":"instock","11":"shipping-taxable","12":"purchasable","13":"product-type-simple"},"_links":{"self":[{"href":"https:\/\/acessopontotech.com.br\/index.php\/wp-json\/wp\/v2\/product\/226","targetHints":{"allow":["GET"]}}],"collection":[{"href":"https:\/\/acessopontotech.com.br\/index.php\/wp-json\/wp\/v2\/product"}],"about":[{"href":"https:\/\/acessopontotech.com.br\/index.php\/wp-json\/wp\/v2\/types\/product"}],"version-history":[{"count":0,"href":"https:\/\/acessopontotech.com.br\/index.php\/wp-json\/wp\/v2\/product\/226\/revisions"}],"wp:featuredmedia":[{"embeddable":true,"href":"https:\/\/acessopontotech.com.br\/index.php\/wp-json\/wp\/v2\/media\/276"}],"wp:attachment":[{"href":"https:\/\/acessopontotech.com.br\/index.php\/wp-json\/wp\/v2\/media?parent=226"}],"wp:term":[{"taxonomy":"product_cat","embeddable":true,"href":"https:\/\/acessopontotech.com.br\/index.php\/wp-json\/wp\/v2\/product_cat?post=226"},{"taxonomy":"product_tag","embeddable":true,"href":"https:\/\/acessopontotech.com.br\/index.php\/wp-json\/wp\/v2\/product_tag?post=226"}],"curies":[{"name":"wp","href":"https:\/\/api.w.org\/{rel}","templated":true}]}}