{"id":227,"date":"2020-12-18T13:03:26","date_gmt":"2020-12-18T16:03:26","guid":{"rendered":"http:\/\/acessopontotech.com.br\/index.php\/product\/import-placeholder-for-1138\/"},"modified":"2020-12-18T13:04:01","modified_gmt":"2020-12-18T16:04:01","slug":"removedor-tag-rigida-eas-md02","status":"publish","type":"product","link":"https:\/\/acessopontotech.com.br\/index.php\/product\/removedor-tag-rigida-eas-md02\/","title":{"rendered":"REMOVEDOR TAG RIGIDA EAS &#8211; MD02"},"content":{"rendered":"<p>Desacoplador de Tag R\u00edgida EAS<br \/>\nModelo MD02 &#8211; 5.000GS<br \/>\nInforma\u00e7\u00f5es adicionais por unidade<\/p>\n<p>Medidas em CM 0,40&#215;0,18&#215;0,35<br \/>\nPeso 18.000 gramas<br \/>\nPeso 7.560 cubado<br \/>\nAutoma\u00e7\u00e3o empresarial.<\/p>\n","protected":false},"excerpt":{"rendered":"<p>Desacoplador de Tag R\u00edgida EAS Modelo MD02 &#8211; 5.000GS Informa\u00e7\u00f5es adicionais por unidade Medidas em CM 0,40&#215;0,18&#215;0,35 Peso 18.000 gramas Peso 7.560 cubado Automa\u00e7\u00e3o empresarial.<\/p>\n","protected":false},"featured_media":277,"template":"","meta":{"_joinchat":[]},"product_cat":[31,30],"product_tag":[],"class_list":{"0":"post-227","1":"product","2":"type-product","3":"status-publish","4":"has-post-thumbnail","6":"product_cat-controle-antifurtos","7":"product_cat-seguranca","9":"first","10":"instock","11":"shipping-taxable","12":"purchasable","13":"product-type-simple"},"_links":{"self":[{"href":"https:\/\/acessopontotech.com.br\/index.php\/wp-json\/wp\/v2\/product\/227","targetHints":{"allow":["GET"]}}],"collection":[{"href":"https:\/\/acessopontotech.com.br\/index.php\/wp-json\/wp\/v2\/product"}],"about":[{"href":"https:\/\/acessopontotech.com.br\/index.php\/wp-json\/wp\/v2\/types\/product"}],"version-history":[{"count":0,"href":"https:\/\/acessopontotech.com.br\/index.php\/wp-json\/wp\/v2\/product\/227\/revisions"}],"wp:featuredmedia":[{"embeddable":true,"href":"https:\/\/acessopontotech.com.br\/index.php\/wp-json\/wp\/v2\/media\/277"}],"wp:attachment":[{"href":"https:\/\/acessopontotech.com.br\/index.php\/wp-json\/wp\/v2\/media?parent=227"}],"wp:term":[{"taxonomy":"product_cat","embeddable":true,"href":"https:\/\/acessopontotech.com.br\/index.php\/wp-json\/wp\/v2\/product_cat?post=227"},{"taxonomy":"product_tag","embeddable":true,"href":"https:\/\/acessopontotech.com.br\/index.php\/wp-json\/wp\/v2\/product_tag?post=227"}],"curies":[{"name":"wp","href":"https:\/\/api.w.org\/{rel}","templated":true}]}}