{"id":228,"date":"2020-12-18T13:03:26","date_gmt":"2020-12-18T16:03:26","guid":{"rendered":"http:\/\/acessopontotech.com.br\/index.php\/product\/import-placeholder-for-1140\/"},"modified":"2020-12-18T13:04:01","modified_gmt":"2020-12-18T16:04:01","slug":"removedor-tag-rigida-eas-md03","status":"publish","type":"product","link":"https:\/\/acessopontotech.com.br\/index.php\/product\/removedor-tag-rigida-eas-md03\/","title":{"rendered":"REMOVEDOR TAG RIGIDA EAS &#8211; MD03"},"content":{"rendered":"<p dir=\"ltr\">1- Informa\u00e7\u00f5es adicionais por unidade<\/p>\n<p dir=\"ltr\">Medidas em CM 0,08&#215;0,05&#215;0,08<\/p>\n<p dir=\"ltr\">Peso 0,340 gramas<\/p>\n<p dir=\"ltr\">Peso 0,100 cubado<\/p>\n<p dir=\"ltr\">2- Informa\u00e7\u00f5es adicionais da caixa C\/50 UN<\/p>\n<p dir=\"ltr\">Medidas 0,42&#215;0,19&#215;0,28<\/p>\n<p dir=\"ltr\">Peso 17,400 gramas<\/p>\n<p dir=\"ltr\">Peso \u00a06,700 cubado<\/p>\n","protected":false},"excerpt":{"rendered":"<p>1- Informa\u00e7\u00f5es adicionais por unidade Medidas em CM 0,08&#215;0,05&#215;0,08 Peso 0,340 gramas Peso 0,100 cubado 2- Informa\u00e7\u00f5es adicionais da caixa C\/50 UN Medidas 0,42&#215;0,19&#215;0,28 Peso 17,400 gramas Peso \u00a06,700 cubado<\/p>\n","protected":false},"featured_media":278,"template":"","meta":{"_joinchat":[]},"product_cat":[31,30],"product_tag":[],"class_list":{"0":"post-228","1":"product","2":"type-product","3":"status-publish","4":"has-post-thumbnail","6":"product_cat-controle-antifurtos","7":"product_cat-seguranca","9":"first","10":"instock","11":"shipping-taxable","12":"purchasable","13":"product-type-simple"},"_links":{"self":[{"href":"https:\/\/acessopontotech.com.br\/index.php\/wp-json\/wp\/v2\/product\/228","targetHints":{"allow":["GET"]}}],"collection":[{"href":"https:\/\/acessopontotech.com.br\/index.php\/wp-json\/wp\/v2\/product"}],"about":[{"href":"https:\/\/acessopontotech.com.br\/index.php\/wp-json\/wp\/v2\/types\/product"}],"version-history":[{"count":0,"href":"https:\/\/acessopontotech.com.br\/index.php\/wp-json\/wp\/v2\/product\/228\/revisions"}],"wp:featuredmedia":[{"embeddable":true,"href":"https:\/\/acessopontotech.com.br\/index.php\/wp-json\/wp\/v2\/media\/278"}],"wp:attachment":[{"href":"https:\/\/acessopontotech.com.br\/index.php\/wp-json\/wp\/v2\/media?parent=228"}],"wp:term":[{"taxonomy":"product_cat","embeddable":true,"href":"https:\/\/acessopontotech.com.br\/index.php\/wp-json\/wp\/v2\/product_cat?post=228"},{"taxonomy":"product_tag","embeddable":true,"href":"https:\/\/acessopontotech.com.br\/index.php\/wp-json\/wp\/v2\/product_tag?post=228"}],"curies":[{"name":"wp","href":"https:\/\/api.w.org\/{rel}","templated":true}]}}