{"id":25,"date":"2020-12-18T13:00:56","date_gmt":"2020-12-18T16:00:56","guid":{"rendered":"http:\/\/acessopontotech.com.br\/index.php\/product\/import-placeholder-for-400\/"},"modified":"2020-12-18T13:01:13","modified_gmt":"2020-12-18T16:01:13","slug":"relogio-de-ponto-prisma-sf-adv-r5","status":"publish","type":"product","link":"https:\/\/acessopontotech.com.br\/index.php\/product\/relogio-de-ponto-prisma-sf-adv-r5\/","title":{"rendered":"REL\u00d3GIO DE PONTO &#8211; PRISMA SF &#8211; ADV R5"},"content":{"rendered":"<div id=\"product_tabs_description_contents\">\n<div class=\"product-specs fix\">\n<div>\n<p><strong>CARACTER\u00cdSTICAS<\/strong><\/p>\n<p>R5 \u2013 BARRAS\/PROXIMIDADE<\/p>\n<p>Capacidade de gerenciamento de at\u00e9 15.000 colaboradores na Mem\u00f3ria de Trabalho (MT);<\/p>\n<\/div>\n<div>\n<p>Capacidade para armazenamento de registros em mem\u00f3ria (MRP): 3.500.000;<\/p>\n<p>Maior n\u00edvel de seguran\u00e7a, com dados fiscais assinados digitalmente;<\/p>\n<\/div>\n<p>Comunica\u00e7\u00e3o protegida por criptografia, impedindo qualquer tentativa de fraude via softwares n\u00e3o autorizados;<\/p>\n<p>Sistema interno de sensores que realizam o bloqueio autom\u00e1tico do equipamento, na tentativa viola\u00e7\u00e3o;<\/p>\n<p>Controle das opera\u00e7\u00f5es realizadas no equipamento, atrav\u00e9s de n\u00edveis de acesso concedidas pelo usu\u00e1rio administrador do sistema;<\/p>\n<p>Utiliza sistema de gerenciamento embarcado atrav\u00e9s de navegador web, sem necessidade de instala\u00e7\u00e3o de software na m\u00e1quina cliente;<\/p>\n<p>Permite cadastrar colaborador e digital, diretamente no equipamento sem a necessidade de utilizar o webserver ou um software gerenciador;<\/p>\n<p>Tela LCD Touchscreen TFT colorido de 4,3\u201d<strong>;<\/strong><\/p>\n<p>Permite cadastro de colaboradores e biometria direto no equipamento, se necessidade de conex\u00e3o com o web server ou software gerenciador;<\/p>\n<p>Possui sistema de impress\u00e3o com velocidade de 200 mm\/s;<\/p>\n<p>Os dados s\u00e3o gravados em mem\u00f3ria n\u00e3o vol\u00e1til tanto para a Mem\u00f3ria de Trabalho (MT) como para a Mem\u00f3ria de Registro Permanente (MRP);<\/p>\n<p>Armazena na MRP os eventos: registro do empregador, marca\u00e7\u00e3o de ponto, altera\u00e7\u00e3o de data e hora, cadastro e altera\u00e7\u00e3o de colaboradores e eventos sens\u00edveis;<\/p>\n<p>Trabalha com v\u00e1rios tipos de comunica\u00e7\u00e3o, tornando-se um equipamento mold\u00e1vel \u00e0 necessidade do cliente e adapt\u00e1vel ao ambiente;<\/p>\n<p>Calend\u00e1rio perp\u00e9tuo, com op\u00e7\u00e3o de ajuste da data e hora e configura\u00e7\u00e3o do hor\u00e1rio de ver\u00e3o;<\/p>\n<p>O equipamento trabalha com leitura autom\u00e1tica da quantidade de d\u00edgitos dos cart\u00f5es (3 a 20 d\u00edgitos);<\/p>\n<p>Possui bot\u00e3o na cor vermelha identificado como RIM, que tem a fun\u00e7\u00e3o de extrair a rela\u00e7\u00e3o impressa das marca\u00e7\u00f5es de ponto realizadas nas 24 horas precedentes;<\/p>\n<p>Possui bot\u00e3o na cor azul que tem a fun\u00e7\u00e3o de imprimir o identificador do software e chave p\u00fablica do equipamento;<\/p>\n<p>Possui porta fiscal USB para coleta do arquivo AFD para auditoria dos dados do equipamento pelo fiscal do trabalho;<\/p>\n<p>Para maior controle do acesso ao equipamento, possui suporte para cadastrar um usu\u00e1rio e senha de acesso para controle das configura\u00e7\u00f5es;<\/p>\n<p>Suporta at\u00e9 oito usu\u00e1rios para gerenciar o equipamento;<\/p>\n<p>Oferece suporte para cadastro de cart\u00e3o do usu\u00e1rio para acesso ao menu;<\/p>\n<p>Opera com Auto On (biometria com recurso de toque \u00fanico), fun\u00e7\u00e3o que permite realizar a identifica\u00e7\u00e3o da digital apenas colocando o dedo sobre o sensor, sem a necessidade de digitar a matr\u00edcula ou utilizar o crach\u00e1<strong>;<\/strong><\/p>\n<div>\n<p>Sistema de importa\u00e7\u00e3o e exporta\u00e7\u00e3o de dados via segunda porta USB. Atrav\u00e9s desta\u00a0porta podem ser realizadas as configura\u00e7\u00f5es do equipamento, do empregador, de colaboradores, de biometrias e coleta de eventos;<\/p>\n<\/div>\n<div>\n<p>Permite realizar exporta\u00e7\u00e3o da chave p\u00fablica atrav\u00e9s da porta USB2, salvando-a em arquivo de texto em um dispositivo USB de armazenamento;<\/p>\n<p>Sistema de identifica\u00e7\u00e3o de status e eventos no equipamento: pelo pr\u00f3prio equipamento, aplicativo embarcado ou software gerenciador;<\/p>\n<p>Possui sistema de gerenciamento inteligente. Valida as informa\u00e7\u00f5es recebidas e as salva apenas se for necess\u00e1rio, otimizando a utiliza\u00e7\u00e3o da mem\u00f3ria;<\/p>\n<p>Possui sensor para garantir a impress\u00e3o do comprovante de ponto do trabalhador;<\/p>\n<p>Possui contador de tickets restantes (valor aproximado), de forma que o empregador saiba quantos tickets ainda podem ser impressos com determinada bobina de papel.<\/p>\n<\/div>\n<p><strong>OPERACIONAL<\/strong><\/p>\n<p>Pode trabalhar com as seguintes tecnologias de identifica\u00e7\u00e3o: Proximidade RFID e C\u00f3digo de Barras;<\/p>\n<p>Leitor de proximidade: l\u00ea no padr\u00e3o 125 kHz Unique, tanto no padr\u00e3o wiegand quanto abatrack;<\/p>\n<p>Leitor de c\u00f3digos de barras: l\u00ea o padr\u00e3o 2 de 5 intercalado e n\u00e3o intercalado e o padr\u00e3o 3 de 9;<\/p>\n<p>Armazenamento em mem\u00f3ria flash para a MT e MFRP, no qual a mem\u00f3ria MRP possui um sistema de gerenciamento interno para garantir a integridade dos dados;<\/p>\n<p>Dados do empregador: armazena em mem\u00f3ria a raz\u00e3o social, CNPJ\/CPF, CEI e endere\u00e7o do local de trabalho;<\/p>\n<p>Lista de colaboradores: \u00e9 poss\u00edvel programar uma lista de at\u00e9 15.000 colaboradores, contendo matr\u00edculas, PIS e nome do colaborador;<\/p>\n<p>Mecanismo impressor t\u00e9rmico com capacidade de impress\u00e3o de 38 caracteres por linha;<\/p>\n<p>Utiliza bobinas de no m\u00e1ximo 156 mm de di\u00e2metro, variando a metragem de acordo com a gramatura do papel;<\/p>\n<p>Impressora t\u00e9rmica de alta resolu\u00e7\u00e3o;<\/p>\n<p>Durabilidade m\u00ednima da impress\u00e3o de 5 anos, respeitando os requisitos de conserva\u00e7\u00e3o do fabricante do papel;<\/p>\n<p>Modos de comunica\u00e7\u00e3o: trabalha somente em modo off-line, usando os dados contidos na MT para autentica\u00e7\u00e3o no equipamento;<\/p>\n<p>Tipos de comunica\u00e7\u00e3o: TCP\/IP 10\/100 MBits e USB nativos;<\/p>\n<div>\n<p>Possui segunda entrada USB, por onde \u00e9 poss\u00edvel realizar a coleta por filtros de registros, configurar o equipamento, cadastrar empregador, colaboradores e digitais (atrav\u00e9s da exporta\u00e7\u00e3o e importa\u00e7\u00e3o de dados);<\/p>\n<p>Teclado: 18 teclas sendo 10 em padr\u00e3o telef\u00f4nico e 8 teclas adicionais de fun\u00e7\u00e3o; Tela LCD Touchscreen TFT colorido de 2,8\u201d<strong>;<\/strong><\/p>\n<p>Calend\u00e1rio perp\u00e9tuo: gerencia a passagem da hora, minuto, segundo, dia, m\u00eas e ano. Possui uma bateria de l\u00edtio com capacidade de manter a data e hora correta por 1.440 horas, ou seja, dois meses no caso de desligamento total do mesmo;<\/p>\n<p>Possui suporte para configura\u00e7\u00e3o de ajuste autom\u00e1tico do hor\u00e1rio de ver\u00e3o;<\/p>\n<p>Possui sistema de prote\u00e7\u00e3o interno para supervis\u00e3o do funcionamento do equipamento e dos n\u00edveis de tens\u00e3o (watchdog);<\/p>\n<p>Coleta de dados: os registros podem ser coletados via porta USB Fiscal, segunda USB no pr\u00f3prio equipamento, aplicativo embarcado em um navegador de internet ou via software gerenciador.<\/p>\n<p><strong>AMBIENTE<\/strong><\/p>\n<\/div>\n<p>Temperatura de opera\u00e7\u00e3o: -15\u00b0C a 55\u00b0C (sem condensa\u00e7\u00e3o);<\/p>\n<p>Temperatura para estocagem: -20\u00b0C a 60\u00b0C;<\/p>\n<p>Faixa de umidade para funcionamento: 0 a 95%;<\/p>\n<p>N\u00edvel aceit\u00e1vel de luz para funcionamento: 3.000 Lux.<\/p>\n<div>\n<p><strong>EL\u00c9TRICA<\/strong><\/p>\n<\/div>\n<p>Fonte chaveada: 90 a 240 VAC;<\/p>\n<p>Tens\u00e3o de opera\u00e7\u00e3o: 9 Volts;<\/p>\n<p>Pot\u00eancia m\u00e9dia: 5 W;<\/p>\n<p>Consumo m\u00e9dio de corrente: 500 mA;<\/p>\n<p>Nobreak com autonomia de at\u00e9 8 horas de funcionamento (Opcional).<\/p>\n<\/div>\n<\/div>\n","protected":false},"excerpt":{"rendered":"<p>O Prisma Super F\u00e1cil Advanced \u00e9 um rel\u00f3gio de ponto eletr\u00f4nico (REP) homologado pelo MTE e certificado pelo Inmetro. Dispon\u00edvel em 5 modelos diferentes, possui tela touch screen e diversas op\u00e7\u00f5es de identifica\u00e7\u00e3o como biometria, c\u00f3digos de barras, proximidade RFID e Smart Card. Sua nova tecnologia com recursos e funcionalidades otimizadas, proporcionam ao usu\u00e1rio um registro de ponto seguro e eficaz. Ideal para todos os segmentos e portes de empresas.<\/p>\n","protected":false},"featured_media":56,"template":"","meta":{"_joinchat":[]},"product_cat":[16,17],"product_tag":[],"class_list":{"0":"post-25","1":"product","2":"type-product","3":"status-publish","4":"has-post-thumbnail","6":"product_cat-controle-de-ponto","7":"product_cat-relogios-de-ponto","9":"first","10":"instock","11":"shipping-taxable","12":"purchasable","13":"product-type-simple"},"_links":{"self":[{"href":"https:\/\/acessopontotech.com.br\/index.php\/wp-json\/wp\/v2\/product\/25","targetHints":{"allow":["GET"]}}],"collection":[{"href":"https:\/\/acessopontotech.com.br\/index.php\/wp-json\/wp\/v2\/product"}],"about":[{"href":"https:\/\/acessopontotech.com.br\/index.php\/wp-json\/wp\/v2\/types\/product"}],"version-history":[{"count":0,"href":"https:\/\/acessopontotech.com.br\/index.php\/wp-json\/wp\/v2\/product\/25\/revisions"}],"wp:featuredmedia":[{"embeddable":true,"href":"https:\/\/acessopontotech.com.br\/index.php\/wp-json\/wp\/v2\/media\/56"}],"wp:attachment":[{"href":"https:\/\/acessopontotech.com.br\/index.php\/wp-json\/wp\/v2\/media?parent=25"}],"wp:term":[{"taxonomy":"product_cat","embeddable":true,"href":"https:\/\/acessopontotech.com.br\/index.php\/wp-json\/wp\/v2\/product_cat?post=25"},{"taxonomy":"product_tag","embeddable":true,"href":"https:\/\/acessopontotech.com.br\/index.php\/wp-json\/wp\/v2\/product_tag?post=25"}],"curies":[{"name":"wp","href":"https:\/\/api.w.org\/{rel}","templated":true}]}}