{"id":26,"date":"2020-12-18T13:00:57","date_gmt":"2020-12-18T16:00:57","guid":{"rendered":"http:\/\/acessopontotech.com.br\/index.php\/product\/import-placeholder-for-402\/"},"modified":"2020-12-18T13:01:21","modified_gmt":"2020-12-18T16:01:21","slug":"relogio-de-ponto-cartografico-henry-vega","status":"publish","type":"product","link":"https:\/\/acessopontotech.com.br\/index.php\/product\/relogio-de-ponto-cartografico-henry-vega\/","title":{"rendered":"REL\u00d3GIO DE PONTO &#8211; CARTOGR\u00c1FICO &#8211; HENRY VEGA"},"content":{"rendered":"<div id=\"product_tabs_description_contents\">\n<div class=\"product-specs fix\">\n<p><strong>Caracter\u00edsticas<\/strong><\/p>\n<p>\u2022\u00a0\u00a0 \u00a0 Mostrador: display de alta visibilidade com \u201cbacklight\u201d que exibe a hora, dia do m\u00eas, dia da semana e cor da fita;<br \/>\n\u2022\u00a0\u00a0 \u00a0 Gabinete: caixa injetada em abs de alta resist\u00eancia e visor em policarbonato;<br \/>\n\u2022\u00a0\u00a0 \u00a0 Tempo de sirene: pode ser programado de 1 a 60 segundos;<br \/>\n\u2022\u00a0\u00a0 \u00a0 Impress\u00e3o: 2 cores (preto e vermelho);<br \/>\n\u2022\u00a0\u00a0 \u00a0 Mem\u00f3ria: 24 hor\u00e1rios de sirene, 18 hor\u00e1rios de coluna autom\u00e1tica, 18 hor\u00e1rios para mudan\u00e7a de cor de impress\u00e3o<br \/>\n(indicador de atraso). Cada configura\u00e7\u00e3o permite ajuste diferenciado por dia da semana;<br \/>\n\u2022\u00a0\u00a0 \u00a0 Calend\u00e1rio Perp\u00e9tuo;<br \/>\n\u2022\u00a0\u00a0 \u00a0 Ajuste de posi\u00e7\u00e3o de impress\u00e3o;<br \/>\n\u2022\u00a0\u00a0 \u00a0 Hora para mudan\u00e7a do dia;<br \/>\n\u2022\u00a0\u00a0 \u00a0 Disp\u00f5e de chave, podendo ligar e desligar, assim melhorando a performace da bateria de no-break;<br \/>\n\u2022\u00a0\u00a0 \u00a0 Programa\u00e7\u00e3o do Hor\u00e1rio de ver\u00e3o;<br \/>\n\u2022\u00a0\u00a0 \u00a0 F\u00e1cil acesso para substitui\u00e7\u00e3o da Fita;<br \/>\n\u2022\u00a0\u00a0 \u00a0 Acerto automatico da linha (virada do dia) e coluna (virada do turno);<br \/>\n\u2022\u00a0\u00a0 \u00a0 Cont\u00e9m sirene interna, para indicar o in\u00edcio e t\u00e9rmino do turno;<br \/>\n\u2022\u00a0\u00a0 \u00a0 Possui tracionador autom\u00e1tico do cart\u00e3o, para que o coloborador n\u00e3o puxe o cart\u00e3o durante a impress\u00e3o;<br \/>\n\u2022\u00a0\u00a0 \u00a0 50 Cart\u00f5es ponto;<br \/>\n\u2022\u00a0\u00a0 \u00a0 Conjunto para fixa\u00e7\u00e3o;<br \/>\n\u2022\u00a0\u00a0 \u00a0 Identifica\u00e7\u00e3o da quinzena (frente e verso) do cart\u00e3o.<\/p>\n<p><strong>Operacional<\/strong><\/p>\n<p>\u2022\u00a0\u00a0 \u00a0 Tempo em no-break: at\u00e9 12h sem energia el\u00e9trica (considerando o equipamento em stand-by);<br \/>\n\u2022\u00a0\u00a0 \u00a0 Sirene: m\u00e1ximo 400 watts.<br \/>\n\u2022\u00a0\u00a0 \u00a0 Dura\u00e7\u00e3o de toque de sirene (entre 1 e 60 s);<br \/>\n\u2022\u00a0\u00a0 \u00a0 Hor\u00e1rios de toque de sirene. 24 possibilidades configur\u00e1veis;<br \/>\nA Henry Equipamentos Eletr\u00f4nicos e Sistemas Ltda. reserva o direito de realizar altera\u00e7\u00f5es t\u00e9cnicas sem aviso pr\u00e9vio. Imagens meramente ilustrativas.<br \/>\nVega &#8211; Controle de Ponto<br \/>\n2\/2<\/p>\n<p><strong>Mec\u00e2nica<\/strong><\/p>\n<p>\u2022\u00a0\u00a0 \u00a0 Peso l\u00edquido: 1,980 Kg;<br \/>\n\u2022\u00a0\u00a0 \u00a0 Peso bruto: 1,700 Kg.<\/p>\n<p><strong>El\u00e9trica<\/strong><\/p>\n<p>\u2022\u00a0\u00a0 \u00a0 Alimenta\u00e7\u00e3o: fonte externa, 100-240 VAC, 50\/60 Hz, 1.5A;<br \/>\n\u2022\u00a0\u00a0 \u00a0 Consumo: 18 mA;<br \/>\n\u2022\u00a0\u00a0 \u00a0 Bateria: litium 10.8 V x 800 mA;<\/p>\n<p><strong>Medidas<\/strong><\/p>\n<p>\u2022\u00a0\u00a0 \u00a0 Dimens\u00f5es: 19,0 x 24,5 x 12,5 cm;<br \/>\n\u2022\u00a0\u00a0 \u00a0 Dimens\u00f5es do cart\u00e3o ponto: 8,5 x 18,8 x 0,35 cm.<\/p>\n<\/div>\n<\/div>\n","protected":false},"excerpt":{"rendered":"<div class=\"abas-custom\">\n<div class=\"tab-content\">\n<div id=\"descricao\" class=\"tab-pane active\">\n<p><span style=\"color: #696969; font-family: verdana, geneva, sans-serif;\">Rel\u00f3gio de Ponto Cartogr\u00e1fico Henry Vega<\/span><\/p>\n<p>O Vega \u00e9 um rel\u00f3gio de ponto cartogr\u00e1fico Henry que est\u00e1 isento \u00e0s normas da portaria 1510\/2009 do MTE. Com um amplo display, permite uma melhor visualiza\u00e7\u00e3o do hor\u00e1rio e sua estrutura em ABS oferece um design mais compacto e arrojado. Seu funcionamento simples atrav\u00e9s da marca\u00e7\u00e3o de ponto impressa em cart\u00e3o de cartolina, \u00e9 uma op\u00e7\u00e3o pr\u00e1tica e econ\u00f4mica para empresas com poucos funcion\u00e1rios que desejam fazer um controle mais automatizado, deixando de lado a marca\u00e7\u00e3o manual do livro ponto. Ideal para lojas, com\u00e9rcios, escrit\u00f3rios, consult\u00f3rios e microempresas em geral.<\/p>\n<\/div>\n<\/div>\n<\/div>\n","protected":false},"featured_media":57,"template":"","meta":{"_joinchat":[]},"product_cat":[16,17],"product_tag":[],"class_list":{"0":"post-26","1":"product","2":"type-product","3":"status-publish","4":"has-post-thumbnail","6":"product_cat-controle-de-ponto","7":"product_cat-relogios-de-ponto","9":"first","10":"instock","11":"featured","12":"shipping-taxable","13":"purchasable","14":"product-type-simple"},"_links":{"self":[{"href":"https:\/\/acessopontotech.com.br\/index.php\/wp-json\/wp\/v2\/product\/26","targetHints":{"allow":["GET"]}}],"collection":[{"href":"https:\/\/acessopontotech.com.br\/index.php\/wp-json\/wp\/v2\/product"}],"about":[{"href":"https:\/\/acessopontotech.com.br\/index.php\/wp-json\/wp\/v2\/types\/product"}],"version-history":[{"count":0,"href":"https:\/\/acessopontotech.com.br\/index.php\/wp-json\/wp\/v2\/product\/26\/revisions"}],"wp:featuredmedia":[{"embeddable":true,"href":"https:\/\/acessopontotech.com.br\/index.php\/wp-json\/wp\/v2\/media\/57"}],"wp:attachment":[{"href":"https:\/\/acessopontotech.com.br\/index.php\/wp-json\/wp\/v2\/media?parent=26"}],"wp:term":[{"taxonomy":"product_cat","embeddable":true,"href":"https:\/\/acessopontotech.com.br\/index.php\/wp-json\/wp\/v2\/product_cat?post=26"},{"taxonomy":"product_tag","embeddable":true,"href":"https:\/\/acessopontotech.com.br\/index.php\/wp-json\/wp\/v2\/product_tag?post=26"}],"curies":[{"name":"wp","href":"https:\/\/api.w.org\/{rel}","templated":true}]}}