{"id":261,"date":"2020-12-18T13:03:54","date_gmt":"2020-12-18T16:03:54","guid":{"rendered":"http:\/\/acessopontotech.com.br\/index.php\/product\/import-placeholder-for-1432\/"},"modified":"2020-12-18T13:04:12","modified_gmt":"2020-12-18T16:04:12","slug":"vw-acesso","status":"publish","type":"product","link":"https:\/\/acessopontotech.com.br\/index.php\/product\/vw-acesso\/","title":{"rendered":"VW &#8211; Acesso"},"content":{"rendered":"<div class=\"et_pb_row et_pb_row_2\">\n<div class=\"et_pb_column et_pb_column_4_4 et_pb_column_3 et_pb_css_mix_blend_mode_passthrough et-last-child\">\n<div class=\"et_pb_module et_pb_text et_pb_text_2 et_pb_bg_layout_light et_pb_text_align_left\">\n<div class=\"et_pb_text_inner\">\n<p>Caracter\u00edsticas<\/p>\n<p>Pacotes por quantidade de pessoas e equipamentos controlados.<\/p>\n<p>Gerenciamento de usu\u00e1rios, perfis, acessos, logs, auditorias e senhas criptografadas.<\/p>\n<p>Possibilidade de customiza\u00e7\u00f5es para projetos e necessidades espec\u00edficas.<\/p>\n<p>Comunica\u00e7\u00e3o integrada com os equipamentos de acesso, permitindo o cadastro online e coleta autom\u00e1tica dos registros de acesso efetuados off-line.<\/p>\n<p>Pacotes por Controle de pessoas (funcion\u00e1rios e visitantes), crach\u00e1s, ve\u00edculos, empresas, locais, departamentos, hor\u00e1rios, n\u00edveis de acesso, acessos especiais, refeit\u00f3rio, entre outros.uantidade de pessoas e equipamentos controlados.<\/p>\n<p>Relat\u00f3rios com diversas op\u00e7\u00f5es de filtros e pesquisas de acesso por tipo de cadastro e localiza\u00e7\u00e3o de pessoas.<\/p>\n<p>Plataforma 100% WEB com acesso ao sistema atrav\u00e9s de qualquer computador com acesso \u00e0 internet\/rede.<\/p>\n<\/div>\n<\/div>\n<\/div>\n<\/div>\n","protected":false},"excerpt":{"rendered":"<div class=\"et_pb_row_inner et_pb_row_inner_0\">\n<div class=\"et_pb_column et_pb_column_4_4 et_pb_column_inner et_pb_column_inner_0 et-last-child\">\n<div class=\"et_pb_module et_pb_text et_pb_text_1 et_pb_bg_layout_light et_pb_text_align_left\">\n<div class=\"et_pb_text_inner\">\n<p><span style=\"color: #333333; font-size: 14.4px;\">O VW Acesso \u00e9 um software para controle de acesso de pessoas. Desenvolvido para atender empresas p\u00fablicas ou privadas e condom\u00ednios comerciais ou residenciais, o software \u00e9 100% WEB com instala\u00e7\u00e3o \u00fanica, f\u00e1cil atualiza\u00e7\u00e3o de vers\u00f5es e visualiza\u00e7\u00e3o de informa\u00e7\u00f5es em tempo real.<\/span><\/p>\n<\/div>\n<\/div>\n<\/div>\n<\/div>\n<div class=\"et_pb_row_inner et_pb_row_inner_1 et_pb_row_1-6_1-6_1-6\">\n<div class=\"et_pb_column et_pb_column_1_6 et_pb_column_inner et_pb_column_inner_3 et-last-child\">\n<div class=\"et_pb_module et_pb_blurb et_pb_blurb_2 et_clickable et_pb_bg_layout_light et_pb_text_align_center et_pb_blurb_position_top\">\n<div class=\"et_pb_blurb_content\">\n<div class=\"et_pb_blurb_container\">\n<h4 class=\"et_pb_module_header\">Com recursos completos de controle de acesso, o VW Acesso possibilita o cadastro e controle funcion\u00e1rios, visitantes e prestadores de servi\u00e7o com pol\u00edticas de acesso pr\u00e9-estabelecidas, al\u00e9m de relat\u00f3rios de acordo com a necessidade de informa\u00e7\u00f5es, podendo ainda ser customizado em casos que exijam projetos mais espec\u00edficos.<\/h4>\n<\/div>\n<\/div>\n<\/div>\n<\/div>\n<\/div>\n","protected":false},"featured_media":291,"template":"","meta":{"_joinchat":[]},"product_cat":[29],"product_tag":[],"class_list":{"0":"post-261","1":"product","2":"type-product","3":"status-publish","4":"has-post-thumbnail","6":"product_cat-softwares","8":"first","9":"instock","10":"shipping-taxable","11":"purchasable","12":"product-type-simple"},"_links":{"self":[{"href":"https:\/\/acessopontotech.com.br\/index.php\/wp-json\/wp\/v2\/product\/261","targetHints":{"allow":["GET"]}}],"collection":[{"href":"https:\/\/acessopontotech.com.br\/index.php\/wp-json\/wp\/v2\/product"}],"about":[{"href":"https:\/\/acessopontotech.com.br\/index.php\/wp-json\/wp\/v2\/types\/product"}],"version-history":[{"count":0,"href":"https:\/\/acessopontotech.com.br\/index.php\/wp-json\/wp\/v2\/product\/261\/revisions"}],"wp:featuredmedia":[{"embeddable":true,"href":"https:\/\/acessopontotech.com.br\/index.php\/wp-json\/wp\/v2\/media\/291"}],"wp:attachment":[{"href":"https:\/\/acessopontotech.com.br\/index.php\/wp-json\/wp\/v2\/media?parent=261"}],"wp:term":[{"taxonomy":"product_cat","embeddable":true,"href":"https:\/\/acessopontotech.com.br\/index.php\/wp-json\/wp\/v2\/product_cat?post=261"},{"taxonomy":"product_tag","embeddable":true,"href":"https:\/\/acessopontotech.com.br\/index.php\/wp-json\/wp\/v2\/product_tag?post=261"}],"curies":[{"name":"wp","href":"https:\/\/api.w.org\/{rel}","templated":true}]}}