{"id":262,"date":"2020-12-18T13:03:54","date_gmt":"2020-12-18T16:03:54","guid":{"rendered":"http:\/\/acessopontotech.com.br\/index.php\/product\/import-placeholder-for-1435\/"},"modified":"2020-12-18T13:04:13","modified_gmt":"2020-12-18T16:04:13","slug":"velti-ponto","status":"publish","type":"product","link":"https:\/\/acessopontotech.com.br\/index.php\/product\/velti-ponto\/","title":{"rendered":"Velti &#8211; Ponto"},"content":{"rendered":"<p>Caracter\u00edsticas<\/p>\n<p>Dispon\u00edvel na vers\u00e3o nuvem (cloud).<\/p>\n<p>Planos por quantidade de funcion\u00e1rios.<\/p>\n<p>CNPJs cadastrados e equipamentos gerenciados ilimitados.<\/p>\n<p>Comunica\u00e7\u00e3o integrada com o rel\u00f3gio ponto (envio de biometrias e coleta de registros autom\u00e1tica).<\/p>\n<p>Relat\u00f3rios diversos e completos, podendo ser personalizados de acordo com a necessidade de informa\u00e7\u00e3o.<\/p>\n<p>Plataforma 100% WEB com instala\u00e7\u00e3o \u00fanica, acessos simult\u00e2neos, f\u00e1cil atualiza\u00e7\u00e3o de vers\u00f5es e visualiza\u00e7\u00e3o do espelho ponto em tempo real.<\/p>\n<p>Possibilidade e customiza\u00e7\u00f5es para projetos e necessidades espec\u00edficas.<\/p>\n<p>Possui integra\u00e7\u00e3o com rel\u00f3gios de ponto de outras marcas.<\/p>\n","protected":false},"excerpt":{"rendered":"<p><span style=\"color: #5a5a5a; font-family: 'Open Sans', Arial, sans-serif; font-size: 15px;\">O Velti Ponto \u00e9 um software de gest\u00e3o de ponto desenvolvido para atender a necessidade de empresas de todos os portes e segmentos. <\/span><span style=\"color: #5a5a5a; font-family: 'Open Sans', Arial, sans-serif; font-size: 15px;\">Com plataforma 100% WEB, o software pode ser acessado atrav\u00e9s de qualquer computador ou dispositivo m\u00f3vel com acesso \u00e0 internet, proporcionando mais facilidade e mobilidade ao usu\u00e1rio. Atendendo \u00e0s exig\u00eancias da Portaria 1.510\/2009 do MTE, o Velti Ponto \u00e9 flex\u00edvel e pode ser configurado de acordo com pol\u00edticas e par\u00e2metros estabelecidos pela empresa.<\/span><\/p>\n","protected":false},"featured_media":292,"template":"","meta":{"_joinchat":[]},"product_cat":[29],"product_tag":[],"class_list":{"0":"post-262","1":"product","2":"type-product","3":"status-publish","4":"has-post-thumbnail","6":"product_cat-softwares","8":"first","9":"instock","10":"shipping-taxable","11":"purchasable","12":"product-type-simple"},"_links":{"self":[{"href":"https:\/\/acessopontotech.com.br\/index.php\/wp-json\/wp\/v2\/product\/262","targetHints":{"allow":["GET"]}}],"collection":[{"href":"https:\/\/acessopontotech.com.br\/index.php\/wp-json\/wp\/v2\/product"}],"about":[{"href":"https:\/\/acessopontotech.com.br\/index.php\/wp-json\/wp\/v2\/types\/product"}],"version-history":[{"count":0,"href":"https:\/\/acessopontotech.com.br\/index.php\/wp-json\/wp\/v2\/product\/262\/revisions"}],"wp:featuredmedia":[{"embeddable":true,"href":"https:\/\/acessopontotech.com.br\/index.php\/wp-json\/wp\/v2\/media\/292"}],"wp:attachment":[{"href":"https:\/\/acessopontotech.com.br\/index.php\/wp-json\/wp\/v2\/media?parent=262"}],"wp:term":[{"taxonomy":"product_cat","embeddable":true,"href":"https:\/\/acessopontotech.com.br\/index.php\/wp-json\/wp\/v2\/product_cat?post=262"},{"taxonomy":"product_tag","embeddable":true,"href":"https:\/\/acessopontotech.com.br\/index.php\/wp-json\/wp\/v2\/product_tag?post=262"}],"curies":[{"name":"wp","href":"https:\/\/api.w.org\/{rel}","templated":true}]}}