{"id":265,"date":"2020-12-18T13:03:54","date_gmt":"2020-12-18T16:03:54","guid":{"rendered":"http:\/\/acessopontotech.com.br\/index.php\/product\/import-placeholder-for-8565\/"},"modified":"2020-12-18T13:04:32","modified_gmt":"2020-12-18T16:04:32","slug":"controle-de-acesso-idaccess","status":"publish","type":"product","link":"https:\/\/acessopontotech.com.br\/index.php\/product\/controle-de-acesso-idaccess\/","title":{"rendered":"Controle de Acesso &#8211; iDAccess"},"content":{"rendered":"<ul>\n<li>Display touchscreen<\/li>\n<li>Regras de acesso personalizadas por grupos e hor\u00e1rios<\/li>\n<li>Identifica\u00e7\u00e3o biom\u00e9trica, cart\u00e3o de proximidade e senha<\/li>\n<li>Software de acesso web embarcado dispensando processos de instala\u00e7\u00e3o<\/li>\n<li>Central de alarme integrada<\/li>\n<\/ul>\n<h3>Controle de Acesso<\/h3>\n<ul>\n<li><strong>Controle de Portas<\/strong>2 portas de entrada individuais para botoeira e sensor de porta<\/li>\n<li><strong>Quantidade de Usu\u00e1rios<\/strong>Capacidade para mais de 200.000 usu\u00e1rios<\/li>\n<li><strong>Quantidade de Digitais<\/strong>Capacidade para mais de 2.000 digitais em modo stand alone e mais de 100.000 para modo on-line<\/li>\n<li><strong>Regras de Acesso<\/strong>Regras de libera\u00e7\u00e3o conforme hor\u00e1rios e departamentos<\/li>\n<li><strong>Registros de Acesso<\/strong>Capacidade para mais de 200.000 de registros<\/li>\n<li><strong>iDCloud<\/strong>Servi\u00e7o de monitoramento, sincroniza\u00e7\u00e3o e backup na nuvem\u00a0<i>(opcional)<\/i><\/li>\n<li><strong>Entradas Wiegand<\/strong>1 porta Wiegand nativa (expans\u00edvel at\u00e9 4); configur\u00e1vel como ABATRACK II<\/li>\n<li><strong>Sa\u00eddas Wiegand<\/strong>1 porta Wiegand nativa (expans\u00edvel at\u00e9 4); configur\u00e1vel como ABATRACK II<\/li>\n<li><strong>Rel\u00e9s de sa\u00edda<\/strong>2 rel\u00e9s independentes de at\u00e9 220VAC\/5A<\/li>\n<\/ul>\n<h3>Central de Alarme<\/h3>\n<ul>\n<li><strong>Entradas de Alarme<\/strong>5 zonas de alarme independentes, com tempos de disparo e polaridade configur\u00e1veis<\/li>\n<li><strong>Sa\u00edda de Alarme<\/strong>Sa\u00edda transistorizada de capacidade m\u00e1xima de 12VDC@10mA<\/li>\n<li><strong>Detec\u00e7\u00e3o de Vandalismo<\/strong>Alarme configur\u00e1vel de remo\u00e7\u00e3o do equipamento do suporte<\/li>\n<li><strong>Detec\u00e7\u00e3o de Arrombamento<\/strong>Alarme configur\u00e1vel de abertura de porta sem acionamento do rel\u00e9<\/li>\n<li><strong>Detec\u00e7\u00e3o de Coa\u00e7\u00e3o<\/strong>Possibilidade de cadastramento de dedo de p\u00e2nico por usu\u00e1rio<\/li>\n<\/ul>\n<h3>Comunica\u00e7\u00e3o<\/h3>\n<ul>\n<li><strong>Ethernet<\/strong>1 porta Ethernet 10\/100Mbps nativa<\/li>\n<li><strong>USB<\/strong>1 porta USB Host 2.0<\/li>\n<li><strong>RS-485<\/strong>1 porta RS-485 nativa com termina\u00e7\u00e3o de 120\u03a9<\/li>\n<li><strong>GPRS<\/strong>M\u00f3dulo de conex\u00e3o via GPRS\u00a0<i>(opcional)<\/i><\/li>\n<li><strong>Wi-Fi<\/strong>M\u00f3dulo de conex\u00e3o via Wi-Fi\u00a0<i>(opcional)<\/i><\/li>\n<\/ul>\n<h3>Forma de Identifica\u00e7\u00e3o<\/h3>\n<ul>\n<li><strong>Leitor Biom\u00e9trico<\/strong>Leitor de impress\u00e3o digital \u00f3ptico de 500 DPI<\/li>\n<li><strong>Cart\u00f5es de Proximidade<\/strong>Tecnologias MIFARE&#x2122; ou 125kHz (incluindo ASK, FSK e PSK)<\/li>\n<li><strong>Senha<\/strong>Identifica\u00e7\u00e3o de usu\u00e1rio atrav\u00e9s de senha num\u00e9rica<\/li>\n<\/ul>\n<h3>Interface de Usu\u00e1rio<\/h3>\n<ul>\n<li><strong>Tela LCD Touchscreen<\/strong>Display LCD TFT colorido de 2.6&#8243; (320&#215;240) com tela resistiva sens\u00edvel ao toque<\/li>\n<li><strong>Software Web Integrado<\/strong>Software completo de gerenciamento de controle de acesso via browser<\/li>\n<\/ul>\n<h3>Caracter\u00edsticas Gerais<\/h3>\n<ul>\n<li><strong>Dimens\u00f5es<\/strong>55mm x 170mm x 70mm (P x A x L)<\/li>\n<li><strong>Peso l\u00edquido<\/strong>246 g<\/li>\n<li><strong>Peso embalado<\/strong>300 g<\/li>\n<li><strong>Alimenta\u00e7\u00e3o<\/strong>Fonte externa de 12V\u00a0<i>(n\u00e3o inclusa)<\/i><\/li>\n<li><strong>Consumo<\/strong>2,4W (200mA) nominal<\/li>\n<\/ul>\n","protected":false},"excerpt":{"rendered":"<p>Com design compacto e moderno, o Controlador de Acesso iDAccess da Control iD \u00e9 capaz de monitorar com praticidade e seguran\u00e7a a entrada e sa\u00edda de pessoas de um determinado recinto. Com capacidade para o armazenamento de at\u00e9 200 mil registros e 100 mil diferentes impress\u00f5es digitais (com o software iDSecure Enterprise), o iDAccess pode ser programado para restri\u00e7\u00f5es personalizadas por grupos e hor\u00e1rios.<\/p>\n<p>De opera\u00e7\u00e3o simples e intuitiva, o Controlador de Acesso iDAccess permite autoriza\u00e7\u00f5es por senha pessoal, cart\u00e3o magn\u00e9tico, c\u00f3digo de barras e biometria. Seu software embarcado dispensa instala\u00e7\u00f5es e possibilita a sincroniza\u00e7\u00e3o autom\u00e1tica de backup em nuvem.<\/p>\n","protected":false},"featured_media":310,"template":"","meta":{"_joinchat":[]},"product_cat":[19,26],"product_tag":[],"class_list":{"0":"post-265","1":"product","2":"type-product","3":"status-publish","4":"has-post-thumbnail","6":"product_cat-controle-de-acesso","7":"product_cat-fechaduras-eletronicas","9":"first","10":"instock","11":"shipping-taxable","12":"purchasable","13":"product-type-simple"},"_links":{"self":[{"href":"https:\/\/acessopontotech.com.br\/index.php\/wp-json\/wp\/v2\/product\/265","targetHints":{"allow":["GET"]}}],"collection":[{"href":"https:\/\/acessopontotech.com.br\/index.php\/wp-json\/wp\/v2\/product"}],"about":[{"href":"https:\/\/acessopontotech.com.br\/index.php\/wp-json\/wp\/v2\/types\/product"}],"version-history":[{"count":0,"href":"https:\/\/acessopontotech.com.br\/index.php\/wp-json\/wp\/v2\/product\/265\/revisions"}],"wp:featuredmedia":[{"embeddable":true,"href":"https:\/\/acessopontotech.com.br\/index.php\/wp-json\/wp\/v2\/media\/310"}],"wp:attachment":[{"href":"https:\/\/acessopontotech.com.br\/index.php\/wp-json\/wp\/v2\/media?parent=265"}],"wp:term":[{"taxonomy":"product_cat","embeddable":true,"href":"https:\/\/acessopontotech.com.br\/index.php\/wp-json\/wp\/v2\/product_cat?post=265"},{"taxonomy":"product_tag","embeddable":true,"href":"https:\/\/acessopontotech.com.br\/index.php\/wp-json\/wp\/v2\/product_tag?post=265"}],"curies":[{"name":"wp","href":"https:\/\/api.w.org\/{rel}","templated":true}]}}