{"id":266,"date":"2020-12-18T13:03:54","date_gmt":"2020-12-18T16:03:54","guid":{"rendered":"http:\/\/acessopontotech.com.br\/index.php\/product\/import-placeholder-for-8568\/"},"modified":"2022-04-06T20:58:44","modified_gmt":"2022-04-06T23:58:44","slug":"controle-de-acesso-idflex","status":"publish","type":"product","link":"https:\/\/acessopontotech.com.br\/index.php\/product\/controle-de-acesso-idflex\/","title":{"rendered":"Controle de Acesso &#8211; iDFlex"},"content":{"rendered":"<ul>\n<li>Display touchscreen<\/li>\n<li>Regras de acesso personalizadas por grupos e hor\u00e1rios<\/li>\n<li>Identifica\u00e7\u00e3o biom\u00e9trica, cart\u00e3o de proximidade e senha<\/li>\n<li>M\u00f3dulo de acionamento externo com rel\u00e9<\/li>\n<li>Melhor custo-benef\u00edcio do mercado<\/li>\n<\/ul>\n<h3>Controle de Acesso<\/h3>\n<ul>\n<li><strong>Quantidade de Usu\u00e1rios<\/strong>Capacidade para mais de 200.000 usu\u00e1rios<\/li>\n<li><strong>Quantidade de Digitais<\/strong>Capacidade para mais de 6.000 digitais em modo stand alone<\/li>\n<li><strong>Regras de Acesso<\/strong>Regras de libera\u00e7\u00e3o conforme hor\u00e1rios e departamentos<\/li>\n<li><strong>Registros de Acesso<\/strong>Capacidade para mais de 200.000 de registros<\/li>\n<li><strong>iDCloud<\/strong>Servi\u00e7o de monitoramento, sincroniza\u00e7\u00e3o e backup na nuvem\u00a0<i>(opcional)<\/i><\/li>\n<li><strong>Entradas Wiegand<\/strong>1 porta Wiegand nativa<\/li>\n<li><strong>Sa\u00eddas Wiegand<\/strong>1 porta Wiegand nativa<\/li>\n<li><strong>Rel\u00e9s de sa\u00edda<\/strong>1 rel\u00e9 interno ao m\u00f3dulo de acionamento de at\u00e9 220VAC\/5A<\/li>\n<\/ul>\n<h3>Comunica\u00e7\u00e3o<\/h3>\n<ul>\n<li><strong>Ethernet<\/strong>1 porta Ethernet 10\/100Mbps nativa<\/li>\n<li><strong>USB<\/strong>1 porta USB Host 2.0<\/li>\n<li><strong>RS-485<\/strong>1 porta RS-485 nativa com termina\u00e7\u00e3o de 120\u2126<\/li>\n<li><strong>GPRS<\/strong>M\u00f3dulo de conex\u00e3o via GPRS\u00a0<i>(opcional)<\/i><\/li>\n<li><strong>Wi-Fi<\/strong>M\u00f3dulo de conex\u00e3o via Wi-Fi\u00a0<i>Opcional<\/i><\/li>\n<\/ul>\n<h3>Forma de Identifica\u00e7\u00e3o<\/h3>\n<ul>\n<li><strong>Leitor Biom\u00e9trico<\/strong>Leitor de impress\u00e3o digital \u00f3ptico de 500 DPI<\/li>\n<li><strong>Cart\u00f5es de Proximidade<\/strong>Tecnologias MIFARE\u2122 ou 125kHz (incluindo ASK, FSK e PSK)<\/li>\n<li><strong>Senha<\/strong>Identifica\u00e7\u00e3o de usu\u00e1rio atrav\u00e9s de senha num\u00e9rica<\/li>\n<\/ul>\n<h3>Interface de Usu\u00e1rio<\/h3>\n<ul>\n<li><strong>Tela LCD Touchscreen<\/strong>Display LCD TFT colorido de 2.4&#8243; (320&#215;240) com tela resistiva sens\u00edvel ao toque<\/li>\n<li><strong>Software Web Integrado<\/strong>Software completo de gerenciamento de controle de acesso via browser<\/li>\n<\/ul>\n<h3>Caracter\u00edsticas Gerais<\/h3>\n<ul>\n<li><strong>Dimens\u00f5es<\/strong>100mm x 95mm x 36mm (L x A x P) &#8211; Terminal<br \/>\n52mm x 52mm x 22mm (L x P x A) &#8211; M\u00f3dulo de acionamento<\/li>\n<li><strong>Peso l\u00edquido (equipamento)<\/strong>176 g<\/li>\n<li><strong>Peso l\u00edquido (m\u00f3dulo de acionamento)<\/strong>40 g<\/li>\n<li><strong>Peso embalado<\/strong>282 g<\/li>\n<li><strong>Alimenta\u00e7\u00e3o<\/strong>Fonte externa de 12V\u00a0<i>(n\u00e3o inclusa)<\/i><\/li>\n<li><strong>Consumo<\/strong>2,4W (200mA) nominal<\/li>\n<\/ul>\n","protected":false},"excerpt":{"rendered":"<p>O iDFlex \u00e9 um controlador de acesso robusto, com capacidade para atender organiza\u00e7\u00f5es de todos os portes. Sua mem\u00f3ria interna tem espa\u00e7o suficiente para armazenar mais de seis mil impress\u00f5es digitais diferentes enquanto trabalha em modo\u00a0<i>standalone<\/i>.<\/p>\n<p>Oferece uma interface intuitiva no display LCD touch screen de 2,4\u2033 que, por ser colorido, facilita a visualiza\u00e7\u00e3o das informa\u00e7\u00f5es pelo usu\u00e1rio. Al\u00e9m disso, o m\u00f3dulo de acionamento externo do iDFlex permite solu\u00e7\u00f5es expans\u00edveis, com maior seguran\u00e7a e, na vers\u00e3o Pro, pode ser integrado ao software iDCloud.<\/p>\n","protected":false},"featured_media":312,"template":"","meta":{"_joinchat":[]},"product_cat":[19,26,15],"product_tag":[],"class_list":{"0":"post-266","1":"product","2":"type-product","3":"status-publish","4":"has-post-thumbnail","6":"product_cat-controle-de-acesso","7":"product_cat-fechaduras-eletronicas","8":"product_cat-uncategorized","10":"first","11":"instock","12":"shipping-taxable","13":"purchasable","14":"product-type-simple"},"_links":{"self":[{"href":"https:\/\/acessopontotech.com.br\/index.php\/wp-json\/wp\/v2\/product\/266","targetHints":{"allow":["GET"]}}],"collection":[{"href":"https:\/\/acessopontotech.com.br\/index.php\/wp-json\/wp\/v2\/product"}],"about":[{"href":"https:\/\/acessopontotech.com.br\/index.php\/wp-json\/wp\/v2\/types\/product"}],"version-history":[{"count":1,"href":"https:\/\/acessopontotech.com.br\/index.php\/wp-json\/wp\/v2\/product\/266\/revisions"}],"predecessor-version":[{"id":7111,"href":"https:\/\/acessopontotech.com.br\/index.php\/wp-json\/wp\/v2\/product\/266\/revisions\/7111"}],"wp:featuredmedia":[{"embeddable":true,"href":"https:\/\/acessopontotech.com.br\/index.php\/wp-json\/wp\/v2\/media\/312"}],"wp:attachment":[{"href":"https:\/\/acessopontotech.com.br\/index.php\/wp-json\/wp\/v2\/media?parent=266"}],"wp:term":[{"taxonomy":"product_cat","embeddable":true,"href":"https:\/\/acessopontotech.com.br\/index.php\/wp-json\/wp\/v2\/product_cat?post=266"},{"taxonomy":"product_tag","embeddable":true,"href":"https:\/\/acessopontotech.com.br\/index.php\/wp-json\/wp\/v2\/product_tag?post=266"}],"curies":[{"name":"wp","href":"https:\/\/api.w.org\/{rel}","templated":true}]}}