{"id":268,"date":"2020-12-18T13:03:54","date_gmt":"2020-12-18T16:03:54","guid":{"rendered":"http:\/\/acessopontotech.com.br\/index.php\/product\/import-placeholder-for-8574\/"},"modified":"2022-04-06T21:28:22","modified_gmt":"2022-04-07T00:28:22","slug":"controle-de-acesso-idbox","status":"publish","type":"product","link":"https:\/\/acessopontotech.com.br\/index.php\/product\/controle-de-acesso-idbox\/","title":{"rendered":"Controle de Acesso iDBox"},"content":{"rendered":"<ul>\n<li>Software de acesso web embarcado dispensando processos de instala\u00e7\u00e3o<\/li>\n<li>Controla terminais biom\u00e9tricos e de proximidade<\/li>\n<li>Cont\u00e9m 4 rel\u00e9s e monitora botoeiras e sensores de porta<\/li>\n<li>Regras de intertravamento e dupla entrada<\/li>\n<li>Comunica\u00e7\u00e3o Ethernet, RS-485, RS-232 e Wiegand\/ABATRACK<\/li>\n<\/ul>\n<h3>Controle de Acesso<\/h3>\n<ul>\n<li><strong>Controle de Portas<\/strong>4 portas de entrada individuais para botoeira e sensor de porta<\/li>\n<li><strong>Quantidade de Usu\u00e1rios<\/strong>Capacidade para mais de 200.000 usu\u00e1rios<\/li>\n<li><strong>Regras de Acesso<\/strong>Regras de libera\u00e7\u00e3o conforme hor\u00e1rios e departamentos<\/li>\n<li><strong>Registros de Acesso<\/strong>Capacidade para mais de 200.000 de registros<\/li>\n<li><strong>iDCloud<\/strong>Servi\u00e7o de monitoramento, sincroniza\u00e7\u00e3o e backup na nuvem\u00a0<i>(opcional)<\/i><\/li>\n<li><strong>Entradas Wiegand<\/strong>4 portas nativas (configur\u00e1veis para ABATRACK II)<\/li>\n<li><strong>Rel\u00e9s de sa\u00edda<\/strong>4 rel\u00e9s (1 por porta) de at\u00e9 220VAC\/5A com contatos NO\/NC\/COM<\/li>\n<\/ul>\n<h3>Comunica\u00e7\u00e3o<\/h3>\n<ul>\n<li><strong>Ethernet<\/strong>1 porta Ethernet 10\/100Mbps nativa<\/li>\n<li><strong>USB<\/strong>1 porta USB Host 2.0<\/li>\n<li><strong>RS-485<\/strong>1 porta RS-485 nativa com termina\u00e7\u00e3o de 120\u2126<\/li>\n<li><strong>RS-232<\/strong>1 porta RS-232 nativa<\/li>\n<li><strong>GPRS<\/strong>M\u00f3dulo de conex\u00e3o via GPRS\u00a0<i>(opcional)<\/i><\/li>\n<li><strong>Wi-Fi<\/strong>M\u00f3dulo de conex\u00e3o via Wi-Fi\u00a0<i>(opcional)<\/i><\/li>\n<\/ul>\n<h3>Interface de Usu\u00e1rio<\/h3>\n<ul>\n<li><strong>Tela LCD Touchscreen<\/strong>Display LCD TFT colorido de 4.3&#8243; (480&#215;272) com tela resistiva sens\u00edvel ao toque<\/li>\n<li><strong>Software Web Integrado<\/strong>Software completo de gerenciamento de controle de acesso via browser<\/li>\n<\/ul>\n","protected":false},"excerpt":{"rendered":"<p>A placa controladora \u2014 tamb\u00e9m chamada de controlador de acesso multifuncional \u2014 iDBox apresenta em um \u00fanico produto o que existe de mais avan\u00e7ado no gerenciamento de entradas e sa\u00eddas de pessoas de locais restritos. Equipada com display LCD touch screen de 4.3\u2033 e software web integrado, permite administrar as autoriza\u00e7\u00f5es de at\u00e9 200 mil usu\u00e1rios em quatro portas diferentes.<\/p>\n<p>A iDBox \u00e9 capaz de gerenciar regras de acesso por grupos e por hor\u00e1rios, autenticando as permiss\u00f5es por meio de leitores de proximidade e sensores biom\u00e9tricos. Al\u00e9m disso, pode ser integrada ao iDCloud, possibilitando gerenciamento e conting\u00eancia na nuvem.<\/p>\n","protected":false},"featured_media":316,"template":"","meta":{"_joinchat":[]},"product_cat":[19,26],"product_tag":[],"class_list":{"0":"post-268","1":"product","2":"type-product","3":"status-publish","4":"has-post-thumbnail","6":"product_cat-controle-de-acesso","7":"product_cat-fechaduras-eletronicas","9":"first","10":"instock","11":"shipping-taxable","12":"purchasable","13":"product-type-simple"},"_links":{"self":[{"href":"https:\/\/acessopontotech.com.br\/index.php\/wp-json\/wp\/v2\/product\/268","targetHints":{"allow":["GET"]}}],"collection":[{"href":"https:\/\/acessopontotech.com.br\/index.php\/wp-json\/wp\/v2\/product"}],"about":[{"href":"https:\/\/acessopontotech.com.br\/index.php\/wp-json\/wp\/v2\/types\/product"}],"version-history":[{"count":1,"href":"https:\/\/acessopontotech.com.br\/index.php\/wp-json\/wp\/v2\/product\/268\/revisions"}],"predecessor-version":[{"id":7120,"href":"https:\/\/acessopontotech.com.br\/index.php\/wp-json\/wp\/v2\/product\/268\/revisions\/7120"}],"wp:featuredmedia":[{"embeddable":true,"href":"https:\/\/acessopontotech.com.br\/index.php\/wp-json\/wp\/v2\/media\/316"}],"wp:attachment":[{"href":"https:\/\/acessopontotech.com.br\/index.php\/wp-json\/wp\/v2\/media?parent=268"}],"wp:term":[{"taxonomy":"product_cat","embeddable":true,"href":"https:\/\/acessopontotech.com.br\/index.php\/wp-json\/wp\/v2\/product_cat?post=268"},{"taxonomy":"product_tag","embeddable":true,"href":"https:\/\/acessopontotech.com.br\/index.php\/wp-json\/wp\/v2\/product_tag?post=268"}],"curies":[{"name":"wp","href":"https:\/\/api.w.org\/{rel}","templated":true}]}}