{"id":27,"date":"2020-12-18T13:00:57","date_gmt":"2020-12-18T16:00:57","guid":{"rendered":"http:\/\/acessopontotech.com.br\/index.php\/product\/import-placeholder-for-406\/"},"modified":"2020-12-18T13:01:41","modified_gmt":"2020-12-18T16:01:41","slug":"relogio-de-ponto-cartografico-henry-plus","status":"publish","type":"product","link":"https:\/\/acessopontotech.com.br\/index.php\/product\/relogio-de-ponto-cartografico-henry-plus\/","title":{"rendered":"REL\u00d3GIO DE PONTO &#8211; CARTOGR\u00c1FICO &#8211; HENRY PLUS"},"content":{"rendered":"<div id=\"lista-caract-prod\">\n<h2>Operacional<\/h2>\n<p><span class=\"style5\">Tempo de reten\u00e7\u00e3o de dados:\u00a0<\/span>O equipamento utiliza EEPROM para armazenamento de dados ,que oferece tempo de reten\u00e7\u00e3o de dados superior a 200 anos.<br \/>\n<span class=\"style5\">Tempo de reten\u00e7\u00e3o da data e hora:<\/span>\u00a0Possui uma bateria de NiCd (juntamente com a placa) com autonomia de 12 meses para preserva\u00e7\u00e3o dos dados de data e hora, em caso de desligamento total do equipamento.<br \/>\n<span class=\"style5\">Teclado:\u00a0<\/span>3 bot\u00f5es, sendo dois internos para configura\u00e7\u00e3o do equipamento e um bot\u00e3o externo para mudan\u00e7a manual da coluna de impress\u00e3o.<br \/>\n<span class=\"style5\">Display:<\/span>\u00a0Cristal l\u00edquido 16 caracteres x 2 linhas com backlight (ilumina\u00e7\u00e3o no display) opcional.<br \/>\n<strong><span class=\"style6\">Tipo de impress\u00e3o:<\/span>\u00a0<\/strong>\u00a0Matricial de 9 agulhas.<br \/>\n<span class=\"style6\"><strong>Hor\u00e1rios de bloqueio:<\/strong><\/span>\u00a0Suporta a programa\u00e7\u00e3o de at\u00e9 99 hor\u00e1rios diferentes de funcionamento, impedindo a marca\u00e7\u00e3o de registro de ponto fora desses hor\u00e1rios.<br \/>\n<span class=\"style6\"><strong>Hor\u00e1rios de sirene:\u00a0<\/strong><\/span>Permite a programa\u00e7\u00e3o de at\u00e9 99 hor\u00e1rios de sirene, com tempo de disparo configur\u00e1vel de 00 a 59 segundos.<br \/>\n<span class=\"style6\"><strong>Hor\u00e1rios para indica\u00e7\u00e3o de atraso:<\/strong><\/span>\u00a0Programa\u00e7\u00e3o de at\u00e9 99 hor\u00e1rios limites para impress\u00e3o de uma indica\u00e7\u00e3o de atraso no cart\u00e3o.<br \/>\n<span class=\"style6\"><strong>Hor\u00e1rio de ver\u00e3o:<\/strong><\/span>\u00a0Permite a programa\u00e7\u00e3o para mudan\u00e7a do hor\u00e1rio de ver\u00e3o autom\u00e1tico.<br \/>\n<span class=\"style6\"><strong>Hor\u00e1rio de posicionamento do cart\u00e3o:<\/strong><\/span>\u00a0Permite configurar o hor\u00e1rio em que dever\u00e1 ocorrer a transi\u00e7\u00e3o da posi\u00e7\u00e3o de impress\u00e3o da linha do cart\u00e3o (mudan\u00e7a de dia).<br \/>\n<span class=\"style6\"><strong>Op\u00e7\u00e3o de posicionamento da coluna autom\u00e1tica:\u00a0<\/strong><\/span>Permite a programa\u00e7\u00e3o de at\u00e9 99 hor\u00e1rios de mudan\u00e7a autom\u00e1tica da coluna do cart\u00e3o, ou seja, em hor\u00e1rios pr\u00e9-definidos ele faz mudan\u00e7a autom\u00e1tica da posi\u00e7\u00e3o de impress\u00e3o (Entrada Manh\u00e3, Sa\u00edda Manh\u00e3, Entrada Tarde, Sa\u00edda Tarde, Entrada Extra e Sa\u00edda Extra).<br \/>\n<span class=\"style6\"><strong>Ajuste de impress\u00e3o:<\/strong><\/span>\u00a0Ajuste milim\u00e9trico da posi\u00e7\u00e3o vertical e horizontal de cada espa\u00e7o a ser impresso no cart\u00e3o.<br \/>\n<span class=\"style6\"><strong>Impress\u00e3o:<\/strong><\/span>\u00a0Autom\u00e1tica (n\u00e3o requer qualquer comando externo).<br \/>\n<span class=\"style6\"><strong>Ajuste linha 0 e linha vazia do cart\u00e3o:\u00a0<\/strong><\/span>Permite um ajuste de forma que o primeiro dia do cart\u00e3o possa estar em qualquer uma das 32 posi\u00e7\u00f5es poss\u00edveis do cart\u00e3o mensal (7 posi\u00e7\u00f5es do cart\u00e3o semanal).<br \/>\n<span class=\"style6\"><strong>S\u00edmbolo de Atraso:<\/strong><\/span>\u00a0Possui 8 diferentes s\u00edmbolos para indica\u00e7\u00e3o de atraso.<br \/>\n<span class=\"style6\"><strong>Calend\u00e1rio perp\u00e9tuo:<\/strong><\/span>\u00a0Gerencia a passagem dos dias da semana, meses e anos de modo a que a data no equipamento seja sempre v\u00e1lida. O equipamento possui uma bateria de NiCd com capacidade de manter a data e hora correta por 12 meses no caso de desligamento total do mesmo.<br \/>\n<span class=\"style6\"><strong>Mensagem scroll:<\/strong><\/span>\u00a0Permite a configura\u00e7\u00e3o de uma mensagem de at\u00e9 32 caracteres a ser exibida no display. A mensagem se movimenta da direita para a esquerda, como se estivesse \u201crolando\u201d pelo display.<br \/>\n<span class=\"style6\"><strong>Op\u00e7\u00e3o de senha para configura\u00e7\u00e3o:<\/strong><\/span>\u00a0Programa\u00e7\u00e3o de uma senha de 6 caracteres para bloquear o acesso aos menus de ajuste.<br \/>\n<span class=\"style6\"><strong>Op\u00e7\u00e3o de autoteste:<\/strong><\/span>\u00a0Imprime em todas as posi\u00e7\u00f5es do cart\u00e3o testando todas as posi\u00e7\u00f5es de impress\u00e3o assim como o pr\u00f3prio equipamento. Permite ainda o teste do acionamento (sirene).<br \/>\n<span class=\"style6\"><strong>Desligamento autom\u00e1tico:<\/strong><\/span>\u00a0Permite configura\u00e7\u00e3o de 0 a 240 segundos para hiberna\u00e7\u00e3o do equipamento quando se encontra sem energia vinda da rede el\u00e9trica.<\/p>\n<h2>El\u00e9trica<\/h2>\n<p><span class=\"style6\"><strong>Fonte Chaveada:<\/strong><\/span>\u00a090 a 265 VAC .<br \/>\n<span class=\"style6\"><strong>Tens\u00e3o de Opera\u00e7\u00e3o:<\/strong><\/span>\u00a012 Volts.<br \/>\n<span class=\"style6\"><strong>Pot\u00eancia m\u00e9dia:\u00a0<\/strong><\/span>1,3W em StandBy ,15.3W em opera\u00e7\u00e3o.<br \/>\n<span class=\"style6\"><strong>Consumo m\u00e9dio de corrente:\u00a0<\/strong><\/span>110 mA em StandBy, 1,30A em opera\u00e7\u00e3o .<br \/>\n<span class=\"style6\"><strong>Bateria Interna:<\/strong><\/span>\u00a012V para alimenta\u00e7\u00e3o em caso de falta de energia (no-break interno).<br \/>\n<span class=\"style6\"><strong>Tempo de funcionamento sem energia:\u00a0<\/strong><\/span>72 horas*.<\/p>\n<h2>Ambiente<\/h2>\n<p><span class=\"style5\">Temperatura de Opera\u00e7\u00e3o:<\/span>\u00a0&#8211; 15\u00baC a 55\u00baC (sem condensa\u00e7\u00e3o).<br \/>\n<span class=\"style5\">Temperatura para Estocagem:<\/span>\u00a0&#8211; 20\u00baC a 60\u00baC.<br \/>\n<span class=\"style5\">Faixa de umidade para funcionamento:<\/span>\u00a00% a 95%.<br \/>\n<span class=\"style5\">N\u00edvel aceit\u00e1vel de luz para funcionamento:\u00a0<\/span>3000 lux.<\/p>\n<h2>Mec\u00e2nica<\/h2>\n<p><span class=\"style6\"><strong>Peso:<\/strong><\/span>\u00a04,880 kg.<br \/>\n<span class=\"style6\"><strong>Altura:<\/strong><\/span>\u00a019,3 cm.<br \/>\n<span class=\"style6\"><strong>Profundidade:<\/strong><\/span>\u00a018,3 cm.<br \/>\n<span class=\"style6\"><strong>Largura da base:\u00a0<\/strong><\/span>19,7 cm.<br \/>\n<span class=\"style6\"><strong>Peso:\u00a0<\/strong><\/span>4,20Kg<\/p>\n<\/div>\n","protected":false},"excerpt":{"rendered":"<p>Possui calend\u00e1rio perp\u00e9tuo, com op\u00e7\u00e3o de configura\u00e7\u00e3o do hor\u00e1rio de ver\u00e3o.<br \/>\nO equipamento \u00e9 100% seguro contra fraudes e tem um funcionamento muito simples e autoexplicativo.<br \/>\nMenus de configura\u00e7\u00e3o e manuten\u00e7\u00e3o protegidos por senha.<br \/>\nPermite ajuste para diversos tipos de cart\u00e3o, inclusive cart\u00f5es semanais.<br \/>\nPossui 99 hor\u00e1rios program\u00e1veis para cada tipo evento.<br \/>\nFaz a verifica\u00e7\u00e3o autom\u00e1tica da quinzena no cart\u00e3o.<br \/>\nRecarrega automaticamente a bateria e avisa ao usu\u00e1rio quando h\u00e1 falta de energia vinda da rede el\u00e9trica para funcionamento do equipamento.<br \/>\nSistema exclusivo de desligamento autom\u00e1tico para prote\u00e7\u00e3o da bateria, impedindo a descarga total da mesma, assim evitando o desgaste prematuro.<br \/>\nPreserva\u00e7\u00e3o das configura\u00e7\u00f5es, em caso de desligamento total do equipamento.<br \/>\nEstrutura resistente e dur\u00e1vel em a\u00e7o tratado com pintura Ep\u00f3xi.<br \/>\nSuporte t\u00e9cnico garantido no Brasil e exterior.<\/p>\n","protected":false},"featured_media":70,"template":"","meta":{"_joinchat":[]},"product_cat":[16,17],"product_tag":[],"class_list":{"0":"post-27","1":"product","2":"type-product","3":"status-publish","4":"has-post-thumbnail","6":"product_cat-controle-de-ponto","7":"product_cat-relogios-de-ponto","9":"first","10":"instock","11":"shipping-taxable","12":"purchasable","13":"product-type-simple"},"_links":{"self":[{"href":"https:\/\/acessopontotech.com.br\/index.php\/wp-json\/wp\/v2\/product\/27","targetHints":{"allow":["GET"]}}],"collection":[{"href":"https:\/\/acessopontotech.com.br\/index.php\/wp-json\/wp\/v2\/product"}],"about":[{"href":"https:\/\/acessopontotech.com.br\/index.php\/wp-json\/wp\/v2\/types\/product"}],"version-history":[{"count":0,"href":"https:\/\/acessopontotech.com.br\/index.php\/wp-json\/wp\/v2\/product\/27\/revisions"}],"wp:featuredmedia":[{"embeddable":true,"href":"https:\/\/acessopontotech.com.br\/index.php\/wp-json\/wp\/v2\/media\/70"}],"wp:attachment":[{"href":"https:\/\/acessopontotech.com.br\/index.php\/wp-json\/wp\/v2\/media?parent=27"}],"wp:term":[{"taxonomy":"product_cat","embeddable":true,"href":"https:\/\/acessopontotech.com.br\/index.php\/wp-json\/wp\/v2\/product_cat?post=27"},{"taxonomy":"product_tag","embeddable":true,"href":"https:\/\/acessopontotech.com.br\/index.php\/wp-json\/wp\/v2\/product_tag?post=27"}],"curies":[{"name":"wp","href":"https:\/\/api.w.org\/{rel}","templated":true}]}}