{"id":28,"date":"2020-12-18T13:00:57","date_gmt":"2020-12-18T16:00:57","guid":{"rendered":"http:\/\/acessopontotech.com.br\/index.php\/product\/import-placeholder-for-410\/"},"modified":"2020-12-18T13:01:47","modified_gmt":"2020-12-18T16:01:47","slug":"relogio-de-ponto-compacto-s","status":"publish","type":"product","link":"https:\/\/acessopontotech.com.br\/index.php\/product\/relogio-de-ponto-compacto-s\/","title":{"rendered":"REL\u00d3GIO DE PONTO &#8211; COMPACTO S"},"content":{"rendered":"<p><strong>Caracter\u00edsticas<\/strong><\/p>\n<ul>\n<li>COMPACTOS A &#8211; BIOMETRIA\/PROXIMIDADE\/MIFARE<\/li>\n<li>COMPACTOS B &#8211; BIOMETRIA<\/li>\n<li>COMPACTOS C \u2013 PROXIMIDADE\/MIFARE<\/li>\n<li>COMPACTOS D &#8211; BIOMETRIA\/PROXIMIDADE<\/li>\n<li>COMPACTOS\u00a0 E \u2013 BIOMETRIA\/ MIFARE<\/li>\n<\/ul>\n<ul>\n<li>Registrador eletr\u00f4nico de ponto que atende a Portaria 1.510\/09 do Minist\u00e9rio do Trabalho e Emprego (MTE), e os requisitos da Portaria 595\/13 do INMETRO, que determina novos padr\u00f5es de seguran\u00e7a e qualidade para os REPS<\/li>\n<\/ul>\n<ul>\n<li>Tela LCD Touchscreen TFT colorido de 2.8\u201d. Tela sens\u00edvel ao toque<strong>;<\/strong><\/li>\n<li>Modelos homologados:<\/li>\n<li>Utiliza sistema de gerenciamento embarcado, atrav\u00e9s de navegador Web, sem necessidade de instala\u00e7\u00e3o de software na m\u00e1quina cliente;<\/li>\n<li>Os dados s\u00e3o gravados em mem\u00f3ria n\u00e3o vol\u00e1til tanto para a Mem\u00f3ria de Trabalho (MT) como para a Mem\u00f3ria de Registro Permanente (MRP);<\/li>\n<li>Capacidade de gerenciamento de at\u00e9 15.000 colaboradores na Mem\u00f3ria de Trabalho (MT);<\/li>\n<li>Capacidade para armazenamento de registros em mem\u00f3ria (MRP): 6.700.000;<\/li>\n<\/ul>\n<ul>\n<li>Comunica\u00e7\u00e3o protegida por criptografia, impedindo qualquer tentativa de fraude via softwares n\u00e3o autorizados;<\/li>\n<li>Sistema interno de sensores que realizam o bloqueio autom\u00e1tico do equipamento, na tentativa viola\u00e7\u00e3o.<\/li>\n<li>Controle das opera\u00e7\u00f5es realizadas no equipamento, atrav\u00e9s de n\u00edveis de acesso concedidas pelo usu\u00e1rio administrador do sistema;<\/li>\n<li>Possui bot\u00e3o na cor vermelha identificado como RIM, que tem a fun\u00e7\u00e3o de extrair a rela\u00e7\u00e3o impressa das marca\u00e7\u00f5es de ponto realizadas nas 24 horas precedentes;<\/li>\n<li>Possui bot\u00e3o na cor azul que tem a fun\u00e7\u00e3o de imprimir o identificador do software e chave p\u00fablica do equipamento;<\/li>\n<li>Possui porta fiscal USB para coleta do arquivo AFD para auditoria dos dados do equipamento pelo fiscal do trabalho;<\/li>\n<li>Para maior controle do acesso ao equipamento, possui suporte para cadastrar um usu\u00e1rio e senha de acesso para controle das configura\u00e7\u00f5es;<\/li>\n<li>Suporta at\u00e9 oito usu\u00e1rios para gerenciar o equipamento;<\/li>\n<li>Oferece suporte para cadastro de cart\u00e3o do usu\u00e1rio para acesso ao menu;<\/li>\n<li>Capacidades de armazenamento de digitais: 900, 1.900, 9.500 digitais;<\/li>\n<li>Opera com Auto On (biometria com recurso de toque \u00fanico);<\/li>\n<li>Sistema de importa\u00e7\u00e3o e exporta\u00e7\u00e3o de dados via segunda porta USB. Atrav\u00e9s desta porta podem ser realizadas as configura\u00e7\u00f5es do equipamento, do empregador, de colaboradores, de biometrias e coleta de eventos;<\/li>\n<li>Permite realizar exporta\u00e7\u00e3o da chave p\u00fablica atrav\u00e9s da porta USB2, salvando-a em arquivo de texto em um dispositivo USB de armazenamento;<\/li>\n<li>Sistema de identifica\u00e7\u00e3o de status e eventos no equipamento: pelo pr\u00f3prio equipamento, aplicativo embarcado ou software gerenciador;<\/li>\n<li>Possui sistema de gerenciamento inteligente. Valida as informa\u00e7\u00f5es recebidas e as salva apenas se for necess\u00e1rio, otimizando a utiliza\u00e7\u00e3o da mem\u00f3ria;<\/li>\n<li>Possui sensor para garantir a impress\u00e3o do comprovante de ponto do trabalhador;<\/li>\n<li>Possui contador de tickets restantes (valor aproximado), de forma que o empregador saiba quantos tickets ainda podem ser impressos com determinada bobina de papel;<\/li>\n<\/ul>\n<p><strong>Operacional<\/strong><\/p>\n<ul>\n<li>Trabalhar com as seguintes tecnologias de identifica\u00e7\u00e3o: Biometria, Proximidade Mifare e RFID;<\/li>\n<\/ul>\n<ul>\n<li>Leitor biom\u00e9trico: tipo Capacitivo com resolu\u00e7\u00e3o de 508 DPI, mais resistente ao desgaste ou riscos e alto desempenho na verifica\u00e7\u00e3o da impress\u00e3o digital;<\/li>\n<\/ul>\n<ul>\n<li>Modo da verifica\u00e7\u00e3o das digitais: 1:1 (reconhecimento feito com a pr\u00e9via informa\u00e7\u00e3o da matr\u00edcula e em seguida colocando o dedo no sensor biom\u00e9trico) e 1:N (reconhecimento feito apenas colocando o dedo sobre o sensor biom\u00e9trico);<\/li>\n<\/ul>\n<ul>\n<li>Auto On: identifica\u00e7\u00e3o da digital em modo 1:N (reconhecimento feito apenas colocando o dedo no sensor biom\u00e9trico);<\/li>\n<\/ul>\n<ul>\n<li>Capacidade de armazenamento de digitais: permite armazenar at\u00e9 9.500 digitais;<\/li>\n<\/ul>\n<ul>\n<li>Leitor de proximidade: l\u00ea no padr\u00e3o 125 kHz Unique;<\/li>\n<\/ul>\n<ul>\n<li>Armazenamento em mem\u00f3ria flash para a MT e MRP, no qual a mem\u00f3ria MRP possui um sistema de gerenciamento interno para garantir a integridade dos dados;<\/li>\n<\/ul>\n<ul>\n<li>Dados do empregador: armazena em mem\u00f3ria a raz\u00e3o social, CNPJ\/CPF, CEI e endere\u00e7o do local de trabalho;<\/li>\n<\/ul>\n<ul>\n<li>Lista de colaboradores: \u00e9 poss\u00edvel programar uma lista de at\u00e9 15.000 colaboradores, contendo matr\u00edculas, PIS e nome do colaborador;<\/li>\n<\/ul>\n<ul>\n<li>Possui sistema de impress\u00e3o com velocidade de 90mm\/s;<\/li>\n<\/ul>\n<ul>\n<li>Mecanismo impressor t\u00e9rmico com capacidade de impress\u00e3o de 38 caracteres por linha;<\/li>\n<\/ul>\n<ul>\n<li>Suporta bobinas de at\u00e9 30 metros de comprimento;<\/li>\n<\/ul>\n<ul>\n<li>Durabilidade m\u00ednima da impress\u00e3o de 5 anos, respeitando os requisitos de conserva\u00e7\u00e3o do fabricante do papel;<\/li>\n<\/ul>\n<ul>\n<li>Possui aplicativo de configura\u00e7\u00e3o embarcado, n\u00e3o necessita de instala\u00e7\u00e3o e oferece suporte a qualquer plataforma<\/li>\n<\/ul>\n<p>que possua um navegador de internet;<\/p>\n<ul>\n<li>Modos de comunica\u00e7\u00e3o: trabalha somente em modo off-line, usando os dados contidos na MT para autentica\u00e7\u00e3o no equipamento;<\/li>\n<\/ul>\n<ul>\n<li>Tipos de comunica\u00e7\u00e3o: Serial RS-232, TCP\/IP 10\/100 MBits e USB nativos;<\/li>\n<\/ul>\n<ul>\n<li>M\u00f3dulos externos opcionais: Wi-Fi e 3G (para conex\u00e3o \u00e9 necess\u00e1rio um software gerenciador);<\/li>\n<\/ul>\n<ul>\n<li>Velocidade de comunica\u00e7\u00e3o (Serial RS-232): 9.600 bps ou 115.200 bps;<\/li>\n<\/ul>\n<ul>\n<li>Possui segunda entrada USB, por onde \u00e9 poss\u00edvel realizar a coleta por filtros de registros, configurar o equipamento, cadastrar empregador, colaboradores e digitais;<\/li>\n<\/ul>\n<ul>\n<li>Teclado: 2 teclas para utiliza\u00e7\u00e3o do RIM e I para utiliza\u00e7\u00e3o de dados de funcion\u00e1rios e os demais pelo teclado TFT touch;<\/li>\n<\/ul>\n<ul>\n<li>Utiliza display TFT 690 X 490 ;<\/li>\n<\/ul>\n<ul>\n<li>Calend\u00e1rio perp\u00e9tuo: gerencia a passagem da hora, minuto, segundo, dia, m\u00eas e ano. Possui uma bateria de l\u00edtio com capacidade de manter a data e hora correta por 1.440 horas, ou seja, dois meses no caso de desligamento total do mesmo;<\/li>\n<\/ul>\n<ul>\n<li>Possui suporte para configura\u00e7\u00e3o de ajuste de hor\u00e1rio de ver\u00e3o;<\/li>\n<\/ul>\n<ul>\n<li>Possui sistema de prote\u00e7\u00e3o interno para supervis\u00e3o do funcionamento do equipamento e dos n\u00edveis de tens\u00e3o (watchdog);<\/li>\n<\/ul>\n<ul>\n<li>Coleta de dados: os registros podem ser coletados via porta USB Fiscal, segunda USB no pr\u00f3prio equipamento, aplicativo embarcado em um navegador de internet ou via software gerenciador;<\/li>\n<\/ul>\n<ul>\n<li>Sistema de prote\u00e7\u00e3o contra viola\u00e7\u00e3o: o equipamento \u00e9 dotado de sensores que bloqueiam o equipamento em qualquer tentativa de viola\u00e7\u00e3o do mesmo;<\/li>\n<\/ul>\n<p><strong>Ambiente<\/strong><\/p>\n<ul>\n<li>Temperatura de opera\u00e7\u00e3o: -15\u00b0C a 55\u00b0C (sem condensa\u00e7\u00e3o);<\/li>\n<\/ul>\n<ul>\n<li>Temperatura para estocagem: -20\u00b0C a 60\u00b0C;<\/li>\n<\/ul>\n<ul>\n<li>Faixa de umidade para funcionamento: 0 a 95%;<\/li>\n<\/ul>\n<ul>\n<li>N\u00edvel aceit\u00e1vel de luz para funcionamento: 3.000 Lux.<\/li>\n<\/ul>\n<p><strong>El\u00e9trica<\/strong><\/p>\n<ul>\n<li>Fonte chaveada: 90 a 235 VAC;<\/li>\n<\/ul>\n<ul>\n<li>Tens\u00e3o de opera\u00e7\u00e3o: 9.0 Volts;<\/li>\n<\/ul>\n<ul>\n<li>Pot\u00eancia m\u00e9dia: 18 W;<\/li>\n<\/ul>\n<ul>\n<li>Consumo m\u00e9dio de corrente: 2.0 A;<\/li>\n<\/ul>\n<ul>\n<li>Bateria recarreg\u00e1vel 7,4V 3000mA (Opcional)<\/li>\n<\/ul>\n<p><strong>Medidas do Produto<\/strong><\/p>\n<ul>\n<li>Peso: 0.500 kg;<\/li>\n<\/ul>\n<ul>\n<li>Altura: 22.9 cm;<\/li>\n<\/ul>\n<ul>\n<li>Profundidade: 7.18 cm;<\/li>\n<\/ul>\n<ul>\n<li>Largura da base: 8.7 cm;<\/li>\n<\/ul>\n","protected":false},"excerpt":{"rendered":"<p>O Compacto S \u00e9 o primeiro REP m\u00f3vel a ser homologado pelo Inmetro. Possui um design compacto e leve facilitando o manuseio e transporte. Sua tela touch screen torna a experi\u00eancia do usu\u00e1rio mais intuitiva e a op\u00e7\u00e3o de leitor biom\u00e9trico faz com que a identifica\u00e7\u00e3o do colaborador aconte\u00e7a de forma mais segura. Ideal para controlar o ponto de colaboradores que prestam servi\u00e7os em \u00e1reas rurais, fazendas, usinas e obras ou batem ponto em \u00f4nibus, caminh\u00f5es e ve\u00edculos em geral.<\/p>\n","protected":false},"featured_media":73,"template":"","meta":{"_joinchat":[]},"product_cat":[16,17],"product_tag":[],"class_list":{"0":"post-28","1":"product","2":"type-product","3":"status-publish","4":"has-post-thumbnail","6":"product_cat-controle-de-ponto","7":"product_cat-relogios-de-ponto","9":"first","10":"instock","11":"featured","12":"shipping-taxable","13":"purchasable","14":"product-type-simple"},"_links":{"self":[{"href":"https:\/\/acessopontotech.com.br\/index.php\/wp-json\/wp\/v2\/product\/28","targetHints":{"allow":["GET"]}}],"collection":[{"href":"https:\/\/acessopontotech.com.br\/index.php\/wp-json\/wp\/v2\/product"}],"about":[{"href":"https:\/\/acessopontotech.com.br\/index.php\/wp-json\/wp\/v2\/types\/product"}],"version-history":[{"count":0,"href":"https:\/\/acessopontotech.com.br\/index.php\/wp-json\/wp\/v2\/product\/28\/revisions"}],"wp:featuredmedia":[{"embeddable":true,"href":"https:\/\/acessopontotech.com.br\/index.php\/wp-json\/wp\/v2\/media\/73"}],"wp:attachment":[{"href":"https:\/\/acessopontotech.com.br\/index.php\/wp-json\/wp\/v2\/media?parent=28"}],"wp:term":[{"taxonomy":"product_cat","embeddable":true,"href":"https:\/\/acessopontotech.com.br\/index.php\/wp-json\/wp\/v2\/product_cat?post=28"},{"taxonomy":"product_tag","embeddable":true,"href":"https:\/\/acessopontotech.com.br\/index.php\/wp-json\/wp\/v2\/product_tag?post=28"}],"curies":[{"name":"wp","href":"https:\/\/api.w.org\/{rel}","templated":true}]}}