{"id":29,"date":"2020-12-18T13:00:57","date_gmt":"2020-12-18T16:00:57","guid":{"rendered":"http:\/\/acessopontotech.com.br\/index.php\/product\/import-placeholder-for-416\/"},"modified":"2020-12-18T13:01:47","modified_gmt":"2020-12-18T16:01:47","slug":"relogio-de-ponto-compacto","status":"publish","type":"product","link":"https:\/\/acessopontotech.com.br\/index.php\/product\/relogio-de-ponto-compacto\/","title":{"rendered":"REL\u00d3GIO DE PONTO &#8211; COMPACTO"},"content":{"rendered":"<p>Equipamento est\u00e1 homologado de acordo com a Portaria n\u00b0 1.510\/2009 MTE;<br \/>\nUtiliza sistema embarcado de gerenciamento, sem necessidade de instala\u00e7\u00e3o de software na m\u00e1quina cliente, fornece interface de controle atrav\u00e9s de navegador web;<br \/>\nPossui sistema de impress\u00e3o com velocidade de 90 mm\/s;<br \/>\nA impress\u00e3o tem durabilidade de no m\u00ednimo 5 anos;<br \/>\nOs dados s\u00e3o gravados em mem\u00f3ria n\u00e3o vol\u00e1til tanto para a mem\u00f3ria de trabalho (MT) como para a mem\u00f3ria de registro permanente (MRP);<br \/>\nPermite o cadastro das informa\u00e7\u00f5es do empregador, local de trabalho e funcion\u00e1rios;<br \/>\nArmazena na MRP todos os eventos: registro do empregador, marca\u00e7\u00e3o de ponto, altera\u00e7\u00e3o de data e hora e cadastro de funcion\u00e1rio;<br \/>\nCapacidade de gerenciamento de at\u00e9 15.000 colaboradores na mem\u00f3ria de trabalho (MT);<br \/>\nCapacidade para armazenamento de registros em mem\u00f3ria (MRP): 8.000.000;<br \/>\nTrabalha com v\u00e1rios tipos de comunica\u00e7\u00e3o, tornando-se um equipamento mold\u00e1vel \u00e0 necessidade do cliente e adapt\u00e1vel ao ambiente;<br \/>\nCalend\u00e1rio perp\u00e9tuo, com op\u00e7\u00e3o de ajuste da data e hora e configura\u00e7\u00e3o do hor\u00e1rio de ver\u00e3o;<br \/>\nTrabalha com leitura de cart\u00f5es RFiD de 125 kHz;<br \/>\nPossui bot\u00e3o para rela\u00e7\u00e3o da emiss\u00e3o instant\u00e2nea dos eventos de ponto realizados nas 24 horas precedentes;<br \/>\nPara maior seguran\u00e7a das configura\u00e7\u00f5es do equipamento, utiliza-se uma senha, configur\u00e1vel, de seguran\u00e7a no menu;<br \/>\nSistema de No-break com recurso de corte inteligente de energia quando o n\u00edvel de energia baixar demais;<br \/>\nPossui porta fiscal USB para coleta do arquivo AFD para auditoria dos dados do equipamento pelo fiscal do trabalho;<br \/>\nSistema de importa\u00e7\u00e3o e exporta\u00e7\u00e3o de dados via segunda porta USB. Atrav\u00e9s desta porta podem ser realizadas as configura\u00e7\u00f5es do equipamento, do empregador, de colaboradores e coleta de eventos;<br \/>\nSistema de identifica\u00e7\u00e3o de status e eventos no equipamento: pelo pr\u00f3prio equipamento, aplicativo embarcado ou software gerenciador;<br \/>\nPossui sistema de gerenciamento inteligente. Valida as informa\u00e7\u00f5es recebidas e as salva se precisar, dessa forma otimiza a utiliza\u00e7\u00e3o da mem\u00f3ria, n\u00e3o gravando eventos desnecess\u00e1rios;<br \/>\nPossui sensor de papel que indica atrav\u00e9s de mensagem no display, aviso sonoro e at\u00e9 mesmo no software gerenciador caso o papel esteja acabando;<br \/>\nPossui contador de tickets restantes (valor aproximado), de forma que o empregador saiba quantos tickets ainda podem ser impressos com determinada bobina de papel;<\/p>\n<p>&nbsp;<\/p>\n<p><strong>OPERACIONAL\u00a0<\/strong><\/p>\n<div id=\"operacional\" class=\"hideprd\"><span class=\"kp\">Pode trabalhar com tecnologia de identifica\u00e7\u00e3o:<\/span>\u00a0RFID 125 kHz Unique;<br \/>\n<span class=\"kp\">Leitor de proximidade:<\/span>\u00a0l\u00ea no padr\u00e3o 125 kHz Unique;<br \/>\n<span class=\"kp\">Dados do empregador:<\/span>\u00a0armazena em mem\u00f3ria a raz\u00e3o social, CNPJ\/CPF, CEI e endere\u00e7o do local de trabalho;<br \/>\n<span class=\"kp\">Lista de funcion\u00e1rios:<\/span>\u00a0\u00e9 poss\u00edvel programar uma lista de at\u00e9 15.000 funcion\u00e1rios, contendo matr\u00edculas, PIS e nome do funcion\u00e1rio;<br \/>\nMecanismo impressor t\u00e9rmico com capacidade de impress\u00e3o de 38 caracteres por linha;<br \/>\nPossui autonomia para mais de 500 bilhetes;<br \/>\nUtiliza bobinas de no m\u00e1ximo 30 mm de di\u00e2metro, variando a metragem de acordo com a gramatura do papel;<br \/>\nImpressora de alta resolu\u00e7\u00e3o com corte manual do papel;<br \/>\nDurabilidade m\u00ednima da impress\u00e3o de 5 anos, respeitando os requisitos de conserva\u00e7\u00e3o do fabricante do papel;<br \/>\nPossui aplicativo de configura\u00e7\u00e3o embutido, n\u00e3o necessita de instala\u00e7\u00e3o e oferece suporte a qualquer plataforma que possua um navegador de internet;<br \/>\n<span class=\"kp\">Modos de comunica\u00e7\u00e3o:<\/span>\u00a0trabalha somente em modo off-line, usando os dados contidos na MT para autentica\u00e7\u00e3o no equipamento;<br \/>\n<span class=\"kp\">Tipos de comunica\u00e7\u00e3o:<\/span>\u00a0serial RS 232, TCP\/IP 10\/100 MBits e USB nativos;<br \/>\n<span class=\"kp\">M\u00f3dulos externos opcionais:<\/span>\u00a0Wi-Fi, GPRS, 3G e Serial RS 485;<br \/>\nFaz conex\u00e3o utilizando Wi-Fi, GPRS, 3G e Serial apenas atrav\u00e9s de um software gerenciador;<br \/>\n<span class=\"kp\">Velocidade de comunica\u00e7\u00e3o (Serial RS 232):<\/span>\u00a09.600 bps ou 115.200 bps;<br \/>\nPossui segunda entrada USB, por onde \u00e9 poss\u00edvel a coleta por filtros de registros, configurar o equipamento, cadastrar empregador, colaboradores;<br \/>\n<span class=\"kp\">Teclado:<\/span>\u00a020 teclas sendo 10 em padr\u00e3o telef\u00f4nico e 10 teclas adicionais de fun\u00e7\u00e3o;<br \/>\nUtiliza display de gr\u00e1fico cristal l\u00edquido de 64 x 128 pixels com backlight (ilumina\u00e7\u00e3o do display);<br \/>\n<span class=\"kp\">Calend\u00e1rio perp\u00e9tuo:<\/span>\u00a0gerencia a passagem da hora, minuto, segundo, dia, m\u00eas e ano. Possui uma bateria de l\u00edtio com capacidade de manter a data e hora correta por 1.440 horas, ou seja, 2 meses no caso de desligamento total;<br \/>\nSistema de corte da energia do No-break se o n\u00edvel de energia abaixar demais ;<br \/>\n<span class=\"kp\">Coleta de dados:<\/span>\u00a0os registros podem ser coletados via porta USB Fiscal, segunda USB no pr\u00f3prio equipamento, aplicativo embarcado em um navegador de internet ou via software gerenciador;<br \/>\n<span class=\"kp\">Sistema de prote\u00e7\u00e3o contra viola\u00e7\u00e3o:<\/span>\u00a0o equipamento \u00e9 dotado de sensores que bloqueiam o equipamento em qualquer tentativa de viola\u00e7\u00e3o;<\/div>\n<p><strong>EL\u00c9TRICA<\/strong><\/p>\n<p><span class=\"kp\">Fonte chaveada:<\/span>\u00a090 a 240 VAC;<br \/>\n<span class=\"kp\">Tens\u00e3o de opera\u00e7\u00e3o:<\/span>\u00a09 Volts;<br \/>\n<span class=\"kp\">Pot\u00eancia m\u00e9dia:<\/span>\u00a05,4 W;<br \/>\n<span class=\"kp\">Consumo m\u00e9dio de corrente:<\/span>\u00a0600 mA;<br \/>\n<span class=\"kp\">Bateria interna:<\/span>\u00a07,4 V 2200 mAh para alimenta\u00e7\u00e3o em caso de falta de energia (No-break).<\/p>\n","protected":false},"excerpt":{"rendered":"<div class=\"desc_txt\">O Compacto \u00e9 o mais novo REP (Rel\u00f3gio Eletr\u00f4nico de Ponto) desenvolvido pela Henry e homologado de acordo com a Portaria 1510\/2009 do Minist\u00e9rio do Trabalho e Emprego. Pequeno, leve e de f\u00e1cil manuseio, foi projetado para atender as necessidades de clientes que buscam um controle de ponto simples e que ocupe pouco espa\u00e7o. Com tecnologia 8X e web server embarcado, possui v\u00e1rios tipos de comunica\u00e7\u00e3o, capacidade de gerenciamento de 15 mil usu\u00e1rios e armazenamento de 8 milh\u00f5es de registros. Totalmente vers\u00e1til, o Compacto \u00e9 o controle de ponto que faltava.<\/div>\n<div class=\"desc_txt\"><em>Compacto. Mais tecnologia por cent\u00edmetro quadrado.<\/em><\/div>\n","protected":false},"featured_media":77,"template":"","meta":{"_joinchat":[]},"product_cat":[16,17],"product_tag":[],"class_list":{"0":"post-29","1":"product","2":"type-product","3":"status-publish","4":"has-post-thumbnail","6":"product_cat-controle-de-ponto","7":"product_cat-relogios-de-ponto","9":"first","10":"instock","11":"shipping-taxable","12":"purchasable","13":"product-type-simple"},"_links":{"self":[{"href":"https:\/\/acessopontotech.com.br\/index.php\/wp-json\/wp\/v2\/product\/29","targetHints":{"allow":["GET"]}}],"collection":[{"href":"https:\/\/acessopontotech.com.br\/index.php\/wp-json\/wp\/v2\/product"}],"about":[{"href":"https:\/\/acessopontotech.com.br\/index.php\/wp-json\/wp\/v2\/types\/product"}],"version-history":[{"count":0,"href":"https:\/\/acessopontotech.com.br\/index.php\/wp-json\/wp\/v2\/product\/29\/revisions"}],"wp:featuredmedia":[{"embeddable":true,"href":"https:\/\/acessopontotech.com.br\/index.php\/wp-json\/wp\/v2\/media\/77"}],"wp:attachment":[{"href":"https:\/\/acessopontotech.com.br\/index.php\/wp-json\/wp\/v2\/media?parent=29"}],"wp:term":[{"taxonomy":"product_cat","embeddable":true,"href":"https:\/\/acessopontotech.com.br\/index.php\/wp-json\/wp\/v2\/product_cat?post=29"},{"taxonomy":"product_tag","embeddable":true,"href":"https:\/\/acessopontotech.com.br\/index.php\/wp-json\/wp\/v2\/product_tag?post=29"}],"curies":[{"name":"wp","href":"https:\/\/api.w.org\/{rel}","templated":true}]}}