{"id":294,"date":"2020-12-18T13:04:21","date_gmt":"2020-12-18T16:04:21","guid":{"rendered":"http:\/\/acessopontotech.com.br\/index.php\/product\/import-placeholder-for-8577\/"},"modified":"2020-12-18T13:05:04","modified_gmt":"2020-12-18T16:05:04","slug":"catraca-sw1-tecnibra","status":"publish","type":"product","link":"https:\/\/acessopontotech.com.br\/index.php\/product\/catraca-sw1-tecnibra\/","title":{"rendered":"CATRACA SW1 &#8211; Tecnibra"},"content":{"rendered":"<h2>MEC\u00c2NICA<\/h2>\n<ul class=\"Laranja\">\n<li>\n<h2>HIDR\u00c1ULICA (EXCLUSIVO TECNIBRA)<\/h2>\n<div class=\"Desc\"><strong>Sistema Exclusivo da Tecnibra<\/strong>, permite um giro ultraleve e uma parada mais suave devido ao sistema de amortecimento inovador, evitando os trancos. Em testes de exaust\u00e3o\u00a0<strong>alcan\u00e7ou 1.300.000 (Um milh\u00e3o e trezentos mil) giros sem sinais de desgastes porque essa mec\u00e2nica \u00e9 toda constru\u00edda sem qualquer atrito.<\/strong><\/div>\n<\/li>\n<\/ul>\n<h2>ELETR\u00d4NICA<\/h2>\n<ul class=\"Laranja\">\n<li>\n<h2>IHM<\/h2>\n<div class=\"Desc\">\n<ul>\n<li>A eletr\u00f4nica IHM trabalha em modo On-Line (conectado a um computador\/software\/rede) que libera o acesso mediante a um comando do sistema ou quando sistema n\u00e3o est\u00e1 operando por falha de comunica\u00e7\u00e3o e\/ou falta de eletricidade, a catraca opera com a mem\u00f3ria interna que permite at\u00e9 4.000 registros;<\/li>\n<li>Sua comunica\u00e7\u00e3o \u00e9 feita por cabo de rede (TCP\/IP ou Serial);<\/li>\n<li>Permite identifica\u00e7\u00e3o por<strong>\u00a0leitor biom\u00e9trico (impress\u00e3o digital)\u00a0<\/strong>com mem\u00f3ria para 1900 ou 9500 cadastros,\u00a0<strong>teclado, cart\u00e3o\/crach\u00e1<\/strong>\u00a0com\u00a0<strong>c\u00f3digo de barras<\/strong>\u00a0ou\u00a0<strong>proximidade<\/strong>. Os leitores de identifica\u00e7\u00e3o podem ser usados separadamente ou simultaneamente;<\/li>\n<li>Possui display alfanum\u00e9rico interativo com o usu\u00e1rio, de cristal l\u00edquido com 2 linhas de 16 caracteres cada, com luz de fundo azul brilhante.<\/li>\n<\/ul>\n<\/div>\n<\/li>\n<\/ul>\n<h2>OPCIONAIS<\/h2>\n<p>Consulte nossa Central de Atendimento para verificar a possibilidade de montar itens opcionais como:<\/p>\n<ul>\n<li>Contador de Giros<\/li>\n<li>Cofre Coletor de Cart\u00f5es\/Crach\u00e1s<\/li>\n<\/ul>\n<h2>CARACTER\u00cdSTICAS<\/h2>\n<ul>\n<li><strong>At\u00e9 4 leitores simult\u00e2neos:<\/strong>\u00a0Teclado, Barras, Proximidade RFID, MIFARE, HID, INDALA, Magn\u00e9tico e Biometria (impress\u00e3o digital);<\/li>\n<li>Comunica\u00e7\u00e3o serial e Ethernet (TCP\/IP);<\/li>\n<li>Informa se o bra\u00e7o girou ou n\u00e3o e o sentido do giro;<\/li>\n<li>Atualiza\u00e7\u00e3o de firmware em campo;<\/li>\n<li>Configura\u00e7\u00e3o dos leitores via software;<\/li>\n<li>Mensagem no display configur\u00e1vel para cada acesso;<\/li>\n<li>Mensagem de Virada do Minuto;<\/li>\n<li>Exibe mensagens direcionadas no display a qualquer momento;<\/li>\n<li>M\u00f3dulos biom\u00e9tricos com capacidade para 1900 ou 9500 digitais;<\/li>\n<li>Aciona Buzzer na tentativa de giro n\u00e3o autorizado;<\/li>\n<li>Rel\u00e9 auxiliar acionado diretamente pelo software para sirene, revista, etc;<\/li>\n<li>Autentica\u00e7\u00e3o de digita\u00e7\u00e3o diretamente no servidor (opcional);<\/li>\n<li>Pictograma Lateral.<\/li>\n<li>Possibilidade da libera\u00e7\u00e3o do giro por controle remoto.<\/li>\n<\/ul>\n<h2>ESPECIFICA\u00c7\u00d5ES T\u00c9CNICAS<\/h2>\n<ul>\n<li><strong>Alimenta\u00e7\u00e3o:<\/strong>\u00a0127 ou 220 VAC 60 Hz com varia\u00e7\u00e3o de 10%;<\/li>\n<li><strong>Display:<\/strong>\u00a0alfanum\u00e9rico interativo com o usu\u00e1rio, de cristal l\u00edquido com 2 linhas de 16 caracteres cada, com luz de fundo azul brilhante, proporcionando fino acabamento ao produto inclusive em ambientes de pouca ilumina\u00e7\u00e3o;<\/li>\n<li><strong>Mem\u00f3ria:<\/strong>\u00a0EEPROM de 64 Kb n\u00e3o vol\u00e1til com prote\u00e7\u00e3o de dados;<\/li>\n<li><strong>Dimens\u00f5es:\u00a0<\/strong>31L x 110A x 70P cm;<\/li>\n<li><strong>Leitores opcionais:\u00a0<\/strong>c\u00f3digo de barras; proximidade, teclado e biom\u00e9trico para 1900 ou 9500 digitais.<\/li>\n<\/ul>\n","protected":false},"excerpt":{"rendered":"<p>Desenvolvida com a tecnologia e qualidade j\u00e1 existente em todas as nossas catracas, a SW1 une beleza e modernidade dando um toque futur\u00edstico em seu ambiente. Ideal para escolas, academias, eventos, est\u00e1dios, faculdades ou locais que necessitam de controle de acesso.<\/p>\n<p>Desenvolvida com um corpo prisma retangular e bordas arredondadas, possui caracter\u00edsticas \u00fanicas de um esqueleto de a\u00e7o carbono, proporcionando a robustez, um acabamento em suas faces em acr\u00edlico Black Piano, suas laterais em a\u00e7o escovado, setas cortadas a laser, iluminadas por led (vermelho e verde) indicam o sentido do fluxo e uma base de a\u00e7o inox espelhada passa a impress\u00e3o que a catraca est\u00e1 flutuando.<\/p>\n<p>Toda essa modernidade e futurismo do seu design, desenvolvido pelo premiado escrit\u00f3rio Abrupta no Rio de Janeiro, pelo arquiteto Gustavo Teixeira, \u00e9 complementado com o\u00a0<strong>EXCLUSIVO SISTEMA TECNIBRA\u00a0<\/strong>de engrenagens e correia sincronizadora que permite a utiliza\u00e7\u00e3o do amortecimento hidr\u00e1ulico que \u00e9 feito por um cilindro pressurizado a g\u00e1s. Tudo sem qualquer atrito, proporcionando menos desgaste e maior durabilidade e o giro mais suave do mercado, evitando os indesej\u00e1veis movimentos bruscos.<\/p>\n","protected":false},"featured_media":318,"template":"","meta":{"_joinchat":[]},"product_cat":[24,19],"product_tag":[],"class_list":{"0":"post-294","1":"product","2":"type-product","3":"status-publish","4":"has-post-thumbnail","6":"product_cat-catracas-de-acesso","7":"product_cat-controle-de-acesso","9":"first","10":"instock","11":"shipping-taxable","12":"purchasable","13":"product-type-simple"},"_links":{"self":[{"href":"https:\/\/acessopontotech.com.br\/index.php\/wp-json\/wp\/v2\/product\/294","targetHints":{"allow":["GET"]}}],"collection":[{"href":"https:\/\/acessopontotech.com.br\/index.php\/wp-json\/wp\/v2\/product"}],"about":[{"href":"https:\/\/acessopontotech.com.br\/index.php\/wp-json\/wp\/v2\/types\/product"}],"version-history":[{"count":0,"href":"https:\/\/acessopontotech.com.br\/index.php\/wp-json\/wp\/v2\/product\/294\/revisions"}],"wp:featuredmedia":[{"embeddable":true,"href":"https:\/\/acessopontotech.com.br\/index.php\/wp-json\/wp\/v2\/media\/318"}],"wp:attachment":[{"href":"https:\/\/acessopontotech.com.br\/index.php\/wp-json\/wp\/v2\/media?parent=294"}],"wp:term":[{"taxonomy":"product_cat","embeddable":true,"href":"https:\/\/acessopontotech.com.br\/index.php\/wp-json\/wp\/v2\/product_cat?post=294"},{"taxonomy":"product_tag","embeddable":true,"href":"https:\/\/acessopontotech.com.br\/index.php\/wp-json\/wp\/v2\/product_tag?post=294"}],"curies":[{"name":"wp","href":"https:\/\/api.w.org\/{rel}","templated":true}]}}