{"id":295,"date":"2020-12-18T13:04:21","date_gmt":"2020-12-18T16:04:21","guid":{"rendered":"http:\/\/acessopontotech.com.br\/index.php\/product\/import-placeholder-for-8582\/"},"modified":"2020-12-18T13:05:07","modified_gmt":"2020-12-18T16:05:07","slug":"catraca-para-cadeirante-slim-tecnibra","status":"publish","type":"product","link":"https:\/\/acessopontotech.com.br\/index.php\/product\/catraca-para-cadeirante-slim-tecnibra\/","title":{"rendered":"CATRACA PARA CADEIRANTE SLIM &#8211; TECNIBRA"},"content":{"rendered":"<h2>MEC\u00c2NICA<\/h2>\n<ul class=\"Laranja\">\n<li>\n<h2>HIDR\u00c1ULICA (EXCLUSIVO TECNIBRA)<\/h2>\n<div class=\"Desc\"><strong>Sistema Exclusivo da Tecnibra<\/strong>, permite um giro ultraleve e uma parada mais suave devido ao sistema de amortecimento inovador, evitando os trancos. Em testes de exaust\u00e3o\u00a0<strong>alcan\u00e7ou 1.300.000 (Um milh\u00e3o e trezentos mil) giros sem sinais de desgastes porque essa mec\u00e2nica \u00e9 toda constru\u00edda sem qualquer atrito.<\/strong><\/div>\n<\/li>\n<\/ul>\n<h2>ELETR\u00d4NICA<\/h2>\n<ul class=\"Laranja\">\n<li>\n<h2>IHM<\/h2>\n<div class=\"Desc\">\n<ul>\n<li>A eletr\u00f4nica IHM trabalha em modo online (conectado a um computador\/software\/rede) que libera o acesso mediante a um comando do sistema ou quando sistema n\u00e3o est\u00e1 operando por falha de comunica\u00e7\u00e3o e\/ou falta de eletricidade, a catraca opera com a mem\u00f3ria interna que permite at\u00e9 4.000 registros;<\/li>\n<li>Sua comunica\u00e7\u00e3o \u00e9 feita por cabo de rede (TCP\/IP ou Serial);<\/li>\n<li>Permite identifica\u00e7\u00e3o por<strong>\u00a0leitor biom\u00e9trico (impress\u00e3o digital)\u00a0<\/strong>com mem\u00f3ria para 1900 ou 9500 cadastros,\u00a0<strong>teclado, cart\u00e3o\/crach\u00e1<\/strong>\u00a0com\u00a0<strong>c\u00f3digo de barras<\/strong>\u00a0ou\u00a0<strong>proximidade<\/strong>. Os leitores de identifica\u00e7\u00e3o podem ser usados separadamente ou simultaneamente;<\/li>\n<li>Possui display alfanum\u00e9rico interativo com o usu\u00e1rio, de cristal l\u00edquido com 2 linhas de 16 caracteres cada, com luz de fundo azul brilhante.<\/li>\n<\/ul>\n<\/div>\n<\/li>\n<\/ul>\n<h2>OPCIONAIS<\/h2>\n<p>Consulte nossa Central de Atendimento para verificar a possibilidade de montar itens opcionais como:<\/p>\n<ul>\n<li>Contador de Giros<\/li>\n<li>Cofre Coletor de Cart\u00f5es\/Crach\u00e1s<\/li>\n<\/ul>\n","protected":false},"excerpt":{"rendered":"<p>A\u00a0<strong>Catraca Cadeirante<\/strong>\u00a0foi desenvolvida para atender usu\u00e1rios com necessidades especiais utilizadores de cadeiras de rodas. Seu bra\u00e7o \u00e9 bidirecional e movimenta-se horizontalmente, permitindo o acesso desses usu\u00e1rios.<\/p>\n<p>Desenvolvida no chassi da Catraca Slim ocupa menos espa\u00e7o e sua mec\u00e2nica com o\u00a0<strong>EXCLUSIVO SISTEMA TECNIBRA<\/strong>\u00a0de amortecedor hidr\u00e1ulico feito por um cilindro pressurizado a g\u00e1s que torna o movimento do bra\u00e7o leve e a parada ao final do curso do bra\u00e7o suave.<\/p>\n<p>O travamento \u00e0 libera\u00e7\u00e3o do acesso pode ser feito via computador junto com sistemas de controle de acesso ou boteiras (interruptores).<\/p>\n","protected":false},"featured_media":320,"template":"","meta":{"_joinchat":[]},"product_cat":[24,19],"product_tag":[],"class_list":{"0":"post-295","1":"product","2":"type-product","3":"status-publish","4":"has-post-thumbnail","6":"product_cat-catracas-de-acesso","7":"product_cat-controle-de-acesso","9":"first","10":"instock","11":"shipping-taxable","12":"purchasable","13":"product-type-simple"},"_links":{"self":[{"href":"https:\/\/acessopontotech.com.br\/index.php\/wp-json\/wp\/v2\/product\/295","targetHints":{"allow":["GET"]}}],"collection":[{"href":"https:\/\/acessopontotech.com.br\/index.php\/wp-json\/wp\/v2\/product"}],"about":[{"href":"https:\/\/acessopontotech.com.br\/index.php\/wp-json\/wp\/v2\/types\/product"}],"version-history":[{"count":0,"href":"https:\/\/acessopontotech.com.br\/index.php\/wp-json\/wp\/v2\/product\/295\/revisions"}],"wp:featuredmedia":[{"embeddable":true,"href":"https:\/\/acessopontotech.com.br\/index.php\/wp-json\/wp\/v2\/media\/320"}],"wp:attachment":[{"href":"https:\/\/acessopontotech.com.br\/index.php\/wp-json\/wp\/v2\/media?parent=295"}],"wp:term":[{"taxonomy":"product_cat","embeddable":true,"href":"https:\/\/acessopontotech.com.br\/index.php\/wp-json\/wp\/v2\/product_cat?post=295"},{"taxonomy":"product_tag","embeddable":true,"href":"https:\/\/acessopontotech.com.br\/index.php\/wp-json\/wp\/v2\/product_tag?post=295"}],"curies":[{"name":"wp","href":"https:\/\/api.w.org\/{rel}","templated":true}]}}