{"id":298,"date":"2020-12-18T13:04:21","date_gmt":"2020-12-18T16:04:21","guid":{"rendered":"http:\/\/acessopontotech.com.br\/index.php\/product\/import-placeholder-for-8594\/"},"modified":"2020-12-18T13:05:15","modified_gmt":"2020-12-18T16:05:15","slug":"catraca-catrax-go-master-digicon","status":"publish","type":"product","link":"https:\/\/acessopontotech.com.br\/index.php\/product\/catraca-catrax-go-master-digicon\/","title":{"rendered":"Catraca Catrax Go Master &#8211; Digicon"},"content":{"rendered":"<div class=\"col-md-3\">\n<div class=\"feature-excerpt\">\n<h3 id=\"feature-title-0\" class=\"feature-title\">Caracter\u00edsticas<\/h3>\n<div class=\"conteudo\">\n<p>\u2013 Cantos arredondados e sem parafusos expostos, evitando acidentes na passagem.<br \/>\n\u2013 Espa\u00e7o interno protegido com chave-segredo e de f\u00e1cil integra\u00e7\u00e3o com outros acess\u00f3rios de controle.<br \/>\n\u2013 Grande fluxo de passagem devido ao posicionamento dos leitores (distantes do mecanismo de bloqueio).<br \/>\n\u2013 Controle das travas de giro atrav\u00e9s de sensores \u00f3pticos e bloqueio por eletro\u00edm\u00e3s que<br \/>\ngeram menos desgaste mec\u00e2nico e maior vida \u00fatil ao produto.<br \/>\n\u2013 Mecanismo de giro motorizado que acompanha o movimento do usu\u00e1rio.<br \/>\n\u2013 Suporte para fixa\u00e7\u00e3o das placas de integra\u00e7\u00e3o, possibilitando f\u00e1cil manuten\u00e7\u00e3o.<br \/>\n\u2013 Pictograma superior indicando permiss\u00e3o e sentido de acesso.<br \/>\n\u2013 Pictogramas laterais para indica\u00e7\u00e3o de sentido de acesso.<br \/>\n\u2013 Mecanismo mancalizado com dois rolamentos.<br \/>\n\u2013 Acabamento em a\u00e7o carbono com pintura ep\u00f3xi p\u00f3 ou em a\u00e7o inox escovado AISI 304.<br \/>\n\u2013 Dispositivo antip\u00e2nico que desarma o bra\u00e7o do equipamento liberando a passagem dos<br \/>\nusu\u00e1rios e rearma atrav\u00e9s de comando automatico do bra\u00e7o.<br \/>\n\u2013 Vidro superior com bordas em ABS para fixa\u00e7\u00e3o das leitoras.<br \/>\n\u2013 Pictogramas de permiss\u00e3o e sentido fabricando em LEDs RGB de alto brilho.<\/p>\n<\/div>\n<\/div>\n<\/div>\n<div class=\"col-md-3\">\n<div class=\"feature-excerpt\">\n<h3 id=\"feature-title-1\" class=\"feature-title\">Opcionais<\/h3>\n<div class=\"conteudo\">\n<p>\u2013 Tampa superior personaliz\u00e1vel para fixa\u00e7\u00e3o de leitores e displays de elevadores.<br \/>\n\u2013 Cofre coletor de cart\u00f5es.<\/p>\n<\/div>\n<\/div>\n<\/div>\n<div class=\"col-md-3\">\n<div class=\"feature-excerpt\">\n<h3 id=\"feature-title-2\" class=\"feature-title\">Op\u00e7\u00f5es de Controle<\/h3>\n<div class=\"conteudo\">\n<p>\u2013 Placa controladora de acesso modelo MCA \u2013 TCP\/IP.<br \/>\n\u2013 Leitor c\u00f3digo de barras com fenda para passagem de crach\u00e1.<br \/>\n\u2013 Leitor de c\u00f3digo de barras com multifeixe \u2013 aproxima\u00e7\u00e3o do ingresso.<br \/>\n\u2013 Leitor de c\u00f3digo 2D (bidimensional).<br \/>\n\u2013 Leitor proximidade Wiegand\/Abatrack \u2013 HID\/Indala\/Acura.<br \/>\n\u2013 Leitor Mifare.<br \/>\n\u2013 Leitor biom\u00e9trico.<\/p>\n<\/div>\n<\/div>\n<\/div>\n","protected":false},"excerpt":{"rendered":"<p>Controlador de acesso de alto fluxo que alia design, tecnologia e robustez.<br \/>\nSua principal caracter\u00edstica \u00e9 mecanismo motorizado com passagem suave, confort\u00e1vel e silenciosa.<\/p>\n<p>Equipamento para controle de acesso<\/p>\n<p>modelo balc\u00e3o com mecanismo<\/p>\n<p>motorizado de tr\u00eas bra\u00e7os girat\u00f3rios e\u00a0sistema de seguran\u00e7a com bra\u00e7o-que-cai.<\/p>\n","protected":false},"featured_media":324,"template":"","meta":{"_joinchat":[]},"product_cat":[24,19],"product_tag":[],"class_list":{"0":"post-298","1":"product","2":"type-product","3":"status-publish","4":"has-post-thumbnail","6":"product_cat-catracas-de-acesso","7":"product_cat-controle-de-acesso","9":"first","10":"instock","11":"shipping-taxable","12":"purchasable","13":"product-type-simple"},"_links":{"self":[{"href":"https:\/\/acessopontotech.com.br\/index.php\/wp-json\/wp\/v2\/product\/298","targetHints":{"allow":["GET"]}}],"collection":[{"href":"https:\/\/acessopontotech.com.br\/index.php\/wp-json\/wp\/v2\/product"}],"about":[{"href":"https:\/\/acessopontotech.com.br\/index.php\/wp-json\/wp\/v2\/types\/product"}],"version-history":[{"count":0,"href":"https:\/\/acessopontotech.com.br\/index.php\/wp-json\/wp\/v2\/product\/298\/revisions"}],"wp:featuredmedia":[{"embeddable":true,"href":"https:\/\/acessopontotech.com.br\/index.php\/wp-json\/wp\/v2\/media\/324"}],"wp:attachment":[{"href":"https:\/\/acessopontotech.com.br\/index.php\/wp-json\/wp\/v2\/media?parent=298"}],"wp:term":[{"taxonomy":"product_cat","embeddable":true,"href":"https:\/\/acessopontotech.com.br\/index.php\/wp-json\/wp\/v2\/product_cat?post=298"},{"taxonomy":"product_tag","embeddable":true,"href":"https:\/\/acessopontotech.com.br\/index.php\/wp-json\/wp\/v2\/product_tag?post=298"}],"curies":[{"name":"wp","href":"https:\/\/api.w.org\/{rel}","templated":true}]}}