{"id":299,"date":"2020-12-18T13:04:22","date_gmt":"2020-12-18T16:04:22","guid":{"rendered":"http:\/\/acessopontotech.com.br\/index.php\/product\/import-placeholder-for-8596\/"},"modified":"2022-04-06T21:32:15","modified_gmt":"2022-04-07T00:32:15","slug":"catrax-go-duo-digicon","status":"publish","type":"product","link":"https:\/\/acessopontotech.com.br\/index.php\/product\/catrax-go-duo-digicon\/","title":{"rendered":"Catrax Go Duo &#8211; Digicon"},"content":{"rendered":"<div class=\"col-md-3\">\n<div class=\"feature-excerpt\">\n<h3 id=\"feature-title-0\" class=\"feature-title\">Caracter\u00edsticas<\/h3>\n<div class=\"conteudo\">\n<p>\u2013 Duplo sistema com tr\u00eas bra\u00e7os girat\u00f3rios, controle simult\u00e2neo e bidirecional.<br \/>\n\u2013 Cantos arredondados, evitando acidentes na passagem.<br \/>\n\u2013 Espa\u00e7o interno que permite f\u00e1cil integra\u00e7\u00e3o com outros acess\u00f3rios de controle.<br \/>\n\u2013 Suporte para fixa\u00e7\u00e3o das placas de integra\u00e7\u00e3o, possibilitando f\u00e1cil manuten\u00e7\u00e3o.<br \/>\n\u2013 Acesso \u00e0 parte interna do equipamento atrav\u00e9s de chave-segredo e sem parafusos aparentes.<br \/>\n\u2013 Controle das travas de giro atrav\u00e9s de sensores \u00f3pticos e bloqueio por eletro\u00edm\u00e3s, que geram menos desgaste mec\u00e2nico e maior vida \u00fatil do produto.<br \/>\n\u2013 Duplo mecanismo de giro motorizado que acompanha o movimento dos usu\u00e1rios.<br \/>\n\u2013 Mecanismos independentes e bidirecionais.<br \/>\n\u2013 Espa\u00e7o interno para cofre coletor direcionado a um dos mecanismos.<br \/>\n\u2013 Pictograma superior indicando permiss\u00e3o e sentido de acesso.<br \/>\n\u2013 Pictogramas laterais para indica\u00e7\u00e3o de sentido de acesso.<br \/>\n\u2013 Mecanismo mancalizado com dois rolamentos.<br \/>\n\u2013 Acabamento em a\u00e7o carbono com pintura ep\u00f3xi p\u00f3 ou a\u00e7o inox escovado AISI 304.<br \/>\n\u2013 Dispositivo antip\u00e2nico que desarma o bra\u00e7o do equipamento liberando a passagem dos usu\u00e1rios e rearma atrav\u00e9s de comando autom\u00e1tico do bra\u00e7o, sendo independentes para cada mecanismo.<br \/>\n\u2013 Vidro superior com bordas em ABS para fixa\u00e7\u00e3o das leitoras.<\/p>\n<\/div>\n<\/div>\n<\/div>\n<div class=\"col-md-3\">\n<div class=\"feature-excerpt\">\n<h3 id=\"feature-title-1\" class=\"feature-title\">Opcionais<\/h3>\n<div class=\"conteudo\">\n<p>\u2013 Suportes para fixa\u00e7\u00e3o de leitores magn\u00e9ticos e c\u00f3digo de barras.<br \/>\n\u2013 Um cofre coletor de cart\u00f5es.<\/p>\n<\/div>\n<\/div>\n<\/div>\n<div class=\"col-md-3\">\n<div class=\"feature-excerpt\">\n<h3 id=\"feature-title-2\" class=\"feature-title\">Op\u00e7\u00f5es de Controle<\/h3>\n<div class=\"conteudo\">\n<p>\u2013 Placa controladora de acesso modelo MCA \u2013 TCP\/IP.<br \/>\n\u2013 Leitor c\u00f3digo de barras com fenda para passagem de crach\u00e1.<br \/>\n\u2013 Leitor de c\u00f3digo de barras com multifeixe \u2013 aproxima\u00e7\u00e3o do ingresso.<br \/>\n\u2013 Leitor de c\u00f3digo 2D (bidimensional).<br \/>\n\u2013 Leitor proximidade Wiegand\/Abatrack \u2013 HID\/Indala\/Acura.<br \/>\n\u2013 Leitor Mifare.<br \/>\n\u2013 Leitor biom\u00e9trico.<\/p>\n<\/div>\n<\/div>\n<\/div>\n","protected":false},"excerpt":{"rendered":"<p>Controlador de acesso de mecanismo duplo que alia design, tecnologia e futuro. Sua principal caracter\u00edstica \u00e9 a passagem suave, confort\u00e1vel e silenciosa.<\/p>\n<p>Equipamento para controle de acesso modelo pedestal com mecanismo motorizado duplo e tr\u00eas bra\u00e7os girat\u00f3rios, sistema \u00a0de seguran\u00e7a e bra\u00e7o pivotante.<\/p>\n","protected":false},"featured_media":325,"template":"","meta":{"_joinchat":[]},"product_cat":[24,19],"product_tag":[],"class_list":{"0":"post-299","1":"product","2":"type-product","3":"status-publish","4":"has-post-thumbnail","6":"product_cat-catracas-de-acesso","7":"product_cat-controle-de-acesso","9":"first","10":"instock","11":"shipping-taxable","12":"purchasable","13":"product-type-simple"},"_links":{"self":[{"href":"https:\/\/acessopontotech.com.br\/index.php\/wp-json\/wp\/v2\/product\/299","targetHints":{"allow":["GET"]}}],"collection":[{"href":"https:\/\/acessopontotech.com.br\/index.php\/wp-json\/wp\/v2\/product"}],"about":[{"href":"https:\/\/acessopontotech.com.br\/index.php\/wp-json\/wp\/v2\/types\/product"}],"version-history":[{"count":1,"href":"https:\/\/acessopontotech.com.br\/index.php\/wp-json\/wp\/v2\/product\/299\/revisions"}],"predecessor-version":[{"id":7123,"href":"https:\/\/acessopontotech.com.br\/index.php\/wp-json\/wp\/v2\/product\/299\/revisions\/7123"}],"wp:featuredmedia":[{"embeddable":true,"href":"https:\/\/acessopontotech.com.br\/index.php\/wp-json\/wp\/v2\/media\/325"}],"wp:attachment":[{"href":"https:\/\/acessopontotech.com.br\/index.php\/wp-json\/wp\/v2\/media?parent=299"}],"wp:term":[{"taxonomy":"product_cat","embeddable":true,"href":"https:\/\/acessopontotech.com.br\/index.php\/wp-json\/wp\/v2\/product_cat?post=299"},{"taxonomy":"product_tag","embeddable":true,"href":"https:\/\/acessopontotech.com.br\/index.php\/wp-json\/wp\/v2\/product_tag?post=299"}],"curies":[{"name":"wp","href":"https:\/\/api.w.org\/{rel}","templated":true}]}}