{"id":30,"date":"2020-12-18T13:00:57","date_gmt":"2020-12-18T16:00:57","guid":{"rendered":"http:\/\/acessopontotech.com.br\/index.php\/product\/import-placeholder-for-422\/"},"modified":"2020-12-18T13:01:47","modified_gmt":"2020-12-18T16:01:47","slug":"relogio-de-ponto-primme-biometria-proximidade-acordo-coletivo-373","status":"publish","type":"product","link":"https:\/\/acessopontotech.com.br\/index.php\/product\/relogio-de-ponto-primme-biometria-proximidade-acordo-coletivo-373\/","title":{"rendered":"REL\u00d3GIO DE PONTO &#8211; PRIMME &#8211; BIOMETRIA- PROXIMIDADE &#8211; ACORDO COLETIVO 373"},"content":{"rendered":"<p>&#8216;- Baseado na portaria n\u00b0 373 de 25 de fevereiro de 2011 do Minist\u00e9rio do Trabalho e Emprego;<br \/>\n&#8211;\u00a0Poder\u00e1 ser utilizado por empresas autorizadas por conven\u00e7\u00e3o ou acordo coletivo a usar sistemas alternativos eletr\u00f4nicos de marca\u00e7\u00e3o de ponto;<br \/>\n&#8211;\u00a0Possui mem\u00f3ria protegida garantindo a integridade dos dados de eventos, o que impede a sobre grava\u00e7\u00e3o e\/ou adultera\u00e7\u00e3o das informa\u00e7\u00f5es;<br \/>\n&#8211;\u00a0Trabalha com v\u00e1rias tecnologias de identifica\u00e7\u00e3o e comunica\u00e7\u00e3o, tornando-se um equipamento mold\u00e1vel \u00e0 necessidade do cliente e adapt\u00e1vel ao ambiente;<br \/>\n&#8211;\u00a0Marca\u00e7\u00e3o de ponto segura contra fraudes e sem restri\u00e7\u00f5es;<br \/>\n&#8211;\u00a0Permite o cadastro das informa\u00e7\u00f5es do empregador, local de trabalho e funcion\u00e1rios;<br \/>\n&#8211;\u00a0Dotado de display gr\u00e1fico de aproximadamente 3\u201d e resolu\u00e7\u00e3o de 128 x 68 pixels.<br \/>\n&#8211;\u00a0Web Server interno que permite a extra\u00e7\u00e3o eletr\u00f4nica e impressa do registro fiel das marca\u00e7\u00f5es realizadas pelo empregado, bem como a importa\u00e7\u00e3o e exporta\u00e7\u00e3o de dados;<br \/>\n&#8211;\u00a0Capacidade de gerenciamento de at\u00e9 15.000 colaboradores na mem\u00f3ria;<br \/>\n&#8211;\u00a0Armazena na mem\u00f3ria os eventos de: marca\u00e7\u00e3o de ponto por PIS (com op\u00e7\u00e3o de gravar a refer\u00eancia da marca\u00e7\u00e3o de ponto), cadastro de empregador, cadastro de funcion\u00e1rio e altera\u00e7\u00e3o de data e hora;<br \/>\n&#8211;\u00a0Capacidade para armazenamento de registros em mem\u00f3ria: 8.000.000;<br \/>\n&#8211; Transfere mais de 3.000 registros\/segundo;<br \/>\n&#8211;\u00a0Equipamento dotado de prote\u00e7\u00f5es eletr\u00f4nicas e lacre contra abertura;<br \/>\n&#8211;\u00a0Todos os dados s\u00e3o gravados em mem\u00f3ria n\u00e3o vol\u00e1til;<br \/>\n&#8211;\u00a0Permite a identifica\u00e7\u00e3o tanto dos empregados quanto do empregador;<br \/>\n&#8211;\u00a0Acompanha base met\u00e1lica que garante f\u00e1cil instala\u00e7\u00e3o em qualquer ambiente;<br \/>\n&#8211;\u00a0Equipamento trabalha com as seguintes tecnologias de identifica\u00e7\u00e3o (opcionais):<\/p>\n<p><b>Leitor biom\u00e9trico, \u00f3tico com capacidade de armazenamento de digitais de 9.600 digitais<\/b>;<br \/>\nLeitor de cart\u00f5es RFiD Mifare (smart card contactless 13 MHz);<br \/>\nLeitor de cart\u00f5es RFiD Proximidade (125 kHz);<br \/>\nLeitor de c\u00f3digo de barras, com suporte a cart\u00f5es de 3 a 20 d\u00edgitos;<br \/>\n&#8211;\u00a0Sistema biom\u00e9trico com recurso de AutoOn, que permite a identifica\u00e7\u00e3o apenas com a leitura direta do dedo no sensor \u00f3tico sem a pr\u00e9via solicita\u00e7\u00e3o via teclado ou cart\u00e3o;<br \/>\n&#8211;\u00a0Porta USB frontal para coleta do arquivo de registro fiel das marca\u00e7\u00f5es realizadas pelo empregado;<br \/>\n&#8211;\u00a0Menu de f\u00e1cil navega\u00e7\u00e3o e em 2 modos de opera\u00e7\u00e3o: \u00edcones e lista, intercambi\u00e1vel apertando o bot\u00e3o \u201ci\u201d dentro do menu.<br \/>\n&#8211;\u00a0Menu Gestor que permite o cadastro no local de empregador e usu\u00e1rios.<br \/>\n&#8211;\u00a0Recurso de cadastro local, que permite cadastrar usu\u00e1rios usando cart\u00f5es e refer\u00eancias biom\u00e9tricas n\u00e3o cadastradas no equipamento.<br \/>\n&#8211;\u00a0Sistema de identifica\u00e7\u00e3o de status e eventos no equipamento: pelo aplicativo embarcado ou software gerenciador \u00e9 poss\u00edvel consultar o empregador, colaboradores e digitais cadastradas, quantidade de eventos na mem\u00f3ria, situa\u00e7\u00e3o da mem\u00f3ria, situa\u00e7\u00e3o do sistema de desbloqueio do equipamento;<br \/>\n&#8211;\u00a0Sistema de rel\u00f3gio em tempo real com bateria de backup, com ajuste da data e hora e configura\u00e7\u00e3o do hor\u00e1rio dever\u00e3o;<br \/>\n&#8211;\u00a0Para maior seguran\u00e7a das configura\u00e7\u00f5es do equipamento, o acesso ao menu se faz por senha de seguran\u00e7a;<br \/>\n&#8211;\u00a0Sistema de No-break opcional com recurso de corte inteligente de energia quando o n\u00edvel de energia baixar demais;<br \/>\n&#8211;\u00a0Permite configurar uma mensagem de at\u00e9 40 caracteres para ser mostrada em 2 linhas na parte inferior do display.<br \/>\n&#8211;\u00a0Sistema de cadastro de empregador e colaborador no local por meio de autentica\u00e7\u00e3o via senha e informa\u00e7\u00e3o dos dados num\u00e9ricos;<br \/>\n&#8211;\u00a0Tratamento autom\u00e1tico das informa\u00e7\u00f5es de colaboradores na mem\u00f3ria (modo inteligente).<\/p>\n<div id=\"0\" class=\"prd\">\n<div id=\"topico\">\n<p><strong class=\"yp\">Leitores<\/strong>Biom\u00e9trico, C\u00f3digo de Barras e Proximidade (RFID e MIFARE)<\/p>\n<\/div>\n<\/div>\n<div id=\"1\" class=\"prd\">\n<p><strong class=\"yp\">Usu\u00e1rios<\/strong><\/p>\n<div id=\"topico\">\n<p>Gerencia at\u00e9 50 mil usu\u00e1rios.<\/p>\n<\/div>\n<\/div>\n<div id=\"2\" class=\"prd\">\n<p><strong class=\"yp\">Web Server<\/strong><\/p>\n<div id=\"topico\">\n<p>Aplicativo j\u00e1 incluso no equipamento dispensando software de instala\u00e7\u00e3o.<\/p>\n<\/div>\n<\/div>\n<div id=\"3\" class=\"prd\">\n<p><strong class=\"yp\">Comunica\u00e7\u00e3o<\/strong><\/p>\n<div id=\"topico\">\n<p>Padr\u00e3o TCP\/IP ou Wi-Fi e GPRS opcionais.<\/p>\n<\/div>\n<\/div>\n<div id=\"4\" class=\"prd\">\n<p><strong class=\"yp\">USB<\/strong><\/p>\n<div id=\"topico\">\n<p>Porta USB para importa\u00e7\u00e3o e exporta\u00e7\u00e3o de dados.<\/p>\n<\/div>\n<\/div>\n<div id=\"5\" class=\"prd\">\n<p><strong class=\"yp\">Display<\/strong><\/p>\n<div id=\"topico\">\n<p>Intuitivo com imagens ilustrativas.<\/p>\n<\/div>\n<\/div>\n<div id=\"6\" class=\"prd\">\n<p><strong class=\"yp\">Configura\u00e7\u00e3o<\/strong><\/p>\n<div id=\"topico\">\n<p>Computador ou direto no equipamento via teclado ABNT.<\/p>\n<\/div>\n<\/div>\n","protected":false},"excerpt":{"rendered":"<p>Desenvolvido para atender as mais diversas necessidades em controle de acesso, o Primme \u00e9 o produto mais completo do mercado. Ideal para controle de acesso de portas em geral, condom\u00ednios, estacionamentos e entradas de ve\u00edculos, gerencia at\u00e9 50.000 usu\u00e1rios e sua estrutura vers\u00e1til possibilita a instala\u00e7\u00e3o de diversas tecnologias de leitores. Possui aplicativo Web Server embarcado, dispensando instala\u00e7\u00e3o de software de configura\u00e7\u00e3o, al\u00e9m de 1 porta USB que permite importa\u00e7\u00e3o e exporta\u00e7\u00e3o de dados. Sua capacidade de customiza\u00e7\u00e3o faz do Primme Acesso a solu\u00e7\u00e3o ideal e mais completa para todos os tipos de controle de acesso.<\/p>\n","protected":false},"featured_media":78,"template":"","meta":{"_joinchat":[]},"product_cat":[16,17],"product_tag":[],"class_list":{"0":"post-30","1":"product","2":"type-product","3":"status-publish","4":"has-post-thumbnail","6":"product_cat-controle-de-ponto","7":"product_cat-relogios-de-ponto","9":"first","10":"instock","11":"featured","12":"shipping-taxable","13":"purchasable","14":"product-type-simple"},"_links":{"self":[{"href":"https:\/\/acessopontotech.com.br\/index.php\/wp-json\/wp\/v2\/product\/30","targetHints":{"allow":["GET"]}}],"collection":[{"href":"https:\/\/acessopontotech.com.br\/index.php\/wp-json\/wp\/v2\/product"}],"about":[{"href":"https:\/\/acessopontotech.com.br\/index.php\/wp-json\/wp\/v2\/types\/product"}],"version-history":[{"count":0,"href":"https:\/\/acessopontotech.com.br\/index.php\/wp-json\/wp\/v2\/product\/30\/revisions"}],"wp:featuredmedia":[{"embeddable":true,"href":"https:\/\/acessopontotech.com.br\/index.php\/wp-json\/wp\/v2\/media\/78"}],"wp:attachment":[{"href":"https:\/\/acessopontotech.com.br\/index.php\/wp-json\/wp\/v2\/media?parent=30"}],"wp:term":[{"taxonomy":"product_cat","embeddable":true,"href":"https:\/\/acessopontotech.com.br\/index.php\/wp-json\/wp\/v2\/product_cat?post=30"},{"taxonomy":"product_tag","embeddable":true,"href":"https:\/\/acessopontotech.com.br\/index.php\/wp-json\/wp\/v2\/product_tag?post=30"}],"curies":[{"name":"wp","href":"https:\/\/api.w.org\/{rel}","templated":true}]}}