{"id":301,"date":"2020-12-18T13:04:22","date_gmt":"2020-12-18T16:04:22","guid":{"rendered":"http:\/\/acessopontotech.com.br\/index.php\/product\/import-placeholder-for-8601\/"},"modified":"2020-12-18T13:05:28","modified_gmt":"2020-12-18T16:05:28","slug":"catraca-para-show-soltech","status":"publish","type":"product","link":"https:\/\/acessopontotech.com.br\/index.php\/product\/catraca-para-show-soltech\/","title":{"rendered":"CATRACA PARA SHOW &#8211; SOLTECH"},"content":{"rendered":"<div class=\"col-md-3\">\n<div class=\"feature-excerpt\">\n<h3 id=\"feature-title-0\" class=\"feature-title\">Caracter\u00edsticas<\/h3>\n<div class=\"conteudo\">\n<p>\u2013 Mecanismo bidirecional 3 bra\u00e7os e dispositivo de seguran\u00e7a \u2013 bra\u00e7o-que-cai;<br \/>\n\u2013 Cantos arredondados, evitando acidentes na passagem.<br \/>\n\u2013 Amplo espa\u00e7o interno permite f\u00e1cil integra\u00e7\u00e3o com outros acess\u00f3rios de controle.<br \/>\n\u2013 Acesso ao m\u00f3dulos internos atrav\u00e9s de chave-segredo, sem parafusos expostos.<br \/>\n\u2013 Acionamento das travas de giro com sensores \u00f3pticos e eletro\u00edm\u00e3s, que gera menos desgaste mec\u00e2nico e maior vida \u00fatil do produto.<br \/>\n\u2013 Suporte para fixa\u00e7\u00e3o das placas de integra\u00e7\u00e3o, possibilitando f\u00e1cil manuten\u00e7\u00e3o.<br \/>\n\u2013 Poss\u00edvel configura\u00e7\u00e3o de pictogramas laterais e superiores indicando permiss\u00e3o e sentido de acesso.<br \/>\n\u2013 Mecanismo mancalizado com dois rolamentos, aumentando a vida \u00fatil.<br \/>\n\u2013 Material em a\u00e7o carbono com pintura ep\u00f3xi p\u00f3 ou a\u00e7o inox escovado AISI 304.- Leitor proximidade Wiegand\/Abatrack \u2013 HID\/Indala\/Acura.<br \/>\n\u2013 Leitor Mifare.<br \/>\n\u2013 Leitor biom\u00e9trico.<br \/>\n\u2013 Base m\u00f3vel com rodas retr\u00e1teis.<br \/>\n\u2013 Base para fixa\u00e7\u00e3o.<\/p>\n<\/div>\n<\/div>\n<\/div>\n<div class=\"col-md-3\">\n<div class=\"feature-excerpt\">\n<h3 id=\"feature-title-1\" class=\"feature-title\">Opcionais<\/h3>\n<div class=\"conteudo\">\n<p>\u2013 Contador eletr\u00f4nico para registro de passagem.<br \/>\n\u2013 Fenda para leitores de c\u00f3digos de barras ou cart\u00e3o magn\u00e9tico.<br \/>\n\u2013 Cofre coletor de cart\u00f5es.<br \/>\n\u2013 Display 2 x 16 caracteres.<br \/>\n\u2013 Nobreak \u2013 integrado com autonomia de at\u00e9 4 horas.<br \/>\n\u2013 Impressora t\u00e9rmica de alta velocidade para ermiss\u00e3o de comprovantes de acesso.<\/p>\n<\/div>\n<\/div>\n<\/div>\n<div class=\"col-md-3\">\n<div class=\"feature-excerpt\">\n<h3 id=\"feature-title-2\" class=\"feature-title\">Op\u00e7\u00f5es de Controle<\/h3>\n<div class=\"conteudo\">\n<p>\u2013 Placa controladora de acesso modelo MCA \u2013 TCP\/IP.<br \/>\n\u2013 Leitor c\u00f3digo de barras com fenda para passagem de crach\u00e1.<br \/>\n\u2013 Leitor de c\u00f3digo de barras com multifeixe \u2013 aproxima\u00e7\u00e3o do ingresso.<br \/>\n\u2013 Leitor de c\u00f3digo 2D (bidimensional).<\/p>\n<\/div>\n<\/div>\n<\/div>\n","protected":false},"excerpt":{"rendered":"<p>Catraca m\u00f3vel, o sistema de rodas retr\u00e1teis e a capacidade de customiza\u00e7\u00e3o, verdadeiros diferenciais no setor de bloqueios para eventos.<\/p>\n","protected":false},"featured_media":327,"template":"","meta":{"_joinchat":[]},"product_cat":[24,19],"product_tag":[],"class_list":{"0":"post-301","1":"product","2":"type-product","3":"status-publish","4":"has-post-thumbnail","6":"product_cat-catracas-de-acesso","7":"product_cat-controle-de-acesso","9":"first","10":"instock","11":"shipping-taxable","12":"purchasable","13":"product-type-simple"},"_links":{"self":[{"href":"https:\/\/acessopontotech.com.br\/index.php\/wp-json\/wp\/v2\/product\/301","targetHints":{"allow":["GET"]}}],"collection":[{"href":"https:\/\/acessopontotech.com.br\/index.php\/wp-json\/wp\/v2\/product"}],"about":[{"href":"https:\/\/acessopontotech.com.br\/index.php\/wp-json\/wp\/v2\/types\/product"}],"version-history":[{"count":0,"href":"https:\/\/acessopontotech.com.br\/index.php\/wp-json\/wp\/v2\/product\/301\/revisions"}],"wp:featuredmedia":[{"embeddable":true,"href":"https:\/\/acessopontotech.com.br\/index.php\/wp-json\/wp\/v2\/media\/327"}],"wp:attachment":[{"href":"https:\/\/acessopontotech.com.br\/index.php\/wp-json\/wp\/v2\/media?parent=301"}],"wp:term":[{"taxonomy":"product_cat","embeddable":true,"href":"https:\/\/acessopontotech.com.br\/index.php\/wp-json\/wp\/v2\/product_cat?post=301"},{"taxonomy":"product_tag","embeddable":true,"href":"https:\/\/acessopontotech.com.br\/index.php\/wp-json\/wp\/v2\/product_tag?post=301"}],"curies":[{"name":"wp","href":"https:\/\/api.w.org\/{rel}","templated":true}]}}