{"id":302,"date":"2020-12-18T13:04:22","date_gmt":"2020-12-18T16:04:22","guid":{"rendered":"http:\/\/acessopontotech.com.br\/index.php\/product\/import-placeholder-for-8603\/"},"modified":"2020-12-18T13:05:42","modified_gmt":"2020-12-18T16:05:42","slug":"catraca-dflow-digicon","status":"publish","type":"product","link":"https:\/\/acessopontotech.com.br\/index.php\/product\/catraca-dflow-digicon\/","title":{"rendered":"Catraca &#8211; dFlow -Digicon"},"content":{"rendered":"<div class=\"row center-item-flex \">\n<div class=\"col-md-6\">\n<div class=\"picture-caption\">\n<h3 class=\"title-about\">Free Flow<\/h3>\n<p>As portas est\u00e3o na posi\u00e7\u00e3o normalmente abertas. Bloqueios tradicionais t\u00eam suas barreiras na posi\u00e7\u00e3o normalmente fechadas. \u00c9 essa invers\u00e3o de paradigma que diferencia um bloqueio FREE FLOW daqueles at\u00e9 hoje dispon\u00edveis. O fechamento das portas ocorre apenas quando pessoas n\u00e3o autorizadas, incluindo usu\u00e1rios caronas, tentam passar pelo bloqueio. O sistema de fechamento \u00e9 r\u00e1pido e preciso, utilizando novos sistemas de sensores e sofisticados algoritmos.<\/p>\n<p><span style=\"font-size: 20.16px; color: #333333;\">Passagem Bidirecional<\/span><\/p>\n<\/div>\n<\/div>\n<\/div>\n<div class=\"row center-item-flex right\">\n<div class=\"col-md-6\">\n<div class=\"picture-caption\">\n<p>O dFlow possui flexibilidade na sua largura, podendo ser instalado em diferentes medidas. Na configura\u00e7\u00e3o de \u00a0900 mm ou mais, garante maior conforto na passagem de PcD e de m\u00faltiplos usu\u00e1rios, al\u00e9m de otimizar os custos diminuindo a quantidade de equipamentos e infraestrutura . Independente da largura do bloqueio, o acesso pode ser unidirecional ou bidirecional, conforme ajustes.<\/p>\n<p><span style=\"font-size: 20.16px; color: #333333;\">Identifica\u00e7\u00e3o Visual com Janelas Luminosas<\/span><\/p>\n<\/div>\n<\/div>\n<\/div>\n<div class=\"row center-item-flex \">\n<div class=\"col-md-6\">\n<div class=\"picture-caption\">\n<p>Janelas indicativas compostas por LEDs acompanham o usu\u00e1rio durante o trajeto pelo dFlow, com diferentes cores para diferentes grupos de usu\u00e1rios. Em uma aplica\u00e7\u00e3o escolar, por exemplo, alunos podem ser seguidos por uma janela de cor verde, educadores por uma janela amarela e familiares por uma janela azul. Usu\u00e1rios n\u00e3o autorizados ser\u00e3o seguidos por uma janela vermelha.<\/p>\n<p><span style=\"font-size: 20.16px; color: #333333;\">Sistema de Imagem<\/span><\/p>\n<\/div>\n<\/div>\n<\/div>\n<div class=\"row center-item-flex right\">\n<div class=\"col-md-6\">\n<div class=\"picture-caption\">\n<p>O sistema de imagem do dFlow \u00e9 equivalente a uma quantidade praticamente ilimitada de sensores IR tradicionais, trazendo um novo patamar de precis\u00e3o na identifica\u00e7\u00e3o de usu\u00e1rios n\u00e3o autorizados. Os algoritmos desenvolvidos pela Digicon s\u00e3o capazes de reconhecer pessoas e ignorar objetos (malas, bolsas, mochilas, etc.), podendo ainda identificar m\u00faltiplos usu\u00e1rios entrando ou saindo da \u00e1rea de passagem.<\/p>\n<p><span style=\"font-size: 20.16px; color: #333333;\">Unicidade<\/span><\/p>\n<\/div>\n<\/div>\n<\/div>\n<div class=\"row center-item-flex \">\n<div class=\"col-md-6\">\n<div class=\"picture-caption\">\n<p>A unicidade, em controle de acesso, \u00e9 a capacidade de identificar cada usu\u00e1rio \u00fanico e associar uma credencial intransfer\u00edvel a ele. O software de controle do dFlow \u00e9 capaz de isolar usu\u00e1rios mesmo em situa\u00e7\u00f5es extremas, como tentativa de carona e passagem lado a lado.<\/p>\n<\/div>\n<\/div>\n<\/div>\n<div class=\"row center-item-flex right\">\n<div class=\"col-md-6\">\n<div class=\"picture-caption\">\n<h3 class=\"title-about\">Tecnologia de Identifica\u00e7\u00e3o<\/h3>\n<p>O dFlow aceita as principais tecnologias de identifica\u00e7\u00e3o tradicionais, incluindo c\u00f3digo de barras, RFID, MIFARE e biometrias, como as de impress\u00e3o digital. Ele tamb\u00e9m est\u00e1 pronto para receber as novas tecnologias biom\u00e9tricas sem contato, como identifica\u00e7\u00e3o facial ou de \u00edris e\u00a0<i>finger on the fly<\/i>.<\/p>\n<p><span style=\"font-size: 20.16px; color: #333333;\">Design por Alexander Neumeister<\/span><\/p>\n<\/div>\n<\/div>\n<\/div>\n<div class=\"row center-item-flex \">\n<div class=\"col-md-6\">\n<div class=\"picture-caption\">\n<p>Alexander Neumeister \u00e9 um designer industrial alem\u00e3o que sempre esteve na vanguarda das novas tecnologias, desenvolvendo projetos para l\u00edderes da ind\u00fastria como Thyssen Henschel, Hitachi, Siemens ou Gisecke &amp; Devrient. H\u00e1 mais de 10 anos trabalha em estreita colabora\u00e7\u00e3o com gestores e engenheiros de produto da Digicon desenvolvendo produtos de sucesso para automa\u00e7\u00e3o banc\u00e1ria, mobilidade urbana e controle de acesso.<\/p>\n<\/div>\n<\/div>\n<\/div>\n","protected":false},"excerpt":{"rendered":"<div class=\"col-md-7\">\n<div class=\"product-text\">\n<p>O dFlow traz uma nova experi\u00eancia para os seus usu\u00e1rios. Operando no sistema free flow, este bloqueio fica com as portas normalmente abertas, fechando apenas em caso de acesso n\u00e3o autorizado. Ao inv\u00e9s de barrar as pessoas, o dFlow possui luzes que as acompanham, al\u00e9m de um inovador sistema de sensoriamento que monitora toda a \u00e1rea de passagem.<\/p>\n<\/div>\n<\/div>\n","protected":false},"featured_media":328,"template":"","meta":{"_joinchat":[]},"product_cat":[24,19],"product_tag":[],"class_list":{"0":"post-302","1":"product","2":"type-product","3":"status-publish","4":"has-post-thumbnail","6":"product_cat-catracas-de-acesso","7":"product_cat-controle-de-acesso","9":"first","10":"instock","11":"shipping-taxable","12":"purchasable","13":"product-type-simple"},"_links":{"self":[{"href":"https:\/\/acessopontotech.com.br\/index.php\/wp-json\/wp\/v2\/product\/302","targetHints":{"allow":["GET"]}}],"collection":[{"href":"https:\/\/acessopontotech.com.br\/index.php\/wp-json\/wp\/v2\/product"}],"about":[{"href":"https:\/\/acessopontotech.com.br\/index.php\/wp-json\/wp\/v2\/types\/product"}],"version-history":[{"count":0,"href":"https:\/\/acessopontotech.com.br\/index.php\/wp-json\/wp\/v2\/product\/302\/revisions"}],"wp:featuredmedia":[{"embeddable":true,"href":"https:\/\/acessopontotech.com.br\/index.php\/wp-json\/wp\/v2\/media\/328"}],"wp:attachment":[{"href":"https:\/\/acessopontotech.com.br\/index.php\/wp-json\/wp\/v2\/media?parent=302"}],"wp:term":[{"taxonomy":"product_cat","embeddable":true,"href":"https:\/\/acessopontotech.com.br\/index.php\/wp-json\/wp\/v2\/product_cat?post=302"},{"taxonomy":"product_tag","embeddable":true,"href":"https:\/\/acessopontotech.com.br\/index.php\/wp-json\/wp\/v2\/product_tag?post=302"}],"curies":[{"name":"wp","href":"https:\/\/api.w.org\/{rel}","templated":true}]}}