{"id":304,"date":"2020-12-18T13:04:22","date_gmt":"2020-12-18T16:04:22","guid":{"rendered":"http:\/\/acessopontotech.com.br\/index.php\/product\/import-placeholder-for-8692\/"},"modified":"2020-12-18T13:05:50","modified_gmt":"2020-12-18T16:05:50","slug":"soltech-ultra-md7000","status":"publish","type":"product","link":"https:\/\/acessopontotech.com.br\/index.php\/product\/soltech-ultra-md7000\/","title":{"rendered":"SOLTECH ULTRA &#8211; MD7000"},"content":{"rendered":"<p>\u2022 Motor com tecnologia alem\u00e3<br \/>\n\u2022 5 milh\u00f5es de ciclos<br \/>\n\u2022 Passagem de 35 ~ 40 pessoas por minutos<br \/>\n\u2022 5 pares de sensores<br \/>\n\u2022 LED para sinaliza\u00e7\u00e3o Liberado\/ Bloqueado<br \/>\n\u2022 Controladora eletr\u00f4nica 4P integrada<br \/>\n\u2022 Leitor de cart\u00e3o MF<\/p>\n<p>Especifica\u00e7\u00f5es t\u00e9cnicas<br \/>\nAplica\u00e7\u00e3o Esta\u00e7\u00f5es de metr\u00f4, Portos mar\u00edtimos e Est\u00e1dios de futebol<br \/>\nInterface de comunica\u00e7\u00e3o RS 485<br \/>\nTempo de opera\u00e7\u00e3o 0.2s<br \/>\nAlimenta\u00e7\u00e3o 100V \u2013 220V<br \/>\nDimens\u00e3o (L \u00d7 A \u00d7 P) 280 \u00d7 980 \u00d7 1400 mm<br \/>\nPeso da Catraca 70 Kg<br \/>\nLargura de passagem \u2264550 mm<\/p>\n","protected":false},"excerpt":{"rendered":"<p>Catraca tipo Flap lateral da s\u00e9rie 7000 com leitor<br \/>\nMF e Urna coletora de cart\u00e3o. Produto em a\u00e7o inox<br \/>\n304. Para uso em ambientes internos cobertos.<br \/>\nCatraca Flap<\/p>\n","protected":false},"featured_media":333,"template":"","meta":{"_joinchat":[]},"product_cat":[24,19],"product_tag":[],"class_list":{"0":"post-304","1":"product","2":"type-product","3":"status-publish","4":"has-post-thumbnail","6":"product_cat-catracas-de-acesso","7":"product_cat-controle-de-acesso","9":"first","10":"instock","11":"shipping-taxable","12":"purchasable","13":"product-type-simple"},"_links":{"self":[{"href":"https:\/\/acessopontotech.com.br\/index.php\/wp-json\/wp\/v2\/product\/304","targetHints":{"allow":["GET"]}}],"collection":[{"href":"https:\/\/acessopontotech.com.br\/index.php\/wp-json\/wp\/v2\/product"}],"about":[{"href":"https:\/\/acessopontotech.com.br\/index.php\/wp-json\/wp\/v2\/types\/product"}],"version-history":[{"count":0,"href":"https:\/\/acessopontotech.com.br\/index.php\/wp-json\/wp\/v2\/product\/304\/revisions"}],"wp:featuredmedia":[{"embeddable":true,"href":"https:\/\/acessopontotech.com.br\/index.php\/wp-json\/wp\/v2\/media\/333"}],"wp:attachment":[{"href":"https:\/\/acessopontotech.com.br\/index.php\/wp-json\/wp\/v2\/media?parent=304"}],"wp:term":[{"taxonomy":"product_cat","embeddable":true,"href":"https:\/\/acessopontotech.com.br\/index.php\/wp-json\/wp\/v2\/product_cat?post=304"},{"taxonomy":"product_tag","embeddable":true,"href":"https:\/\/acessopontotech.com.br\/index.php\/wp-json\/wp\/v2\/product_tag?post=304"}],"curies":[{"name":"wp","href":"https:\/\/api.w.org\/{rel}","templated":true}]}}