{"id":306,"date":"2020-12-18T13:04:22","date_gmt":"2020-12-18T16:04:22","guid":{"rendered":"http:\/\/acessopontotech.com.br\/index.php\/product\/import-placeholder-for-8698\/"},"modified":"2020-12-18T13:05:56","modified_gmt":"2020-12-18T16:05:56","slug":"camera-de-reconhecimento-de-placa-parking-cam","status":"publish","type":"product","link":"https:\/\/acessopontotech.com.br\/index.php\/product\/camera-de-reconhecimento-de-placa-parking-cam\/","title":{"rendered":"C\u00e2mera de Reconhecimento de Placa &#8211; PARKING CAM"},"content":{"rendered":"<p>CARACTER\u00cdSTICAS DAS FUN\u00c7\u00d5ES<\/p>\n<p>Controle de Cliente Remoto: Suporta fun\u00e7\u00f5es remotas de controle<br \/>\ndo cliente, configura\u00e7\u00e3o de par\u00e2metros, visualiza\u00e7\u00e3o de v\u00eddeo,<br \/>\natualiza\u00e7\u00e3o remota.<br \/>\nAlta Taxa de Reconhecimento: Taxa de reconhecimento de placas<br \/>\nacima de 98,9%.<br \/>\nReconhecimento de Placa Falsa: Suporta leitura de placas<br \/>\nBrasileiras e Mercosul, al\u00e9m de possuir um sistema de detec\u00e7\u00e3o<br \/>\nde fraude de placas falsas.<\/p>\n<p>MAIS FUN\u00c7\u00d5ES<\/p>\n<p>\u2022 Tecnologia de compress\u00e3o de v\u00eddeo H.264 para decodifica\u00e7\u00e3o de v\u00eddeo e<br \/>\ncaptura de imagens com c\u00f3digos JPEG;<br \/>\n\u2022 Possui uma ilumina\u00e7\u00e3o LED para aumentar a assertividade em condi\u00e7\u00f5es de<br \/>\nbaixa luminosidade al\u00e9m de ser poss\u00edvel o ajuste da pot\u00eancia de ilumina\u00e7\u00e3o.;<br \/>\n\u2022 Suporta grava\u00e7\u00e3o local;<br \/>\n\u2022 Suporta o armazenamento em cart\u00f5es TF;<br \/>\n\u2022 Suporta tr\u00eas m\u00e9todos de detec\u00e7\u00e3o: detec\u00e7\u00e3o de la\u00e7o virtual, detec\u00e7\u00e3o de<br \/>\nv\u00eddeo, detec\u00e7\u00e3o de la\u00e7o virtual + detec\u00e7\u00e3o de v\u00eddeo;<br \/>\n\u2022 Suporta a fun\u00e7\u00e3o de sobreposi\u00e7\u00e3o de informa\u00e7\u00f5es do OSD, suporta marca<br \/>\nd\u2019\u00e1gua de v\u00eddeo\/imagem;<br \/>\n\u2022 Possui a fun\u00e7\u00e3o de importa\u00e7\u00e3o e exporta\u00e7\u00e3o de white list para controle de<br \/>\nacesso de ve\u00edculos;<br \/>\n\u2022 Suporta o backup de importa\u00e7\u00e3o de arquivos de configura\u00e7\u00e3o;<br \/>\n\u2022 Suporta o reset manual de senhas, e senhas para restaurar o endere\u00e7o IP<br \/>\ninicial, nome do usu\u00e1rio, e restaurar a configura\u00e7\u00e3o padr\u00e3o da f\u00e1brica;<br \/>\n\u2022 N\u00edvel de prote\u00e7\u00e3o de surtos: 6KV (mais do que o n\u00edvel padr\u00e3o nacional 4).<\/p>\n","protected":false},"excerpt":{"rendered":"<p>Sistema de reconhecimento de placas com c\u00e2mera,<br \/>\nsuporte e painel de led para sinaliza\u00e7\u00e3o e organiza\u00e7\u00e3o<br \/>\nde fluxo de ve\u00edculos. Uma solu\u00e7\u00e3o com reconhecimento<br \/>\nde placas embarcado na c\u00e2mera usando um processador<br \/>\nde baixa pot\u00eancia e alta performance com sensor CMOS.<br \/>\nE uma solu\u00e7\u00e3o que engloba a c\u00e2mera, o anal\u00edtico de<br \/>\nreconhecimento, a armazenagem de informa\u00e7\u00f5es al\u00e9m<br \/>\ndo suporte e painel de led para sinaliza\u00e7\u00e3o.<br \/>\nEsta solu\u00e7\u00e3o foi desenvolvida especialmente para<br \/>\nestacionamentos, cond\u00f4minos e \u00e1reas com necessidade<br \/>\nde controle de fluxo de ve\u00edculos como portos, aeroportos,<br \/>\nind\u00fastria entre outros. E uma solu\u00e7\u00e3o completa com<br \/>\nsuporte para integra\u00e7\u00e3o em v\u00e1rios sistemas de controle de acesso.<\/p>\n","protected":false},"featured_media":336,"template":"","meta":{"_joinchat":[]},"product_cat":[22],"product_tag":[],"class_list":{"0":"post-306","1":"product","2":"type-product","3":"status-publish","4":"has-post-thumbnail","6":"product_cat-controle-de-estacionamento-e-garagem","8":"first","9":"instock","10":"shipping-taxable","11":"purchasable","12":"product-type-simple"},"_links":{"self":[{"href":"https:\/\/acessopontotech.com.br\/index.php\/wp-json\/wp\/v2\/product\/306","targetHints":{"allow":["GET"]}}],"collection":[{"href":"https:\/\/acessopontotech.com.br\/index.php\/wp-json\/wp\/v2\/product"}],"about":[{"href":"https:\/\/acessopontotech.com.br\/index.php\/wp-json\/wp\/v2\/types\/product"}],"version-history":[{"count":0,"href":"https:\/\/acessopontotech.com.br\/index.php\/wp-json\/wp\/v2\/product\/306\/revisions"}],"wp:featuredmedia":[{"embeddable":true,"href":"https:\/\/acessopontotech.com.br\/index.php\/wp-json\/wp\/v2\/media\/336"}],"wp:attachment":[{"href":"https:\/\/acessopontotech.com.br\/index.php\/wp-json\/wp\/v2\/media?parent=306"}],"wp:term":[{"taxonomy":"product_cat","embeddable":true,"href":"https:\/\/acessopontotech.com.br\/index.php\/wp-json\/wp\/v2\/product_cat?post=306"},{"taxonomy":"product_tag","embeddable":true,"href":"https:\/\/acessopontotech.com.br\/index.php\/wp-json\/wp\/v2\/product_tag?post=306"}],"curies":[{"name":"wp","href":"https:\/\/api.w.org\/{rel}","templated":true}]}}