{"id":307,"date":"2020-12-18T13:04:22","date_gmt":"2020-12-18T16:04:22","guid":{"rendered":"http:\/\/acessopontotech.com.br\/index.php\/product\/import-placeholder-for-8700\/"},"modified":"2022-04-06T21:34:33","modified_gmt":"2022-04-07T00:34:33","slug":"terminal-de-autoatendimento-soltech","status":"publish","type":"product","link":"https:\/\/acessopontotech.com.br\/index.php\/product\/terminal-de-autoatendimento-soltech\/","title":{"rendered":"Terminal de Autoatendimento &#8211; Soltech"},"content":{"rendered":"<p>\u2022 Alta Durabilidade;<br \/>\n\u2022 Design arrojado;<br \/>\n\u2022 Verticaliza\u00e7\u00e3o do produto de acordo com a necessidade do cliente;<br \/>\n\u2022 Mat\u00e9ria prima e perif\u00e9ricos de alta performance e qualidade;<br \/>\n\u2022 Acabamentos internos e externos perfeitos;<br \/>\n\u2022 Controle rigoroso de qualidade de todos nossos produtos;<br \/>\n\u2022 Hardware com tecnologias de ponta e de fabricantes de renome no mercado<br \/>\nmundial;<br \/>\n\u2022 Garantia Onsite de 12 meses;<\/p>\n<p>\u2022 Otimiza\u00e7\u00e3o dos investimentos;<br \/>\n\u2022 Atendimento dispon\u00edvel 24h nos 7 dias por semana;<br \/>\n\u2022 Maior n\u00edvel de satisfa\u00e7\u00e3o dos usu\u00e1rios;<br \/>\n\u2022 Redu\u00e7\u00e3o no volume de e-mails e liga\u00e7\u00f5es feitas \u00e0 empresa;<br \/>\n\u2022 Realoca\u00e7\u00e3o dos profissionais ao core business da organiza\u00e7\u00e3o;<br \/>\n\u2022 Atendimento e suporte com equipe treinada e especializada;<br \/>\n\u2022 Suporte telef\u00f4nico, e-mail, WhatsApp, e remoto sem custo de forma vital\u00edcia,<br \/>\n\u00fanica no mercado a realizar este tipo de suporte;<br \/>\n\u2022Custos de suporte fora de garantia acess\u00edveis, referente a visita t\u00e9cnica<\/p>\n","protected":false},"excerpt":{"rendered":"<p>O terminal de autoatendimento SolTech, \u00e9 um terminal<br \/>\nsimples e com design elegante. Foi pensado para que seu<br \/>\ncliente possa fazer sua higieniza\u00e7\u00e3o com \u00e1lcool em gel e<br \/>\ntamb\u00e9m fazer a aferi\u00e7\u00e3o da sua temperatura. Um terminal<br \/>\ndesenvolvido para Higieniza\u00e7\u00e3o e aferi\u00e7\u00e3o de temperatura<br \/>\nna luta o COVID-19 e demais doen\u00e7as infecciosas.<br \/>\nCom equipamentos de qualidade e durabilidade para<br \/>\natender as necessidades do mercado de 3 a 5 anos sem<br \/>\nnecessidade de upgrade, 2020\/2. Tudo na SolTech Solu\u00e7\u00f5es<br \/>\nTecnol\u00f3gicas \u00e9 testado e homologado antes de ser liberado<br \/>\npara comercializa\u00e7\u00e3o, oferecendo credibilidade e visando<br \/>\nentregar aos seus clientes um equipamento confi\u00e1vel.<\/p>\n","protected":false},"featured_media":337,"template":"","meta":{"_joinchat":[]},"product_cat":[38],"product_tag":[],"class_list":{"0":"post-307","1":"product","2":"type-product","3":"status-publish","4":"has-post-thumbnail","6":"product_cat-controle-de-aglomeracao","8":"first","9":"instock","10":"shipping-taxable","11":"purchasable","12":"product-type-simple"},"_links":{"self":[{"href":"https:\/\/acessopontotech.com.br\/index.php\/wp-json\/wp\/v2\/product\/307","targetHints":{"allow":["GET"]}}],"collection":[{"href":"https:\/\/acessopontotech.com.br\/index.php\/wp-json\/wp\/v2\/product"}],"about":[{"href":"https:\/\/acessopontotech.com.br\/index.php\/wp-json\/wp\/v2\/types\/product"}],"version-history":[{"count":1,"href":"https:\/\/acessopontotech.com.br\/index.php\/wp-json\/wp\/v2\/product\/307\/revisions"}],"predecessor-version":[{"id":7125,"href":"https:\/\/acessopontotech.com.br\/index.php\/wp-json\/wp\/v2\/product\/307\/revisions\/7125"}],"wp:featuredmedia":[{"embeddable":true,"href":"https:\/\/acessopontotech.com.br\/index.php\/wp-json\/wp\/v2\/media\/337"}],"wp:attachment":[{"href":"https:\/\/acessopontotech.com.br\/index.php\/wp-json\/wp\/v2\/media?parent=307"}],"wp:term":[{"taxonomy":"product_cat","embeddable":true,"href":"https:\/\/acessopontotech.com.br\/index.php\/wp-json\/wp\/v2\/product_cat?post=307"},{"taxonomy":"product_tag","embeddable":true,"href":"https:\/\/acessopontotech.com.br\/index.php\/wp-json\/wp\/v2\/product_tag?post=307"}],"curies":[{"name":"wp","href":"https:\/\/api.w.org\/{rel}","templated":true}]}}