{"id":31,"date":"2020-12-18T13:00:57","date_gmt":"2020-12-18T16:00:57","guid":{"rendered":"http:\/\/acessopontotech.com.br\/index.php\/product\/import-placeholder-for-424\/"},"modified":"2020-12-18T13:01:48","modified_gmt":"2020-12-18T16:01:48","slug":"relogio-de-ponto-primme-biometria-barras-portaria-373","status":"publish","type":"product","link":"https:\/\/acessopontotech.com.br\/index.php\/product\/relogio-de-ponto-primme-biometria-barras-portaria-373\/","title":{"rendered":"REL\u00d3GIO DE PONTO &#8211; PRIMME &#8211;  BIOMETRIA &#8211; BARRAS &#8211; PORTARIA 373"},"content":{"rendered":"<h2>Rel\u00f3gio de ponto eletr\u00f4nico alternativo para portaria 373\/2011 do MTE.<\/h2>\n<p>O Primme SF Ponto \u00e9 um rel\u00f3gio da Henry desenvolvido para atender as especifica\u00e7\u00f5es da portaria n\u00b0 373 do Minist\u00e9rio do Trabalho e Emprego. Dispon\u00edvel em modelos com diferentes op\u00e7\u00f5es de dispositivos e leitores de identifica\u00e7\u00e3o, os quais podem ser acoplados e combinados de \u00a0acordo com a necessidade de cada cliente. Sua mem\u00f3ria \u00e9 inviol\u00e1vel e garante a integridade dos dados e registros. O Prisma SF Ponto \u00e9 indicado para empresas que, atrav\u00e9s de conven\u00e7\u00e3o ou acordos trabalhistas est\u00e3o autorizadas a utilizar sistemas alternativos para registro de ponto.<\/p>\n<p><strong>Principais Caracter\u00edsticas:<\/strong><\/p>\n<p>Rel\u00f3gio de ponto digital para sistema alternativo de ponto;<br \/>\nAtende as especifica\u00e7\u00f5es da Portaria 373\/2011 do Minist\u00e9rio do Trabalho;<br \/>\nLeitores de Identifica\u00e7\u00e3o: Biometria, C\u00f3digo de Barras, Proximidade RFID ou Smart Card (Mifare);<br \/>\nInterface: Display num\u00e9rico ou gr\u00e1fico e teclado emborrachado;<br \/>\nMem\u00f3ria: Capacidade para armazenar at\u00e9 8 milh\u00f5es de registros;<br \/>\nFuncion\u00e1rios: at\u00e9 15 mil usu\u00e1rios;<br \/>\nComunica\u00e7\u00e3o e Coleta de Dados: TCP\/IP, Serial e USB nativos; Wi-Fi e 3G opcionais;<\/p>\n<div id=\"0\" class=\"prd\">\n<div id=\"topico\"><strong class=\"yp\">Leitores<\/strong><\/div>\n<div>Biom\u00e9trico, C\u00f3digo de Barras e Proximidade (RFID e MIFARE)<\/div>\n<\/div>\n<div id=\"1\" class=\"prd\">\n<div id=\"topico\"><strong class=\"yp\">Usu\u00e1rios<\/strong><\/div>\n<div>Gerencia at\u00e9 50 mil usu\u00e1rios.<\/div>\n<\/div>\n<div id=\"2\" class=\"prd\">\n<div id=\"topico\"><strong class=\"yp\">Web Server<\/strong><\/div>\n<div>Aplicativo j\u00e1 incluso no equipamento dispensando software de instala\u00e7\u00e3o.<\/div>\n<\/div>\n<div id=\"3\" class=\"prd\">\n<div id=\"topico\"><strong class=\"yp\">Comunica\u00e7\u00e3o<\/strong><\/div>\n<div>Padr\u00e3o TCP\/IP ou Wi-Fi e GPRS opcionais.<\/div>\n<\/div>\n<div id=\"4\" class=\"prd\">\n<div id=\"topico\"><strong class=\"yp\">USB<\/strong><\/div>\n<div>Porta USB para importa\u00e7\u00e3o e exporta\u00e7\u00e3o de dados.<\/div>\n<\/div>\n<div id=\"5\" class=\"prd\">\n<div id=\"topico\"><strong class=\"yp\">Display<\/strong><\/div>\n<div>Intuitivo com imagens ilustrativas.<\/div>\n<\/div>\n<div id=\"6\" class=\"prd\">\n<div id=\"topico\"><strong class=\"yp\">Configura\u00e7\u00e3o<\/strong><\/div>\n<div>Computador ou direto no equipamento via teclado ABNT.<\/div>\n<\/div>\n","protected":false},"excerpt":{"rendered":"<p>Desenvolvido para atender as especifica\u00e7\u00f5es da portaria n\u00b0 373 do Minist\u00e9rio do Trabalho e Emprego, o Primme SF Ponto \u00e9 destinado \u00e0s empresas autorizadas por conven\u00e7\u00e3o ou acordo coletivo a usar sistemas eletr\u00f4nicos de marca\u00e7\u00e3o de ponto alternativos. Sua mem\u00f3ria \u00e9 inviol\u00e1vel garantindo a integridade dos dados de eventos. Os diversos modelos combinam v\u00e1rias tecnologias de identifica\u00e7\u00e3o, como leitor biom\u00e9trico, proximidade ou c\u00f3digo de barras. Trabalha atrav\u00e9s de Web Server embarcado que dispensa a instala\u00e7\u00e3o de softwares de configura\u00e7\u00e3o. Possui display gr\u00e1fico com resolu\u00e7\u00e3o de 128 x 64 pixels. Este equipamento tem a capacidade de gerenciamento de at\u00e9 15.000 colaboradores e armazenamento de 8.000.000 registros em mem\u00f3ria. O Primme SF ponto \u00e9 a alternativa mais completa e econ\u00f4mica da categoria.<\/p>\n","protected":false},"featured_media":79,"template":"","meta":{"_joinchat":[]},"product_cat":[16,17],"product_tag":[],"class_list":{"0":"post-31","1":"product","2":"type-product","3":"status-publish","4":"has-post-thumbnail","6":"product_cat-controle-de-ponto","7":"product_cat-relogios-de-ponto","9":"first","10":"instock","11":"shipping-taxable","12":"purchasable","13":"product-type-simple"},"_links":{"self":[{"href":"https:\/\/acessopontotech.com.br\/index.php\/wp-json\/wp\/v2\/product\/31","targetHints":{"allow":["GET"]}}],"collection":[{"href":"https:\/\/acessopontotech.com.br\/index.php\/wp-json\/wp\/v2\/product"}],"about":[{"href":"https:\/\/acessopontotech.com.br\/index.php\/wp-json\/wp\/v2\/types\/product"}],"version-history":[{"count":0,"href":"https:\/\/acessopontotech.com.br\/index.php\/wp-json\/wp\/v2\/product\/31\/revisions"}],"wp:featuredmedia":[{"embeddable":true,"href":"https:\/\/acessopontotech.com.br\/index.php\/wp-json\/wp\/v2\/media\/79"}],"wp:attachment":[{"href":"https:\/\/acessopontotech.com.br\/index.php\/wp-json\/wp\/v2\/media?parent=31"}],"wp:term":[{"taxonomy":"product_cat","embeddable":true,"href":"https:\/\/acessopontotech.com.br\/index.php\/wp-json\/wp\/v2\/product_cat?post=31"},{"taxonomy":"product_tag","embeddable":true,"href":"https:\/\/acessopontotech.com.br\/index.php\/wp-json\/wp\/v2\/product_tag?post=31"}],"curies":[{"name":"wp","href":"https:\/\/api.w.org\/{rel}","templated":true}]}}