{"id":33,"date":"2020-12-18T13:00:57","date_gmt":"2020-12-18T16:00:57","guid":{"rendered":"http:\/\/acessopontotech.com.br\/index.php\/product\/import-placeholder-for-429\/"},"modified":"2020-12-18T13:01:51","modified_gmt":"2020-12-18T16:01:51","slug":"relogio-de-ponto-primme-cartao-proximidade-acordo-coletivo-373","status":"publish","type":"product","link":"https:\/\/acessopontotech.com.br\/index.php\/product\/relogio-de-ponto-primme-cartao-proximidade-acordo-coletivo-373\/","title":{"rendered":"REL\u00d3GIO DE PONTO &#8211; PRIMME &#8211; CART\u00c3O PROXIMIDADE &#8211; ACORDO COLETIVO 373"},"content":{"rendered":"<p><strong>Caracter\u00edsticas<\/strong><\/p>\n<p>\u2022 Sistema de gest\u00e3o e controle de frequ\u00eancia e acesso a ambientes;<br \/>\n\u2022 Equipamento com lacre f\u00edsico e sistema eletr\u00f4nico de prote\u00e7\u00e3o contra viola\u00e7\u00e3o usando sensores que bloqueiam o<br \/>\nmesmo em qualquer tentativa de abertura;<br \/>\n\u2022 Faz gerenciamento de acesso at\u00e9 15.000 matr\u00edculas;<br \/>\n\u2022 Capacidade de armazenamento para 9 milh\u00f5es de eventos;<br \/>\n\u2022 Os dados s\u00e3o gravados em mem\u00f3ria flash, mem\u00f3ria com dispositivos interno de prote\u00e7\u00e3o de integridade e n\u00e3o<br \/>\nvol\u00e1til;<br \/>\n\u2022 Possui aplicativo web embarcado para configura\u00e7\u00e3o e coleta de dados no equipamento;<br \/>\n\u2022 Atualiza\u00e7\u00e3o de firmware (programa residente na placa do rel\u00f3gio) via Serial, USB ou ainda via software, evitando a<br \/>\nremo\u00e7\u00e3o dos componentes do equipamento;<br \/>\n\u2022 Equipamento dotado das seguintes tecnologias de identifica\u00e7\u00e3o: RFiD proximidade;<br \/>\n\u2022 Nome da rede para f\u00e1cil acesso ao Web Server, o que dispensa a digita\u00e7\u00e3o do ip do equipamento;<br \/>\n\u2022 Programa\u00e7\u00e3o de at\u00e9 100 fun\u00e7\u00f5es diferentes para controle de acesso, para utilizar como indicativo do motivo da<br \/>\nmarca\u00e7\u00e3o de ponto;<br \/>\n\u2022 O equipamento mostra no display e emite aviso sonoro para indicar a necessidade de revista no usu\u00e1rio, podendo ser<br \/>\nconfigurada a percentagem de sorteio;<br \/>\n\u2022 Permite e coleta de dados via porta USB no pr\u00f3prio equipamento, aplicativo WEB ou via software;<br \/>\n\u2022 Possui recurso de cadastro de usu\u00e1rios localmente no equipamento, atrav\u00e9s do pr\u00f3prio menu;<br \/>\n\u2022 Trabalha com v\u00e1rios modos de comunica\u00e7\u00e3o, sendo: TCP-IP 10\/100 MBits e Serial RS232 nativos na placa, WI-FI, e<br \/>\n3G (com o uso do smart henry). A comunica\u00e7\u00e3o serial tem duas op\u00e7\u00f5es de velocidades: 115.200 bps e 9.600 bps;<br \/>\n\u2022 Equipamento dotado de porta USB para importa\u00e7\u00e3o e exporta\u00e7\u00e3o de dados, que proporciona um meio r\u00e1pido e f\u00e1cil<br \/>\npara configura\u00e7\u00e3o do equipamento e coleta de eventos;<\/p>\n<p><strong>Operacional<\/strong><\/p>\n<p>\u2022 Leitor de cart\u00f5es RFiD Proximidade padr\u00e3o Unique (125 kHz);<br \/>\n\u2022 Sistema de monitoramento de status: via software ou pelo aplicativo Web, sendo poss\u00edvel verificar quantidade de<br \/>\ncolaboradores, quantidade de biometria, quantidade de digitais cadastradas e tamanho do m\u00f3dulo biom\u00e9trico entre<br \/>\noutros;<br \/>\n\u2022 Sistema de busca e filtragem de funcion\u00e1rios no aplicativo WEB;<br \/>\n\u2022 Recurso de cart\u00e3o administrador, onde facilita o acesso ao menu de configura\u00e7\u00e3o do equipamento por meio de<br \/>\nregistro de acesso;<br \/>\n\u2022 Possui controle do acesso do usu\u00e1rio atrav\u00e9s de validade do cart\u00e3o;<br \/>\n\u2022 Sistema de registro com confirma\u00e7\u00e3o por senha de acesso ou senha de p\u00e2nico;<br \/>\n\u2022 Possui recurso de conex\u00e3o no modo servidor ou no modo cliente. Sistema inteligente de gerenciamento de usu\u00e1rio<br \/>\nauxilia no cadastro e altera\u00e7\u00e3o de funcion\u00e1rios;<br \/>\n\u2022 Menu de ajustes do equipamento dotado de senha de acesso padr\u00e3o, permite ser alterada via menu e aplicativo<br \/>\nembarcado;<br \/>\n\u2022 Sistema de rel\u00f3gio em tempo real (RTC), com op\u00e7\u00e3o de ajuste da data e hora, configura\u00e7\u00e3o do hor\u00e1rio de ver\u00e3o.<br \/>\nCom recurso de backup em bateria de l\u00edtio, mantendo a data e hora correta, caso o equipamento seja desligado;<br \/>\n\u2022 Sistema interno de monitoramento dos n\u00edveis das tens\u00f5es e de travamento do processador;<br \/>\n\u2022 Equipamento possui display gr\u00e1fico de cristal l\u00edquido de 128 x 64 pixel com sistema de ilumina\u00e7\u00e3o (Backlight), que<br \/>\nsuporta at\u00e9 25 caracteres por linha;<br \/>\n\u2022 O teclado possui 18 teclas sendo 10 padr\u00e3o telef\u00f4nico e 8 teclas adicionais de fun\u00e7\u00e3o;<br \/>\n\u2022 Acompanha fonte externa 14.5 v para alimenta\u00e7\u00e3o do equipamento;<br \/>\n\u2022 Possui estrutura com design moderno e LEDs que indicam a confirma\u00e7\u00e3o de registros;<br \/>\n\u2022 Suporta at\u00e9 5 reles de acionamento, sendo 1 nativo na placa e 4 externos;<br \/>\n\u2022 Suporta a liga\u00e7\u00e3o simult\u00e2nea de at\u00e9 5 leitores de identifica\u00e7\u00e3o;<br \/>\n\u2022 Mensagem do equipamento em modo Stand By pode ser personalizada;<br \/>\n\u2022 Suporte para exibi\u00e7\u00e3o de mensagem padr\u00e3o no acesso, sendo poss\u00edvel configurar uma mensagem personalizada, uma<br \/>\nsauda\u00e7\u00e3o ou a matr\u00edcula do usu\u00e1rio;<br \/>\n\u2022 A Configura\u00e7\u00e3o de avisos sonoros de \u00e1udio s\u00e3o customizados, podendo ser personalizado via importa\u00e7\u00e3o de arquivo<br \/>\n(.wav);<br \/>\n\u2022 Sistema de acionamento de sirene atrav\u00e9s de hor\u00e1rios pr\u00e9-programados;<br \/>\n\u2022 Permite configura at\u00e9 256 acionamentos para sirene;<br \/>\n\u2022 Cont\u00e9m menu interno de configura\u00e7\u00f5es, para ajustar o funcionamento da comunica\u00e7\u00e3o e realizar cadastro de<br \/>\ndigitais no pr\u00f3prio rel\u00f3gio;<br \/>\n\u2022 Realiza controle dos hor\u00e1rios dos funcion\u00e1rios por meio de tabelas de hor\u00e1rios e per\u00edodos;<br \/>\n\u2022 Permite a configura\u00e7\u00e3o de lista de acesso para indica\u00e7\u00e3o da opera\u00e7\u00e3o para matr\u00edculas espec\u00edficas e configura\u00e7\u00f5es de<br \/>\nacesso do funcion\u00e1rio ao equipamento;<br \/>\n\u2022 Recurso de Anti-PassBack para funcionamento off-line, n\u00e3o permitindo que os funcion\u00e1rios registrem mais de uma<br \/>\nvez o mesmo acesso.<\/p>\n<p><strong>Ambiente<\/strong><\/p>\n<p>\u2022 Temperatura de opera\u00e7\u00e3o: -15\u00b0C a 55\u00b0C (sem condensa\u00e7\u00e3o);<br \/>\n\u2022 Temperatura de estocagem: -20\u00b0C a 60\u00b0C;<br \/>\n\u2022 Faixa de umidade para funcionamento:: 0 a 95%;<br \/>\n\u2022 N\u00edvel aceit\u00e1vel de luz para funcionamento: 3.000 Lux.<\/p>\n<p><strong>El\u00e9trica<\/strong><\/p>\n<p>\u2022 Fonte chaveada: 90 a 240 VAC;<br \/>\n\u2022 Tens\u00e3o da opera\u00e7\u00e3o: 14.5 V;<br \/>\n\u2022 Pot\u00eancia m\u00e9dia: 7,2 W;<br \/>\n\u2022 Consumo m\u00e9dio de corrente: 500 mA.<\/p>\n<p><strong>Medidas do Produto<\/strong><\/p>\n<p>\u2022 Peso: 1,500 kg;<br \/>\n\u2022 Altura: 17,57 cm;<br \/>\n\u2022 Profundidade: 9,45 cm;<br \/>\n\u2022 Largura da base: 23,44 cm.<\/p>\n","protected":false},"excerpt":{"rendered":"<p>As empresas e \u00f3rg\u00e3os p\u00fablicos, que prezam pela seguran\u00e7a e bem estar de seus colaboradores e visitantes, a Sol Tech \u2013 Solu\u00e7\u00f5es em Tecnologia traz op\u00e7\u00f5es de controle de ponto e acesso de pessoas. O Minist\u00e9rio do Trabalho e Emprego (MTE) homologou uma portaria 1.510\/2009 para que se padronize as formas de coleta e tratamento de ponto, e a Sol Tech Solu\u00e7\u00f5es em Tecnologia saiu na frente. Representante da marca Henry, est\u00e1 com quatro op\u00e7\u00f5es j\u00e1 homologadas pelo MTE, para oferecer \u00e0s empresas a melhor op\u00e7\u00e3o.<\/p>\n","protected":false},"featured_media":82,"template":"","meta":{"_joinchat":[]},"product_cat":[16,17],"product_tag":[],"class_list":{"0":"post-33","1":"product","2":"type-product","3":"status-publish","4":"has-post-thumbnail","6":"product_cat-controle-de-ponto","7":"product_cat-relogios-de-ponto","9":"first","10":"instock","11":"shipping-taxable","12":"purchasable","13":"product-type-simple"},"_links":{"self":[{"href":"https:\/\/acessopontotech.com.br\/index.php\/wp-json\/wp\/v2\/product\/33","targetHints":{"allow":["GET"]}}],"collection":[{"href":"https:\/\/acessopontotech.com.br\/index.php\/wp-json\/wp\/v2\/product"}],"about":[{"href":"https:\/\/acessopontotech.com.br\/index.php\/wp-json\/wp\/v2\/types\/product"}],"version-history":[{"count":0,"href":"https:\/\/acessopontotech.com.br\/index.php\/wp-json\/wp\/v2\/product\/33\/revisions"}],"wp:featuredmedia":[{"embeddable":true,"href":"https:\/\/acessopontotech.com.br\/index.php\/wp-json\/wp\/v2\/media\/82"}],"wp:attachment":[{"href":"https:\/\/acessopontotech.com.br\/index.php\/wp-json\/wp\/v2\/media?parent=33"}],"wp:term":[{"taxonomy":"product_cat","embeddable":true,"href":"https:\/\/acessopontotech.com.br\/index.php\/wp-json\/wp\/v2\/product_cat?post=33"},{"taxonomy":"product_tag","embeddable":true,"href":"https:\/\/acessopontotech.com.br\/index.php\/wp-json\/wp\/v2\/product_tag?post=33"}],"curies":[{"name":"wp","href":"https:\/\/api.w.org\/{rel}","templated":true}]}}