{"id":34,"date":"2020-12-18T13:00:57","date_gmt":"2020-12-18T16:00:57","guid":{"rendered":"http:\/\/acessopontotech.com.br\/index.php\/product\/import-placeholder-for-433\/"},"modified":"2020-12-18T13:01:52","modified_gmt":"2020-12-18T16:01:52","slug":"relogio-de-ponto-primme-codigo-de-barras-portaria-373","status":"publish","type":"product","link":"https:\/\/acessopontotech.com.br\/index.php\/product\/relogio-de-ponto-primme-codigo-de-barras-portaria-373\/","title":{"rendered":"REL\u00d3GIO DE PONTO &#8211; PRIMME &#8211; C\u00d3DIGO DE BARRAS &#8211; PORTARIA 373"},"content":{"rendered":"<ul>\n<li>Baseado na portaria n\u00b0 373 de 25 de fevereiro de 2011 do Minist\u00e9rio do Trabalho e Emprego;<\/li>\n<li>Poder\u00e1 ser utilizado por empresas autorizadas por conven\u00e7\u00e3o ou acordo coletivo a usar sistemas alternativos eletr\u00f4nicos de marca\u00e7\u00e3o de ponto;<\/li>\n<li>Possui mem\u00f3ria protegida garantindo a integridade dos dados de eventos, o que impede a sobre grava\u00e7\u00e3o e\/ou adultera\u00e7\u00e3o das informa\u00e7\u00f5es;<\/li>\n<li>Trabalha com v\u00e1rias tecnologias de identifica\u00e7\u00e3o e comunica\u00e7\u00e3o, tornando-se um equipamento mold\u00e1vel \u00e0 necessidade do cliente e adapt\u00e1vel ao ambiente;<\/li>\n<li>Marca\u00e7\u00e3o de ponto segura contra fraudes e sem restri\u00e7\u00f5es;<\/li>\n<li>Permite o cadastro das informa\u00e7\u00f5es do empregador, local de trabalho e funcion\u00e1rios;<\/li>\n<li>Dotado de display gr\u00e1fico de aproximadamente 3\u201d e resolu\u00e7\u00e3o de 128 x 68 pixels.<\/li>\n<li>Web Server interno que permite a extra\u00e7\u00e3o eletr\u00f4nica e impressa do registro fiel das marca\u00e7\u00f5es realizadas pelo empregado, bem como a importa\u00e7\u00e3o e exporta\u00e7\u00e3o de dados;<\/li>\n<li>Capacidade de gerenciamento de at\u00e9 15.000 colaboradores na mem\u00f3ria;<\/li>\n<li>Armazena na mem\u00f3ria os eventos de: marca\u00e7\u00e3o de ponto por PIS (com op\u00e7\u00e3o de gravar a refer\u00eancia da marca\u00e7\u00e3o de ponto), cadastro de empregador, cadastro de funcion\u00e1rio e altera\u00e7\u00e3o de data e hora;<\/li>\n<li>Capacidade para armazenamento de registros em mem\u00f3ria: 8.000.000;<br \/>\nTransfere mais de 3.000 registros\/segundo.<\/li>\n<\/ul>\n<div id=\"0\" class=\"prd\">\n<div id=\"topico\"><strong class=\"yp\">Leitores<\/strong><\/div>\n<div>Biom\u00e9trico, C\u00f3digo de Barras e Proximidade (RFID e MIFARE)<\/div>\n<\/div>\n<div id=\"1\" class=\"prd\">\n<div id=\"topico\"><strong class=\"yp\">Usu\u00e1rios<\/strong><\/div>\n<div>Gerencia at\u00e9 50 mil usu\u00e1rios.<\/div>\n<\/div>\n<div id=\"2\" class=\"prd\">\n<div id=\"topico\"><strong class=\"yp\">Web Server<\/strong><\/div>\n<div>Aplicativo j\u00e1 incluso no equipamento dispensando software de instala\u00e7\u00e3o.<\/div>\n<\/div>\n<div id=\"3\" class=\"prd\">\n<div id=\"topico\"><strong class=\"yp\">Comunica\u00e7\u00e3o<\/strong><\/div>\n<div>Padr\u00e3o TCP\/IP ou Wi-Fi e GPRS opcionais.<\/div>\n<\/div>\n<div id=\"4\" class=\"prd\">\n<div id=\"topico\"><strong class=\"yp\">USB<\/strong><\/div>\n<div>Porta USB para importa\u00e7\u00e3o e exporta\u00e7\u00e3o de dados.<\/div>\n<\/div>\n<div id=\"5\" class=\"prd\">\n<div id=\"topico\"><strong class=\"yp\">Display<\/strong><\/div>\n<div>Intuitivo com imagens ilustrativas.<\/div>\n<\/div>\n<div id=\"6\" class=\"prd\">\n<div id=\"topico\"><strong class=\"yp\">Configura\u00e7\u00e3o<\/strong><\/div>\n<div>Computador ou direto no equipamento via teclado ABNT.<\/div>\n<\/div>\n","protected":false},"excerpt":{"rendered":"<p>Desenvolvido para atender as mais diversas necessidades em controle de acesso, o Primme \u00e9 o produto mais completo do mercado. Ideal para controle de acesso de portas em geral, condom\u00ednios, estacionamentos e entradas de ve\u00edculos, gerencia at\u00e9 50.000 usu\u00e1rios e sua estrutura vers\u00e1til possibilita a instala\u00e7\u00e3o de diversas tecnologias de leitores. Possui aplicativo Web Server embarcado, dispensando instala\u00e7\u00e3o de software de configura\u00e7\u00e3o, al\u00e9m de 1 porta USB que permite importa\u00e7\u00e3o e exporta\u00e7\u00e3o de dados. Sua capacidade de customiza\u00e7\u00e3o faz do Primme Acesso a solu\u00e7\u00e3o ideal e mais completa para todos os tipos de controle de acesso.<\/p>\n","protected":false},"featured_media":83,"template":"","meta":{"_joinchat":[]},"product_cat":[16,17],"product_tag":[],"class_list":{"0":"post-34","1":"product","2":"type-product","3":"status-publish","4":"has-post-thumbnail","6":"product_cat-controle-de-ponto","7":"product_cat-relogios-de-ponto","9":"first","10":"instock","11":"shipping-taxable","12":"purchasable","13":"product-type-simple"},"_links":{"self":[{"href":"https:\/\/acessopontotech.com.br\/index.php\/wp-json\/wp\/v2\/product\/34","targetHints":{"allow":["GET"]}}],"collection":[{"href":"https:\/\/acessopontotech.com.br\/index.php\/wp-json\/wp\/v2\/product"}],"about":[{"href":"https:\/\/acessopontotech.com.br\/index.php\/wp-json\/wp\/v2\/types\/product"}],"version-history":[{"count":0,"href":"https:\/\/acessopontotech.com.br\/index.php\/wp-json\/wp\/v2\/product\/34\/revisions"}],"wp:featuredmedia":[{"embeddable":true,"href":"https:\/\/acessopontotech.com.br\/index.php\/wp-json\/wp\/v2\/media\/83"}],"wp:attachment":[{"href":"https:\/\/acessopontotech.com.br\/index.php\/wp-json\/wp\/v2\/media?parent=34"}],"wp:term":[{"taxonomy":"product_cat","embeddable":true,"href":"https:\/\/acessopontotech.com.br\/index.php\/wp-json\/wp\/v2\/product_cat?post=34"},{"taxonomy":"product_tag","embeddable":true,"href":"https:\/\/acessopontotech.com.br\/index.php\/wp-json\/wp\/v2\/product_tag?post=34"}],"curies":[{"name":"wp","href":"https:\/\/api.w.org\/{rel}","templated":true}]}}