{"id":36,"date":"2020-12-18T13:00:57","date_gmt":"2020-12-18T16:00:57","guid":{"rendered":"http:\/\/acessopontotech.com.br\/index.php\/product\/import-placeholder-for-440\/"},"modified":"2022-04-06T21:27:20","modified_gmt":"2022-04-07T00:27:20","slug":"relogio-de-ponto-portatil-e-advanced-biometria-proximidade","status":"publish","type":"product","link":"https:\/\/acessopontotech.com.br\/index.php\/product\/relogio-de-ponto-portatil-e-advanced-biometria-proximidade\/","title":{"rendered":"REL\u00d3GIO DE PONTO &#8211; PORT\u00c1TIL- E ADVANCED &#8211; BIOMETRIA\/PROXIMIDADE"},"content":{"rendered":"<div id=\"product_tabs_description_contents\">\n<div class=\"product-specs fix\">\n<p><strong>Caracter\u00edsticas<\/strong><\/p>\n<p>&#8211; Dispon\u00edvel em :<\/p>\n<p>&#8211; PONTO E ADV D &#8211; Biometria e Proximidade<\/p>\n<p>&#8211; Capacidade de gerenciamento de at\u00e9 4.096 colaboradores na Mem\u00f3ria de Trabalho<br \/>\n(MT);<br \/>\n&#8211; Capacidade para armazenamento de registros em mem\u00f3ria (MRP): 3.000.000;<br \/>\n&#8211; Capacidades de armazenamento de digitais: 4.096, 9.590(opcional) ou 19.000<br \/>\ndigitais (opcional);<br \/>\n&#8211; Maior n\u00edvel de seguran\u00e7a, com dados fiscais assinados digitalmente;<br \/>\n&#8211; Comunica\u00e7\u00e3o protegida por criptografia, impedindo qualquer tentativa de fraude via<br \/>\nsoftwares n\u00e3o autorizados;<br \/>\n&#8211; Sistema interno de sensores que realizam o bloqueio autom\u00e1tico do equipamento, na<br \/>\ntentativa viola\u00e7\u00e3o;<br \/>\n&#8211; Controle das opera\u00e7\u00f5es realizadas no equipamento, atrav\u00e9s de n\u00edveis de acesso<br \/>\nconcedidas pelo usu\u00e1rio administrador do sistema;<br \/>\n&#8211; Utiliza sistema de gerenciamento embarcado atrav\u00e9s de navegador web, sem<br \/>\nnecessidade de instala\u00e7\u00e3o de software na m\u00e1quina cliente;<br \/>\n&#8211; Permite cadastrar colaborador e digital, diretamente no equipamento sem a<br \/>\nnecessidade de utilizar o webserver ou um software gerenciador;<br \/>\n&#8211; Tela LCD Touchscreen TFT colorido de 2,8\u201d*;<br \/>\n&#8211; Permite cadastro de colaboradores e biometria direto no equipamento, sem<br \/>\nnecessidade de conex\u00e3o com o web server ou software gerenciador;<br \/>\n&#8211; Possui sistema de impress\u00e3o com velocidade de 90 mm\/s;<br \/>\n&#8211; Os dados s\u00e3o gravados em mem\u00f3ria n\u00e3o vol\u00e1til tanto para a Mem\u00f3ria de Trabalho<br \/>\n(MT) como para a Mem\u00f3ria de Registro Permanente (MRP);<br \/>\n&#8211; Armazena na MRP os eventos: registro do empregador, marca\u00e7\u00e3o de ponto, altera\u00e7\u00e3o<br \/>\nde data e hora, cadastro e altera\u00e7\u00e3o de colaboradores e eventos sens\u00edveis;<br \/>\n&#8211; Trabalha com v\u00e1rios tipos de comunica\u00e7\u00e3o, tornando-se um equipamento mold\u00e1vel \u00e0<br \/>\nnecessidade do cliente e adapt\u00e1vel ao ambiente;<br \/>\n&#8211; Calend\u00e1rio perp\u00e9tuo, com op\u00e7\u00e3o de ajuste da data e hora e configura\u00e7\u00e3o do hor\u00e1rio<br \/>\nde ver\u00e3o;<br \/>\n&#8211; O equipamento trabalha com leitura autom\u00e1tica da quantidade de d\u00edgitos dos<br \/>\ncart\u00f5es (3 a 20 d\u00edgitos);<br \/>\n&#8211; Possui bot\u00e3o na cor vermelha identificado como RIM, que tem a fun\u00e7\u00e3o de extrair a<br \/>\nrela\u00e7\u00e3o impressa das marca\u00e7\u00f5es de ponto realizadas nas 24 horas precedentes;<br \/>\n&#8211; Possui bot\u00e3o na cor azul que tem a fun\u00e7\u00e3o de imprimir o identificador do software e<br \/>\nchave p\u00fablica do equipamento;<br \/>\n&#8211; Possui porta fiscal USB para coleta do arquivo AFD para auditoria dos dados do<br \/>\nequipamento pelo fiscal do trabalho;<br \/>\n&#8211; Para maior controle do acesso ao equipamento, possui suporte para cadastrar um<br \/>\nusu\u00e1rio e senha de acesso para controle das configura\u00e7\u00f5es;<br \/>\n&#8211; Suporta at\u00e9 oito usu\u00e1rios para gerenciar o equipamento;<br \/>\n&#8211; Oferece suporte para cadastro de cart\u00e3o do usu\u00e1rio para acesso ao menu;<br \/>\n&#8211; Capacidade de expans\u00e3o da mem\u00f3ria para at\u00e9 30 milh\u00f5es de registros ( Opcional);<br \/>\n&#8211; Opera com Auto On (biometria com recurso de toque \u00fanico), fun\u00e7\u00e3o que permite<br \/>\nrealizar a identifica\u00e7\u00e3o da digital apenas colocando o dedo sobre o sensor, sem a<br \/>\nnecessidade de digitar a matr\u00edcula ou utilizar o crach\u00e1;<br \/>\n&#8211; Sistema de importa\u00e7\u00e3o e exporta\u00e7\u00e3o de dados via segunda porta USB. Atrav\u00e9s desta<br \/>\nporta podem ser realizadas as configura\u00e7\u00f5es do equipamento, do empregador, de<br \/>\ncolaboradores, de biometrias e coleta de eventos;<br \/>\n&#8211; Permite realizar exporta\u00e7\u00e3o da chave p\u00fablica atrav\u00e9s da porta USB2, salvando-a em<br \/>\narquivo de texto em um dispositivo USB de armazenamento;<br \/>\n&#8211; Sistema de identifica\u00e7\u00e3o de status e eventos no equipamento: pelo pr\u00f3prio<br \/>\nequipamento, aplicativo embarcado ou software gerenciador;<br \/>\n&#8211; Possui sistema de gerenciamento inteligente. Valida as informa\u00e7\u00f5es recebidas e as<br \/>\nsalva apenas se for necess\u00e1rio, otimizando a utiliza\u00e7\u00e3o da mem\u00f3ria;<br \/>\n&#8211; Possui sensor para garantir a impress\u00e3o do comprovante de ponto do trabalhador;<br \/>\n&#8211; Possui contador de tickets restantes (valor aproximado), de forma que o empregador<br \/>\nsaiba quantos tickets ainda podem ser impressos com determinada bobina de papel.<\/p>\n<p><strong>Operacional<\/strong><\/p>\n<p>&#8211; Pode trabalhar com as seguintes tecnologias de identifica\u00e7\u00e3o: Biometria,<br \/>\nProximidade RFID e teclado;<br \/>\n&#8211; Leitor biom\u00e9trico: Tipo Capacitivo com resolu\u00e7\u00e3o de 508 DPI, mais resistente ao<br \/>\ndesgaste ou riscos e alto desempenho na verifica\u00e7\u00e3o da impress\u00e3o digital, com<br \/>\ncapacidade de 4.096.<br \/>\n&#8211; Leitor biom\u00e9trico: Tipo \u00f3tico com resolu\u00e7\u00e3o de 500 DPI, mais resistente ao desgaste<br \/>\nou riscos e alto desempenho na verifica\u00e7\u00e3o da impress\u00e3o digital, com capacidades de<br \/>\n4.096, 9.590 (opcional) ou 19.000 (opcional);<br \/>\n&#8211; Leitor biom\u00e9trico com sensor \u00f3tico e tecnologia antifraude, que faz a detec\u00e7\u00e3o de<br \/>\ndedo vivo, permitindo identificar tentativas de fraude como a utiliza\u00e7\u00e3o de digitais<br \/>\nfalsas de silicone e gelatina (Opcional);<br \/>\n&#8211; Modo da verifica\u00e7\u00e3o das digitais: 1:1 (reconhecimento feito com a pr\u00e9via informa\u00e7\u00e3o<br \/>\nda matr\u00edcula e em seguida colocando o dedo no sensor biom\u00e9trico) e 1:N<br \/>\n(reconhecimento feito apenas colocando o dedo sobre o sensor biom\u00e9trico);<br \/>\n&#8211; Auto On: identifica\u00e7\u00e3o da digital em modo 1:N (reconhecimento feito apenas<br \/>\ncolocando o dedo no sensor biom\u00e9trico);<br \/>\n&#8211; Leitor de proximidade: l\u00ea no padr\u00e3o 125 kHz Unique, tanto no padr\u00e3o wiegand<br \/>\nquanto abatrack;<br \/>\n&#8211; Armazenamento em mem\u00f3ria flash para a MT e MRP, no qual a mem\u00f3ria MRP possui<br \/>\num sistema de gerenciamento interno para garantir a integridade dos dados;<br \/>\n&#8211; Dados do empregador: armazena em mem\u00f3ria a raz\u00e3o social, CNPJ\/CPF, CEI e<br \/>\nendere\u00e7o do local de trabalho;<br \/>\n&#8211; Lista de colaboradores: \u00e9 poss\u00edvel programar uma lista de at\u00e9 4.096 colaboradores,<br \/>\ncontendo matr\u00edculas, PIS e nome do colaborador;<br \/>\n&#8211; Mecanismo impressor t\u00e9rmico com capacidade de impress\u00e3o de 38 caracteres por<br \/>\nlinha;<br \/>\n&#8211; Suporta bobinas de at\u00e9 30 metros de comprimento;<br \/>\n&#8211; Impressora t\u00e9rmica de alta resolu\u00e7\u00e3o;<br \/>\n&#8211; Durabilidade m\u00ednima da impress\u00e3o de 5 anos, respeitando os requisitos de<br \/>\nconserva\u00e7\u00e3o do fabricante do papel;<br \/>\n&#8211; Modos de comunica\u00e7\u00e3o: trabalha somente em modo off-line, usando os dados<br \/>\ncontidos na MT para autentica\u00e7\u00e3o no equipamento;<br \/>\n&#8211; Tipos de comunica\u00e7\u00e3o: TCP\/IP 10\/100 MBits e USB nativos;<br \/>\n&#8211; Possui segunda entrada USB, por onde \u00e9 poss\u00edvel realizar a coleta por filtros de<br \/>\nregistros, configurar o equipamento, cadastrar empregador, colaboradores e digitais<br \/>\n(atrav\u00e9s da exporta\u00e7\u00e3o e importa\u00e7\u00e3o de dados);<br \/>\n&#8211; Suporta display gr\u00e1fico 128&#215;64 ou display LCD Touchscreen TFT colorido de 2,8\u201d;<br \/>\n&#8211; Calend\u00e1rio perp\u00e9tuo: gerencia a passagem da hora, minuto, segundo, dia, m\u00eas e<br \/>\nano. Possui uma bateria de l\u00edtio com capacidade de manter a data e hora correta por<br \/>\n1.440 horas, ou seja, dois meses no caso de desligamento total do mesmo;<br \/>\n&#8211; Possui suporte para configura\u00e7\u00e3o de ajuste autom\u00e1tico do hor\u00e1rio de ver\u00e3o;<br \/>\n&#8211; Possui sistema de prote\u00e7\u00e3o interno para supervis\u00e3o do funcionamento do<br \/>\nequipamento e dos n\u00edveis de tens\u00e3o (watchdog);<br \/>\n&#8211; Coleta de dados: os registros podem ser coletados via porta USB Fiscal, segunda USB<br \/>\nno pr\u00f3prio equipamento, aplicativo embarcado em um navegador de internet ou via<br \/>\nsoftware gerenciador.<\/p>\n<p><strong>Ambiente<\/strong><\/p>\n<p>&#8211; Temperatura de opera\u00e7\u00e3o: -15\u00b0C a 55\u00b0C (sem condensa\u00e7\u00e3o);<br \/>\n&#8211; Temperatura para estocagem: -20\u00b0C a 60\u00b0C;<br \/>\n&#8211; Faixa de umidade para funcionamento: 0 a 95%;<br \/>\n&#8211; N\u00edvel aceit\u00e1vel de luz para funcionamento: 3.000 Lux.<\/p>\n<p><strong>El\u00e9trica<\/strong><\/p>\n<p>&#8211; Fonte chaveada: 90 a 240 VAC;<br \/>\n&#8211; Tens\u00e3o de opera\u00e7\u00e3o: 9 Volts;<br \/>\n&#8211; Pot\u00eancia m\u00e9dia: 5 W;<br \/>\n&#8211; Consumo m\u00e9dio de corrente: 500 mA;<br \/>\n&#8211; Bateria interna de l\u00edtio:7,4V 2000mA; Nobreak interno Opcional.<\/p>\n<p><strong>Medidas do Produto<\/strong><\/p>\n<p>&#8211; Altura: 22,9 cm;<br \/>\n&#8211; Profundidade: 7,09 cm;<br \/>\n&#8211; Largura da Base: 8,7 cm.<\/p>\n<\/div>\n<\/div>\n","protected":false},"excerpt":{"rendered":"<p>O Ponto E Advanced \u00e9 um rel\u00f3gio de ponto eletr\u00f4nico (REP) homologado pelo MTE e certificado pelo Inmetro. Compacto e econ\u00f4mico, possui tela touch screen e diversas op\u00e7\u00f5es de identifica\u00e7\u00e3o do usu\u00e1rio atrav\u00e9s de leitores de proximidade e biometria. Desenvolvido a partir da tecnologia ADV que proporciona um melhor desempenho para o equipamento, o Ponto E Advanced faz o registro de ponto de forma r\u00e1pida e segura. Ideal para pequenos neg\u00f3cios, pode ser usado tamb\u00e9m por empresas que necessitam de uma solu\u00e7\u00e3o para registro de ponto m\u00f3vel em \u00e1reas rurais, usinas e<\/p>\n","protected":false},"featured_media":94,"template":"","meta":{"_joinchat":[]},"product_cat":[16,17],"product_tag":[],"class_list":{"0":"post-36","1":"product","2":"type-product","3":"status-publish","4":"has-post-thumbnail","6":"product_cat-controle-de-ponto","7":"product_cat-relogios-de-ponto","9":"first","10":"instock","11":"shipping-taxable","12":"purchasable","13":"product-type-simple"},"_links":{"self":[{"href":"https:\/\/acessopontotech.com.br\/index.php\/wp-json\/wp\/v2\/product\/36","targetHints":{"allow":["GET"]}}],"collection":[{"href":"https:\/\/acessopontotech.com.br\/index.php\/wp-json\/wp\/v2\/product"}],"about":[{"href":"https:\/\/acessopontotech.com.br\/index.php\/wp-json\/wp\/v2\/types\/product"}],"version-history":[{"count":1,"href":"https:\/\/acessopontotech.com.br\/index.php\/wp-json\/wp\/v2\/product\/36\/revisions"}],"predecessor-version":[{"id":7119,"href":"https:\/\/acessopontotech.com.br\/index.php\/wp-json\/wp\/v2\/product\/36\/revisions\/7119"}],"wp:featuredmedia":[{"embeddable":true,"href":"https:\/\/acessopontotech.com.br\/index.php\/wp-json\/wp\/v2\/media\/94"}],"wp:attachment":[{"href":"https:\/\/acessopontotech.com.br\/index.php\/wp-json\/wp\/v2\/media?parent=36"}],"wp:term":[{"taxonomy":"product_cat","embeddable":true,"href":"https:\/\/acessopontotech.com.br\/index.php\/wp-json\/wp\/v2\/product_cat?post=36"},{"taxonomy":"product_tag","embeddable":true,"href":"https:\/\/acessopontotech.com.br\/index.php\/wp-json\/wp\/v2\/product_tag?post=36"}],"curies":[{"name":"wp","href":"https:\/\/api.w.org\/{rel}","templated":true}]}}