{"id":37,"date":"2020-12-18T13:00:57","date_gmt":"2020-12-18T16:00:57","guid":{"rendered":"http:\/\/acessopontotech.com.br\/index.php\/product\/import-placeholder-for-444\/"},"modified":"2020-12-18T13:02:02","modified_gmt":"2020-12-18T16:02:02","slug":"cadastrador-de-digital-henry-biomini-suprema-plus-externo","status":"publish","type":"product","link":"https:\/\/acessopontotech.com.br\/index.php\/product\/cadastrador-de-digital-henry-biomini-suprema-plus-externo\/","title":{"rendered":"CADASTRADOR DE DIGITAL- HENRY &#8211; BIOMINI SUPREMA PLUS &#8211; EXTERNO"},"content":{"rendered":"<p><strong>Caracter\u00edsticas<\/strong><br \/>\n\u2022 Tipo \u00f3tico com resolu\u00e7\u00e3o de 500 DPI, mais resistente a desgaste e riscos. Proporciona alto desempenho na verifica\u00e7\u00e3o<br \/>\nda impress\u00e3o digital;<br \/>\n\u2022 Capacidade de leitura de impress\u00e3o digital com 256 tons de cinza;<br \/>\n\u2022 Cadastramento r\u00e1pido e f\u00e1cil;<br \/>\n\u2022 Software fornecido gratuitamente pela HENRY (Henry Configura\u00e7\u00f5es 7x);<br \/>\n\u2022 Assist\u00eancia t\u00e9cnica garantida no Brasil e no exterior;<br \/>\n\u2022 Conex\u00e3o USB de alta velocidade 2.0;<br \/>\n\u2022 Compat\u00edvel com Windows 98, ME, NT, 2000, XP, Vista e 7;<br \/>\n\u2022 \u00c1rea de captura de digital de 1,9&#215;1,6 cm.<\/p>\n<p>Conex\u00e3o USB.<br \/>\nR\u00e1pido e acess\u00edvel para todas as digitais.<br \/>\nSensor \u00f3tico de alto desempenho.<br \/>\nSuperf\u00edcie do sensor altamente resistente.<br \/>\nResolu\u00e7\u00e3o de 500 DPI.<br \/>\n\u00c1rea de captura da digital \u00e9 de 288 mm\u00b2.<br \/>\nEscala de cores em 256 tons de cinza.<br \/>\nCompacto, leve e port\u00e1til.<br \/>\nInstala\u00e7\u00e3o e utiliza\u00e7\u00e3o simplificada.<br \/>\nPre\u00e7os atraentes.<br \/>\nSuporte t\u00e9cnico garantido no Brasil e exterior.<\/p>\n<p><strong>Mec\u00e2nica<\/strong><br \/>\n\u2022 Altura: 7,3 cm;<br \/>\n\u2022 Largura: 7,3 cm;<br \/>\n\u2022 Profundidade: 7 cm.<\/p>\n<div id=\"lista-caract-prod\">\n<p><strong>Operacional<\/strong><\/p>\n<p><span class=\"style1\">Conex\u00e3o :<\/span>\u00a0Via USB, utiliza o conector USB macho tipo A.\u00c9 compat\u00edvel com interface de comunica\u00e7\u00e3o USB 1.0, 1.1 e 2.0.<br \/>\n<span class=\"style1\">Compat\u00edvel com sistema operacional Windows\u00ae:<\/span>\u00a098 SE, ME, NT, 2000 e XP.<br \/>\n<span class=\"style1\">Opera\u00e7\u00e3o :<\/span> Funciona em conjunto com os aplicativos fornecidos pela Henry.<\/p>\n<p><strong>El\u00e9trica<\/strong><br \/>\n<span class=\"style1\">Tens\u00e3o de Opera\u00e7\u00e3o :<\/span>\u00a05 V \u00b1 5%.<br \/>\n<strong>Ambiente<\/strong><\/p>\n<p><span class=\"style1\">Temperatura de Opera\u00e7\u00e3o:<\/span>\u00a0-15\u00baC a 55\u00baC (sem condensa\u00e7\u00e3o).<br \/>\n<span class=\"style1\">Temperatura para Estocagem:<\/span>\u00a0-20\u00baC a 60\u00baC.<br \/>\n<span class=\"style1\">Faixa de umidade para funcionamento:<\/span>\u00a00% a 95%.<br \/>\n<span class=\"style1\">N\u00edvel aceit\u00e1vel de luz para funcionamento:<\/span>\u00a03000 lux.<\/p>\n<p>&nbsp;<\/p>\n<\/div>\n","protected":false},"excerpt":{"rendered":"<p><b>Cadastrador de Digitais Henry Biomini Suprema<\/b> \u00e9 um leitor biom\u00e9trico externo \u00f3tico com resolu\u00e7\u00e3o de 500 DPI, mais resistente a desgaste e riscos. Proporciona alto desempenho na verifica\u00e7\u00e3o da impress\u00e3o digital. Garantia 3 meses<\/p>\n","protected":false},"featured_media":95,"template":"","meta":{"_joinchat":[]},"product_cat":[18,16],"product_tag":[],"class_list":{"0":"post-37","1":"product","2":"type-product","3":"status-publish","4":"has-post-thumbnail","6":"product_cat-acessorios","7":"product_cat-controle-de-ponto","9":"first","10":"instock","11":"shipping-taxable","12":"purchasable","13":"product-type-simple"},"_links":{"self":[{"href":"https:\/\/acessopontotech.com.br\/index.php\/wp-json\/wp\/v2\/product\/37","targetHints":{"allow":["GET"]}}],"collection":[{"href":"https:\/\/acessopontotech.com.br\/index.php\/wp-json\/wp\/v2\/product"}],"about":[{"href":"https:\/\/acessopontotech.com.br\/index.php\/wp-json\/wp\/v2\/types\/product"}],"version-history":[{"count":0,"href":"https:\/\/acessopontotech.com.br\/index.php\/wp-json\/wp\/v2\/product\/37\/revisions"}],"wp:featuredmedia":[{"embeddable":true,"href":"https:\/\/acessopontotech.com.br\/index.php\/wp-json\/wp\/v2\/media\/95"}],"wp:attachment":[{"href":"https:\/\/acessopontotech.com.br\/index.php\/wp-json\/wp\/v2\/media?parent=37"}],"wp:term":[{"taxonomy":"product_cat","embeddable":true,"href":"https:\/\/acessopontotech.com.br\/index.php\/wp-json\/wp\/v2\/product_cat?post=37"},{"taxonomy":"product_tag","embeddable":true,"href":"https:\/\/acessopontotech.com.br\/index.php\/wp-json\/wp\/v2\/product_tag?post=37"}],"curies":[{"name":"wp","href":"https:\/\/api.w.org\/{rel}","templated":true}]}}