{"id":38,"date":"2020-12-18T13:00:57","date_gmt":"2020-12-18T16:00:57","guid":{"rendered":"http:\/\/acessopontotech.com.br\/index.php\/product\/import-placeholder-for-448\/"},"modified":"2020-12-18T13:02:03","modified_gmt":"2020-12-18T16:02:03","slug":"cartao-de-proximidade","status":"publish","type":"product","link":"https:\/\/acessopontotech.com.br\/index.php\/product\/cartao-de-proximidade\/","title":{"rendered":"CART\u00c3O DE PROXIMIDADE"},"content":{"rendered":"<p><strong>Operacional<\/strong><\/p>\n<p><span class=\"style1\">Alcance de leitura:<\/span>\u00a060mm.<br \/>\n<span class=\"style1\">Antena:<\/span>\u00a0Enrolamento de cobre.<br \/>\n<span class=\"style1\">Padr\u00e3o:\u00a0<\/span>Unique.<br \/>\n<span class=\"style1\">Formato dos dados:\u00a0<\/span>Wiegand 26.<\/p>\n<p><strong>El\u00e9trica<\/strong><\/p>\n<p><span class=\"style1\">Freq\u00fc\u00eancia :<\/span>\u00a0125 KHz.<\/p>\n<p><strong>Ambiente<\/strong><\/p>\n<p><span class=\"style1\">Temperatura de Opera\u00e7\u00e3o:<\/span>\u00a0-15\u00baC a 55\u00baC (sem condensa\u00e7\u00e3o).<br \/>\n<span class=\"style1\">Temperatura para Estocagem:<\/span>\u00a0-20\u00baC a 60\u00baC.<br \/>\n<span class=\"style1\">Faixa de umidade para funcionamento:<\/span>\u00a00% a 95%.<br \/>\n<span class=\"style1\">N\u00edvel aceit\u00e1vel de luz para funcionamento:<\/span>\u00a03000 lux.<\/p>\n<p><strong>\u00a0Mec\u00e2nica<\/strong><\/p>\n<p><span class=\"style1\">Dimens\u00f5es ISO Card:<\/span>\u00a085,50 x 53,98 x 0,76mm.<br \/>\n<span class=\"style1\">Dimens\u00f5es ISO Prox:<\/span>\u00a085,50 x 53,98 x 1,90mm.<br \/>\n<span class=\"style1\">Fura\u00e7\u00e3o ISO Card:<\/span>\u00a0N\u00e3o recomendado.<br \/>\n<span class=\"style1\">Fura\u00e7\u00e3o ISO Prox:<\/span>\u00a0Possui fura\u00e7\u00e3o para cord\u00e3o.<\/p>\n","protected":false},"excerpt":{"rendered":"<div id=\"lista-caract-prod\">\n<p>Facilitam o reconhecimento do usu\u00e1rio no controle de ponto e acesso.<br \/>\nApresentam alta resist\u00eancia mec\u00e2nica contra riscos e quedas.<br \/>\nPossuem um c\u00f3digo \u00fanico pr\u00e9-gravado e impresso na lateral do cart\u00e3o.<br \/>\nOs cart\u00f5es da linha ISO Card permitem impress\u00e3o em ambos os lados.<br \/>\nProduzidos em ABS e PVC.\u00a0 Fazemos toda parte gr\u00e1fica de personaliza\u00e7\u00e3o de seus cart\u00f5es.<\/p>\n<p><strong>Entregamos em at\u00e9 72 horas.<\/strong><\/p>\n<\/div>\n","protected":false},"featured_media":96,"template":"","meta":{"_joinchat":[]},"product_cat":[18,20,19,16,21],"product_tag":[],"class_list":{"0":"post-38","1":"product","2":"type-product","3":"status-publish","4":"has-post-thumbnail","6":"product_cat-acessorios","7":"product_cat-acessorios-controle-de-acesso","8":"product_cat-controle-de-acesso","9":"product_cat-controle-de-ponto","10":"product_cat-crachas-e-identificacao","12":"first","13":"instock","14":"shipping-taxable","15":"purchasable","16":"product-type-simple"},"_links":{"self":[{"href":"https:\/\/acessopontotech.com.br\/index.php\/wp-json\/wp\/v2\/product\/38","targetHints":{"allow":["GET"]}}],"collection":[{"href":"https:\/\/acessopontotech.com.br\/index.php\/wp-json\/wp\/v2\/product"}],"about":[{"href":"https:\/\/acessopontotech.com.br\/index.php\/wp-json\/wp\/v2\/types\/product"}],"version-history":[{"count":0,"href":"https:\/\/acessopontotech.com.br\/index.php\/wp-json\/wp\/v2\/product\/38\/revisions"}],"wp:featuredmedia":[{"embeddable":true,"href":"https:\/\/acessopontotech.com.br\/index.php\/wp-json\/wp\/v2\/media\/96"}],"wp:attachment":[{"href":"https:\/\/acessopontotech.com.br\/index.php\/wp-json\/wp\/v2\/media?parent=38"}],"wp:term":[{"taxonomy":"product_cat","embeddable":true,"href":"https:\/\/acessopontotech.com.br\/index.php\/wp-json\/wp\/v2\/product_cat?post=38"},{"taxonomy":"product_tag","embeddable":true,"href":"https:\/\/acessopontotech.com.br\/index.php\/wp-json\/wp\/v2\/product_tag?post=38"}],"curies":[{"name":"wp","href":"https:\/\/api.w.org\/{rel}","templated":true}]}}