{"id":42,"date":"2020-12-18T13:00:58","date_gmt":"2020-12-18T16:00:58","guid":{"rendered":"http:\/\/acessopontotech.com.br\/index.php\/product\/import-placeholder-for-461\/"},"modified":"2020-12-18T13:02:08","modified_gmt":"2020-12-18T16:02:08","slug":"leitor-de-mesa-rfid","status":"publish","type":"product","link":"https:\/\/acessopontotech.com.br\/index.php\/product\/leitor-de-mesa-rfid\/","title":{"rendered":"LEITOR DE MESA &#8211; RFID"},"content":{"rendered":"<p><strong>Leitor e gravador de Smart Card Contactless USB de mesa Henry<\/strong><\/p>\n<p>Aparelho com a capacidade de ler e gravar cart\u00f5es Smart Card que s\u00e3o utilizados como acess\u00f3rios nos equipamentos Henry. Grava sem contato, alto desempenho, possibilidade de programar as mais variadas aplica\u00e7\u00f5es e ainda definir chaves de seguran\u00e7a por meio de software.<\/p>\n<p><strong>Caracter\u00edsticas<\/strong><\/p>\n<p>&#8211; Alta performance;<br \/>\n&#8211; Possibilidade de implementar as mais variadas aplica\u00e7\u00f5es e ainda definir chaves de seguran\u00e7a<\/p>\n<p><strong>Software<\/strong><\/p>\n<p>&#8211; Interface USB e RS 232;<br \/>\n&#8211; Par de chaves \u00fanicas podem ser definidas para cada setor;<br \/>\n&#8211; L\u00ea e grava cart\u00f5es Smart Card sem contato;<br \/>\n&#8211; Software de leitura do n\u00famero serial do cart\u00e3o \u00e9 disponibilizado com a leitora.<\/p>\n<p><strong>Operacional<\/strong><\/p>\n<p>&#8211; Alcance de leitura: 2 cm;<br \/>\n&#8211; Frequ\u00eancia de opera\u00e7\u00e3o: 13,56 MHz;<br \/>\n&#8211; Formato do cart\u00e3o: ISSO 14443A, Class, PRO.<\/p>\n<p><strong>Ambiente<\/strong><\/p>\n<p>&#8211; Temperatura de opera\u00e7\u00e3o: 0 ~ 60\u00ba Celcius;<br \/>\n&#8211; Umidade relativa de opera\u00e7\u00e3o: -10 ~ 90%.<\/p>\n<p><strong>El\u00e9trica<\/strong><\/p>\n<p>&#8211; Alimenta\u00e7\u00e3o: 5 VDC \/ 100 mA;<br \/>\n&#8211; Tens\u00e3o de opera\u00e7\u00e3o: 4.6 VDC \u00e0 5.4 VDC.<\/p>\n<p><strong>Medidas<\/strong><\/p>\n<p>&#8211; Dimens\u00f5es: 65 x 100 x 24.7 mm<\/p>\n","protected":false},"excerpt":{"rendered":"<p>L\u00ea cart\u00f5es e tagas contacteless.<br \/>\nSinal sonoro para indicar o status de leitura.<br \/>\nSistemas POS.<br \/>\nSistemas RFID.<\/p>\n","protected":false},"featured_media":102,"template":"","meta":{"_joinchat":[]},"product_cat":[18,16],"product_tag":[],"class_list":{"0":"post-42","1":"product","2":"type-product","3":"status-publish","4":"has-post-thumbnail","6":"product_cat-acessorios","7":"product_cat-controle-de-ponto","9":"first","10":"instock","11":"shipping-taxable","12":"purchasable","13":"product-type-simple"},"_links":{"self":[{"href":"https:\/\/acessopontotech.com.br\/index.php\/wp-json\/wp\/v2\/product\/42","targetHints":{"allow":["GET"]}}],"collection":[{"href":"https:\/\/acessopontotech.com.br\/index.php\/wp-json\/wp\/v2\/product"}],"about":[{"href":"https:\/\/acessopontotech.com.br\/index.php\/wp-json\/wp\/v2\/types\/product"}],"version-history":[{"count":0,"href":"https:\/\/acessopontotech.com.br\/index.php\/wp-json\/wp\/v2\/product\/42\/revisions"}],"wp:featuredmedia":[{"embeddable":true,"href":"https:\/\/acessopontotech.com.br\/index.php\/wp-json\/wp\/v2\/media\/102"}],"wp:attachment":[{"href":"https:\/\/acessopontotech.com.br\/index.php\/wp-json\/wp\/v2\/media?parent=42"}],"wp:term":[{"taxonomy":"product_cat","embeddable":true,"href":"https:\/\/acessopontotech.com.br\/index.php\/wp-json\/wp\/v2\/product_cat?post=42"},{"taxonomy":"product_tag","embeddable":true,"href":"https:\/\/acessopontotech.com.br\/index.php\/wp-json\/wp\/v2\/product_tag?post=42"}],"curies":[{"name":"wp","href":"https:\/\/api.w.org\/{rel}","templated":true}]}}